{"id":2647,"date":"2025-08-18T03:43:20","date_gmt":"2025-08-18T03:43:20","guid":{"rendered":"http:\/\/galaxybicycle.com\/?post_type=product&#038;p=2647"},"modified":"2025-09-02T10:05:25","modified_gmt":"2025-09-02T10:05:25","slug":"xc10","status":"publish","type":"product","link":"https:\/\/galaxybicycle.com\/de\/product\/xc10\/","title":{"rendered":"Galaxy XC10 Mountainbike f\u00fcr Erwachsene | 26\u2033 Alurahmen | 24 Gang Shimano mit hydraulischen Scheibenbremsen"},"content":{"rendered":"<p><strong>Galaxy XC10 Mountainbike f\u00fcr Erwachsene<\/strong> wurde f\u00fcr Fahrer entwickelt, die Leistung, Kontrolle und Haltbarkeit in einem Paket w\u00fcnschen. Ausgestattet mit einem <strong>26-Zoll x 17-Zoll-Leichtmetallrahmen<\/strong>, Dieses Fahrrad bietet eine ausgewogene Mischung aus St\u00e4rke und leichter Agilit\u00e4t f\u00fcr Bergabenteuer oder Fahrten in der Stadt. Das fortschrittliche <strong>Shimano 24-Gang-Schaltung<\/strong> sorgt f\u00fcr sanftes Schalten im Gel\u00e4nde, w\u00e4hrend das <strong>SUNTOUR XCT HLO Federgabel<\/strong> absorbiert St\u00f6\u00dfe und sorgt f\u00fcr Stabilit\u00e4t und Komfort auch auf unwegsamen Wegen.<\/p>\n<p>Die Bremskraft ist garantiert mit <strong>Hydraulische Scheibenbremsen Shimano MT200<\/strong>, und gibt Ihnen Sicherheit und Vertrauen bei allen Wetterbedingungen. Ausgestattet mit langlebigen <strong>CST 26\u2033x2.10\u2033 Reifen<\/strong> und <strong>Joytech Leichtmetall-Kassettennaben<\/strong>, Das Galaxy XC10 ist so gebaut, dass es geschmeidig rollt und anspruchsvolle Strecken mit Leichtigkeit bew\u00e4ltigt. Egal, ob Sie ein Anf\u00e4nger oder ein erfahrener Fahrer sind, dieses Mountainbike bietet die richtige Balance aus Kontrolle, Geschwindigkeit und Abenteuer.<\/p>\n<h3>Warum sollten Sie sich f\u00fcr das Galaxy XC10 entscheiden?<\/h3>\n<ul>\n<li><strong>Stabiler und leichter Aluminiumrahmen<\/strong> - Gebrauch: F\u00fcr Ausdauer und Beweglichkeit bei jeder Fahrt.<\/li>\n<li><strong>24-Gang-Shimano-Schaltung<\/strong> - sanftes, pr\u00e4zises Schalten in unterschiedlichem Terrain.<\/li>\n<li><strong>SUNTOUR XCT HLO Federgabel<\/strong> - sto\u00dfd\u00e4mpfendes Design f\u00fcr Komfort und Stabilit\u00e4t.<\/li>\n<li><strong>Hydraulische Scheibenbremsen<\/strong> - zuverl\u00e4ssige Bremskraft unter allen Bedingungen.<\/li>\n<li><strong>Langlebige Reifen und Naben<\/strong> - sowohl f\u00fcr Wanderwege als auch f\u00fcr st\u00e4dtische Stra\u00dfen geeignet.<\/li>\n<\/ul>\n<h3>Spezifikationen<\/h3>\n<table border=\"1\" cellspacing=\"0\" cellpadding=\"6\">\n<tbody>\n<tr>\n<th>Merkmal<\/th>\n<th>Einzelheiten<\/th>\n<\/tr>\n<tr>\n<td>Geschwindigkeiten<\/td>\n<td>24 Geschwindigkeit<\/td>\n<\/tr>\n<tr>\n<td>Rahmen<\/td>\n<td>26\u2033 x 17\u2033 Leichtmetallrahmen<\/td>\n<\/tr>\n<tr>\n<td>Gabel<\/td>\n<td>SUNTOUR XCT HLO Federgabel<\/td>\n<\/tr>\n<tr>\n<td>Getriebe<\/td>\n<td>Shimano SLM310-Schalthebel \/ FDTY500-Umwerfer \/ RDTX800-Schaltwerk \/ CSHG2008-Freilauf<\/td>\n<\/tr>\n<tr>\n<td>Bremssystem<\/td>\n<td>Shimano MT200 Hydraulische Scheibenbremse<\/td>\n<\/tr>\n<tr>\n<td>Reifen<\/td>\n<td>CST C-1747 26\u2033 x 2.10\u2033 Bereifung<\/td>\n<\/tr>\n<tr>\n<td>Drehkreuze<\/td>\n<td>Joytech Legierung Kassette Disc Nabe<\/td>\n<\/tr>\n<tr>\n<td>Kettenrad<\/td>\n<td>Shimano 24\/32\/42T Legierungskurbel<\/td>\n<\/tr>\n<tr>\n<td>Tretlagerset<\/td>\n<td>Lager B.B Satz<\/td>\n<\/tr>\n<\/tbody>\n<\/table>","protected":false},"excerpt":{"rendered":"<p>Mit dem Galaxy XC10 Mountainbike f\u00fcr Erwachsene kannst du jeden Trail mit Zuversicht angehen. Mit einem leichten 26\u2033-Legierungsrahmen, einer zuverl\u00e4ssigen 24-Gang-Shimano-Schaltung und reaktionsschnellen hydraulischen Scheibenbremsen ist dieses Bike f\u00fcr reibungslose, kraftvolle und abenteuerliche Fahrten konzipiert.<\/p>","protected":false},"featured_media":2648,"comment_status":"open","ping_status":"closed","template":"","meta":[],"product_brand":[34],"product_cat":[15],"product_tag":[],"class_list":{"0":"post-2647","1":"product","2":"type-product","3":"status-publish","4":"has-post-thumbnail","6":"product_brand-galaxy","7":"product_cat-galaxybicycle","9":"first","10":"instock","11":"shipping-taxable","12":"product-type-simple"},"_links":{"self":[{"href":"https:\/\/galaxybicycle.com\/de\/wp-json\/wp\/v2\/product\/2647","targetHints":{"allow":["GET"]}}],"collection":[{"href":"https:\/\/galaxybicycle.com\/de\/wp-json\/wp\/v2\/product"}],"about":[{"href":"https:\/\/galaxybicycle.com\/de\/wp-json\/wp\/v2\/types\/product"}],"replies":[{"embeddable":true,"href":"https:\/\/galaxybicycle.com\/de\/wp-json\/wp\/v2\/comments?post=2647"}],"wp:featuredmedia":[{"embeddable":true,"href":"https:\/\/galaxybicycle.com\/de\/wp-json\/wp\/v2\/media\/2648"}],"wp:attachment":[{"href":"https:\/\/galaxybicycle.com\/de\/wp-json\/wp\/v2\/media?parent=2647"}],"wp:term":[{"taxonomy":"product_brand","embeddable":true,"href":"https:\/\/galaxybicycle.com\/de\/wp-json\/wp\/v2\/product_brand?post=2647"},{"taxonomy":"product_cat","embeddable":true,"href":"https:\/\/galaxybicycle.com\/de\/wp-json\/wp\/v2\/product_cat?post=2647"},{"taxonomy":"product_tag","embeddable":true,"href":"https:\/\/galaxybicycle.com\/de\/wp-json\/wp\/v2\/product_tag?post=2647"}],"curies":[{"name":"wp","href":"https:\/\/api.w.org\/{rel}","templated":true}]}}