{"id":2641,"date":"2025-08-18T03:42:17","date_gmt":"2025-08-18T03:42:17","guid":{"rendered":"http:\/\/galaxybicycle.com\/?post_type=product&#038;p=2641"},"modified":"2025-09-02T10:10:06","modified_gmt":"2025-09-02T10:10:06","slug":"xc90","status":"publish","type":"product","link":"https:\/\/galaxybicycle.com\/de\/product\/xc90\/","title":{"rendered":"Galaxy XC90 Mountainbike f\u00fcr Erwachsene | 30 Gang Carbon Rahmen Shimano Hydraulische Scheibenbremse"},"content":{"rendered":"<p><strong>Galaxy XC90 Mountainbike f\u00fcr Erwachsene<\/strong> wurde f\u00fcr Fahrer entwickelt, die Leistung, St\u00e4rke und Geschwindigkeit verlangen. Gebaut mit einer \u00fcberlegenen Qualit\u00e4t <strong>26\u2033x16\u2033 Carbon-Rahmen<\/strong>, Dieses Bike ist stabil und dennoch leicht und eignet sich daher perfekt zum Klettern, f\u00fcr Trails und f\u00fcr technische Strecken. Das <strong>30-Gang-Shimano-Schaltung<\/strong> sorgt f\u00fcr sanftes und pr\u00e4zises Schalten, damit Sie in jeder Situation den richtigen Gang finden.<\/p>\n<p>Ausgestattet mit einem <strong>Magnesium Federgabel mit RL<\/strong>, Der Galaxy XC90 absorbiert St\u00f6\u00dfe effektiv und bietet Komfort und Stabilit\u00e4t auf felsigen, unebenen Strecken. Die <strong>Hydraulische Scheibenbremsen Shimano MT200<\/strong> bieten eine kraftvolle und reaktionsschnelle Bremsleistung und gew\u00e4hrleisten Sicherheit und Kontrolle unter allen Bedingungen - bei Regen und Sonnenschein. Der langlebige <strong>Maxxis 26\u2033x2.10\u2033-Reifen<\/strong> sorgen f\u00fcr exzellenten Grip und Traktion, w\u00e4hrend die Joytech-Lagernaben f\u00fcr eine reibungslose und effiziente Fahrt sorgen. Mit einer <strong>Prowheel 24\/32\/42T Leichtmetallkurbel<\/strong>, Dieses Mountainbike ist f\u00fcr Ausdauer, Pr\u00e4zision und Abenteuer gebaut.<\/p>\n<p>Egal, ob Sie ein erfahrener Mountainbiker oder ein Anf\u00e4nger auf der Suche nach einem zuverl\u00e4ssigen und professionellen Bike sind, das Galaxy XC90 ist Ihr perfekter Begleiter f\u00fcr die Erkundung von Trails, W\u00e4ldern und Bergen. Es vereint modernste Technologie, stilvolles Design und professionelle Komponenten in einer leistungsstarken Maschine.<\/p>\n<h3>Spezifikationen<\/h3>\n<table border=\"1\" cellspacing=\"0\" cellpadding=\"6\">\n<tbody>\n<tr>\n<th>Merkmal<\/th>\n<th>Einzelheiten<\/th>\n<\/tr>\n<tr>\n<td>Geschwindigkeiten<\/td>\n<td>30 Geschwindigkeit<\/td>\n<\/tr>\n<tr>\n<td>Rahmen<\/td>\n<td>26\u2033x16\u2033 Carbon Rahmen<\/td>\n<\/tr>\n<tr>\n<td>Gabel<\/td>\n<td>Alloy Crown Magnesium Federgabel mit RL<\/td>\n<\/tr>\n<tr>\n<td>Getriebe<\/td>\n<td>Shimano SLM610 Schalthebel \/ FDM611 Umwerfer \/ RDM610 Schaltwerk<\/td>\n<\/tr>\n<tr>\n<td>Bremssystem<\/td>\n<td>Shimano MT200 Hydraulische Scheibenbremse<\/td>\n<\/tr>\n<tr>\n<td>Reifen<\/td>\n<td>Maxxis 26\u2033x2.10\u2033<\/td>\n<\/tr>\n<tr>\n<td>Drehkreuze<\/td>\n<td>Joytech Leichtmetall-Lagerscheiben-Nabe<\/td>\n<\/tr>\n<tr>\n<td>Kettenrad<\/td>\n<td>Prowheel TEN-601-TT 24\/32\/42T Legierung Kurbel<\/td>\n<\/tr>\n<tr>\n<td>B.B. Satz<\/td>\n<td>Spiel mit Crank<\/td>\n<\/tr>\n<\/tbody>\n<\/table>\n<p><em>Das Galaxy XC90 - entwickelt f\u00fcr Fahrer, die Geschwindigkeit, Kontrolle und das ultimative Mountainbike-Erlebnis suchen.<\/em><\/p>","protected":false},"excerpt":{"rendered":"<p>Das Galaxy XC90 ist ein leistungsstarkes Mountainbike f\u00fcr Erwachsene mit einem leichten Carbonrahmen, einer 30-Gang-Shimano-Schaltung und leistungsstarken hydraulischen Scheibenbremsen f\u00fcr ultimative Kontrolle auf jedem Terrain.<\/p>","protected":false},"featured_media":2642,"comment_status":"open","ping_status":"closed","template":"","meta":[],"product_brand":[34],"product_cat":[15],"product_tag":[],"class_list":{"0":"post-2641","1":"product","2":"type-product","3":"status-publish","4":"has-post-thumbnail","6":"product_brand-galaxy","7":"product_cat-galaxybicycle","9":"first","10":"instock","11":"shipping-taxable","12":"product-type-simple"},"_links":{"self":[{"href":"https:\/\/galaxybicycle.com\/de\/wp-json\/wp\/v2\/product\/2641","targetHints":{"allow":["GET"]}}],"collection":[{"href":"https:\/\/galaxybicycle.com\/de\/wp-json\/wp\/v2\/product"}],"about":[{"href":"https:\/\/galaxybicycle.com\/de\/wp-json\/wp\/v2\/types\/product"}],"replies":[{"embeddable":true,"href":"https:\/\/galaxybicycle.com\/de\/wp-json\/wp\/v2\/comments?post=2641"}],"wp:featuredmedia":[{"embeddable":true,"href":"https:\/\/galaxybicycle.com\/de\/wp-json\/wp\/v2\/media\/2642"}],"wp:attachment":[{"href":"https:\/\/galaxybicycle.com\/de\/wp-json\/wp\/v2\/media?parent=2641"}],"wp:term":[{"taxonomy":"product_brand","embeddable":true,"href":"https:\/\/galaxybicycle.com\/de\/wp-json\/wp\/v2\/product_brand?post=2641"},{"taxonomy":"product_cat","embeddable":true,"href":"https:\/\/galaxybicycle.com\/de\/wp-json\/wp\/v2\/product_cat?post=2641"},{"taxonomy":"product_tag","embeddable":true,"href":"https:\/\/galaxybicycle.com\/de\/wp-json\/wp\/v2\/product_tag?post=2641"}],"curies":[{"name":"wp","href":"https:\/\/api.w.org\/{rel}","templated":true}]}}