{"id":2639,"date":"2025-08-18T03:41:58","date_gmt":"2025-08-18T03:41:58","guid":{"rendered":"http:\/\/galaxybicycle.com\/?post_type=product&#038;p=2639"},"modified":"2025-11-28T06:49:41","modified_gmt":"2025-11-28T06:49:41","slug":"rl800","status":"publish","type":"product","link":"https:\/\/galaxybicycle.com\/de\/product\/rl800\/","title":{"rendered":"Galaxy RL800 Adult Road Bike | 16 Speed Shimano 700C Alloy Frame Fahrrad"},"content":{"rendered":"<p>Die <strong>Galaxy RL800 Rennrad f\u00fcr Erwachsene<\/strong> wurde f\u00fcr Fahrer entwickelt, die Geschwindigkeit, Komfort und Pr\u00e4zision bei jeder Fahrt kombinieren wollen. Gebaut mit einer langlebigen <strong>700C x 48cm Leichtmetallrahmen<\/strong> und ein <strong>Leichtmetallgabel<\/strong>, Dieses Rennrad bietet sowohl St\u00e4rke als auch Agilit\u00e4t f\u00fcr ein reibungsloses Handling. Ausgestattet mit einem <strong>16-Gang-Shimano-Schaltung<\/strong>, k\u00f6nnen Sie problemlos zwischen den G\u00e4ngen wechseln, um H\u00fcgel zu erklimmen, auf flachen Strecken zu sprinten oder gleichm\u00e4\u00dfige Ausdauerfahrten zu absolvieren.<\/p>\n<p>Ausgestattet mit <strong>Alu-Felgenbremsen<\/strong>, Der RL800 bietet unter allen Bedingungen eine zuverl\u00e4ssige Bremsleistung. Sein <strong>CST C-1390 700C x 25C-Reifen<\/strong> bieten hervorragenden Grip und Stabilit\u00e4t auf asphaltierten Stra\u00dfen, w\u00e4hrend die <strong>Joytech Leichtmetallnaben<\/strong> und <strong>Kurbelgarnitur 42\/52T aus Aluminium<\/strong> die Gesamteffizienz beim Fahren zu verbessern. Egal, ob Sie trainieren, pendeln oder einfach nur eine Wochenendtour genie\u00dfen, das Galaxy RL800 wurde entwickelt, um jede Fahrt aufregend und komfortabel zu gestalten.<\/p>\n<h3>Spezifikationen<\/h3>\n<table border=\"1\" cellspacing=\"0\" cellpadding=\"8\">\n<tbody>\n<tr>\n<th>Merkmal<\/th>\n<th>Einzelheiten<\/th>\n<\/tr>\n<tr>\n<td>Geschwindigkeit<\/td>\n<td>16 Geschwindigkeit<\/td>\n<\/tr>\n<tr>\n<td>Rahmen<\/td>\n<td>700C x 48cm Leichtmetallrahmen<\/td>\n<\/tr>\n<tr>\n<td>Gabel<\/td>\n<td>Legierung Gabel<\/td>\n<\/tr>\n<tr>\n<td>Getriebe<\/td>\n<td>Shimano STR2000 Schalthebel \/ FDR2000 Umwerfer \/ RDR2000 Schaltwerk \/ KCSHG508 Freilauf<\/td>\n<\/tr>\n<tr>\n<td>Bremsen<\/td>\n<td>Bremssattel aus Aluminium<\/td>\n<\/tr>\n<tr>\n<td>Reifen<\/td>\n<td>CST C-1390 700C x 25C Reifen<\/td>\n<\/tr>\n<tr>\n<td>Drehkreuze<\/td>\n<td>Joytech Legierungsnabe<\/td>\n<\/tr>\n<tr>\n<td>Kurbelgarnitur<\/td>\n<td>42\/52Z Legierung Kurbel<\/td>\n<\/tr>\n<tr>\n<td>B.B. Satz<\/td>\n<td>Abgleich mit Kurbel<\/td>\n<\/tr>\n<\/tbody>\n<\/table>\n<p><em>Das Galaxy RL800 ist die perfekte Mischung aus Leistung, Haltbarkeit und Komfort. Egal, ob Sie Rennen fahren, trainieren oder einfach nur Spa\u00df haben - dieses mit Shimano ausgestattete Rennrad wird Ihren Radsport auf die n\u00e4chste Stufe bringen.<\/em><\/p>","protected":false},"excerpt":{"rendered":"<p>Das Galaxy RL800 ist ein leichtes 16-Gang-Rennrad mit einem 700C-Legierungsrahmen, einer Shimano-Schaltung und Alu-Bremszangen f\u00fcr eine schnellere und reibungslosere Fahrt. Perfekt f\u00fcr Rennradfans, die Leistung, Stil und Zuverl\u00e4ssigkeit suchen.<\/p>","protected":false},"featured_media":2640,"comment_status":"open","ping_status":"closed","template":"","meta":[],"product_brand":[34],"product_cat":[15],"product_tag":[],"class_list":{"0":"post-2639","1":"product","2":"type-product","3":"status-publish","4":"has-post-thumbnail","6":"product_brand-galaxy","7":"product_cat-galaxybicycle","9":"first","10":"instock","11":"shipping-taxable","12":"product-type-simple"},"_links":{"self":[{"href":"https:\/\/galaxybicycle.com\/de\/wp-json\/wp\/v2\/product\/2639","targetHints":{"allow":["GET"]}}],"collection":[{"href":"https:\/\/galaxybicycle.com\/de\/wp-json\/wp\/v2\/product"}],"about":[{"href":"https:\/\/galaxybicycle.com\/de\/wp-json\/wp\/v2\/types\/product"}],"replies":[{"embeddable":true,"href":"https:\/\/galaxybicycle.com\/de\/wp-json\/wp\/v2\/comments?post=2639"}],"wp:featuredmedia":[{"embeddable":true,"href":"https:\/\/galaxybicycle.com\/de\/wp-json\/wp\/v2\/media\/2640"}],"wp:attachment":[{"href":"https:\/\/galaxybicycle.com\/de\/wp-json\/wp\/v2\/media?parent=2639"}],"wp:term":[{"taxonomy":"product_brand","embeddable":true,"href":"https:\/\/galaxybicycle.com\/de\/wp-json\/wp\/v2\/product_brand?post=2639"},{"taxonomy":"product_cat","embeddable":true,"href":"https:\/\/galaxybicycle.com\/de\/wp-json\/wp\/v2\/product_cat?post=2639"},{"taxonomy":"product_tag","embeddable":true,"href":"https:\/\/galaxybicycle.com\/de\/wp-json\/wp\/v2\/product_tag?post=2639"}],"curies":[{"name":"wp","href":"https:\/\/api.w.org\/{rel}","templated":true}]}}