{"id":2636,"date":"2025-08-18T03:41:30","date_gmt":"2025-08-18T03:41:30","guid":{"rendered":"http:\/\/galaxybicycle.com\/?post_type=product&#038;p=2636"},"modified":"2025-09-02T10:09:16","modified_gmt":"2025-09-02T10:09:16","slug":"rl600-2","status":"publish","type":"product","link":"https:\/\/galaxybicycle.com\/de\/product\/rl600-2\/","title":{"rendered":"Galaxy RL600 Rennrad | 14 Gang Shimano Alloy Rahmen 700C Erwachsene Fahrrad"},"content":{"rendered":"<p><strong>Galaxy RL600 Rennrad<\/strong> wurde f\u00fcr Fahrer entwickelt, die ein zuverl\u00e4ssiges, schnelles und elegantes Rennrad f\u00fcr das t\u00e4gliche Training, die Fitness oder das Pendeln suchen. Der aerodynamische Rahmen aus 700C-Legierung sorgt f\u00fcr Langlebigkeit ohne Geschwindigkeitseinbu\u00dfen, w\u00e4hrend die 14-Gang-Schaltung von Shimano f\u00fcr reibungslose Schaltvorg\u00e4nge auf unterschiedlichem Terrain sorgt.<br \/>\nEgal, ob Sie ein Anf\u00e4nger sind, der in die Welt des Rennradfahrens einsteigt, oder ein erfahrener Fahrer, der ein zuverl\u00e4ssiges Fahrrad f\u00fcr die t\u00e4glichen Fahrten sucht, das RL600 bietet Komfort, Leistung und langlebige Qualit\u00e4t.<\/p>\n<p>Mit seinen Leichtmetallnaben, CST 700C Rennreifen und dem reaktionsschnellen Bremssystem sorgt dieses Rennrad f\u00fcr Kontrolle und Geschwindigkeit. Das Galaxy RL600 ist Ihr perfekter Begleiter, wenn Sie Ihre Fitness verbessern, lange Strecken fahren oder einfach den Nervenkitzel des Radfahrens genie\u00dfen m\u00f6chten.<\/p>\n<h3>Warum sollten Sie sich f\u00fcr das Galaxy RL600 entscheiden?<\/h3>\n<ul>\n<li><strong>Leichter Rahmen aus Aluminium<\/strong> - Langlebig und auf Geschwindigkeit und Beweglichkeit ausgelegt.<\/li>\n<li><strong>Shimano 14-Gang-Schaltung<\/strong> - Weiches und pr\u00e4zises Schalten unter allen Bedingungen.<\/li>\n<li><strong>Zuverl\u00e4ssige Bremsleistung<\/strong> - Die Alu-Bremszangen geben Ihnen die Kontrolle, wenn Sie sie am meisten brauchen.<\/li>\n<li><strong>Komfortable Fahrt<\/strong> - Die CST 700C x 25C Stra\u00dfenreifen bieten eine ausgewogene Mischung aus Grip und Effizienz.<\/li>\n<li><strong>Perfekt f\u00fcr Erwachsene<\/strong> - Ein professionelles Einsteiger-Rennrad, das sich f\u00fcr Training, Pendeln und Freizeit eignet.<\/li>\n<\/ul>\n<h3>Spezifikationen<\/h3>\n<table border=\"1\" cellspacing=\"0\" cellpadding=\"6\">\n<tbody>\n<tr>\n<th>Merkmal<\/th>\n<th>Einzelheiten<\/th>\n<\/tr>\n<tr>\n<td>Geschwindigkeit<\/td>\n<td>14 Geschwindigkeit<\/td>\n<\/tr>\n<tr>\n<td>Rahmen<\/td>\n<td>700C x 48CM Leichtmetallrahmen<\/td>\n<\/tr>\n<tr>\n<td>Gabel<\/td>\n<td>Stahlgabel<\/td>\n<\/tr>\n<tr>\n<td>Getriebe<\/td>\n<td>Shimano STA070 Schalthebel \/ FDA070 Umwerfer \/ RDA070 Schaltwerk \/ MFTZ500 Freilauf<\/td>\n<\/tr>\n<tr>\n<td>Bremse<\/td>\n<td>Bremssattel aus Aluminium<\/td>\n<\/tr>\n<tr>\n<td>Reifen<\/td>\n<td>CST C-1390 700C x 25C<\/td>\n<\/tr>\n<tr>\n<td>Drehkreuze<\/td>\n<td>Legierung Nabe<\/td>\n<\/tr>\n<tr>\n<td>Kettenrad<\/td>\n<td>42\/52Z Legierung Kurbel<\/td>\n<\/tr>\n<tr>\n<td>Tretlagerset<\/td>\n<td>Lager B.B Satz<\/td>\n<\/tr>\n<\/tbody>\n<\/table>","protected":false},"excerpt":{"rendered":"<p>Erleben Sie Geschwindigkeit, Stil und Leistung mit dem <em>Galaxy RL600 Rennrad f\u00fcr Erwachsene<\/em>. Mit seinem leichten Aluminiumrahmen, der 14-Gang-Schaltung von Shimano und den Pr\u00e4zisionsbremsen aus Aluminium ist dieses Fahrrad perfekt f\u00fcr Rennradfahrer, die auf der Suche nach einem reibungslosen Fahrverhalten und effizienter Handhabung sind.<\/p>","protected":false},"featured_media":2637,"comment_status":"open","ping_status":"closed","template":"","meta":[],"product_brand":[34],"product_cat":[15],"product_tag":[],"class_list":{"0":"post-2636","1":"product","2":"type-product","3":"status-publish","4":"has-post-thumbnail","6":"product_brand-galaxy","7":"product_cat-galaxybicycle","9":"first","10":"instock","11":"shipping-taxable","12":"product-type-simple"},"_links":{"self":[{"href":"https:\/\/galaxybicycle.com\/de\/wp-json\/wp\/v2\/product\/2636","targetHints":{"allow":["GET"]}}],"collection":[{"href":"https:\/\/galaxybicycle.com\/de\/wp-json\/wp\/v2\/product"}],"about":[{"href":"https:\/\/galaxybicycle.com\/de\/wp-json\/wp\/v2\/types\/product"}],"replies":[{"embeddable":true,"href":"https:\/\/galaxybicycle.com\/de\/wp-json\/wp\/v2\/comments?post=2636"}],"wp:featuredmedia":[{"embeddable":true,"href":"https:\/\/galaxybicycle.com\/de\/wp-json\/wp\/v2\/media\/2637"}],"wp:attachment":[{"href":"https:\/\/galaxybicycle.com\/de\/wp-json\/wp\/v2\/media?parent=2636"}],"wp:term":[{"taxonomy":"product_brand","embeddable":true,"href":"https:\/\/galaxybicycle.com\/de\/wp-json\/wp\/v2\/product_brand?post=2636"},{"taxonomy":"product_cat","embeddable":true,"href":"https:\/\/galaxybicycle.com\/de\/wp-json\/wp\/v2\/product_cat?post=2636"},{"taxonomy":"product_tag","embeddable":true,"href":"https:\/\/galaxybicycle.com\/de\/wp-json\/wp\/v2\/product_tag?post=2636"}],"curies":[{"name":"wp","href":"https:\/\/api.w.org\/{rel}","templated":true}]}}