{"id":2634,"date":"2025-08-18T03:41:01","date_gmt":"2025-08-18T03:41:01","guid":{"rendered":"http:\/\/galaxybicycle.com\/?post_type=product&#038;p=2634"},"modified":"2025-09-02T10:08:49","modified_gmt":"2025-09-02T10:08:49","slug":"tl860","status":"publish","type":"product","link":"https:\/\/galaxybicycle.com\/de\/product\/tl860\/","title":{"rendered":"Galaxy TL860 Adult Touring Bike | 27-Gang Shimano Alloy Frame Fahrrad"},"content":{"rendered":"<p><strong>Galaxy TL860 Erwachsenen-Tourenrad<\/strong> ist die perfekte Wahl f\u00fcr Fahrer, die gerne die offene Stra\u00dfe erkunden und neue Fahrradabenteuer erleben. Gebaut mit einer starken und dennoch leichten <em>700C x 17\u201d Leichtmetallrahmen<\/em>, Dieses Fahrrad vereint Geschwindigkeit, Haltbarkeit und Komfort in einem schlanken Design.<\/p>\n<p>Ausgestattet mit einem <strong>27-Gang-Shimano-Schaltung<\/strong>, Mit dem TL860 k\u00f6nnen Sie m\u00fchelos zwischen den G\u00e4ngen wechseln, um flache Autobahnen, Steigungen oder Abfahrten mit Leichtigkeit zu bew\u00e4ltigen. Seine <strong>Zoom Vollmetall-Federgabel mit MLO<\/strong> verbessert die Sto\u00dfd\u00e4mpfung und sorgt f\u00fcr ein ruhigeres und kontrollierteres Fahrverhalten, auch auf unebenem Untergrund.<\/p>\n<p>Sicherheit und Kontrolle haben oberste Priorit\u00e4t, deshalb ist der TL860 mit folgenden Funktionen ausgestattet <strong>Hydraulische Scheibenbremsen Shimano MT200<\/strong> die unter allen Wetterbedingungen eine starke Bremsleistung bieten. Der <strong>CST C-1446 700C x 40C-Reifen<\/strong> sorgen f\u00fcr exzellenten Grip und Stabilit\u00e4t, w\u00e4hrend Joytech-Scheibennaben einen reibungslosen Lauf der R\u00e4der auf langen Strecken gew\u00e4hrleisten.<\/p>\n<p>Ob Sie nun ein erfahrener Tourenfahrer oder ein Gelegenheitsfahrer auf der Suche nach Zuverl\u00e4ssigkeit sind, der <strong>Galaxy TL860<\/strong> wurde entwickelt, um herausragende Leistung, Komfort und Vielseitigkeit zu bieten. Vom Pendeln in der Stadt bis hin zu Abenteuern querfeldein - dieses Fahrrad ist bereit, Sie \u00fcberall hin zu begleiten, wo die Stra\u00dfe hinf\u00fchrt.<\/p>\n<h3>Spezifikationen<\/h3>\n<table border=\"1\" cellspacing=\"0\" cellpadding=\"8\">\n<tbody>\n<tr>\n<th>Merkmal<\/th>\n<th>Einzelheiten<\/th>\n<\/tr>\n<tr>\n<td>Geschwindigkeiten<\/td>\n<td>27 Geschwindigkeit<\/td>\n<\/tr>\n<tr>\n<td>Rahmen<\/td>\n<td>700C x 17\u2033 Leichtmetallrahmen<\/td>\n<\/tr>\n<tr>\n<td>Gabel<\/td>\n<td>Zoom Vollaluminium-Federgabel mit MLO<\/td>\n<\/tr>\n<tr>\n<td>Getriebe<\/td>\n<td>Shimano FDTY500 Umwerfer \/ RDM370 Schaltwerk \/ SLM2000 Schaltung \/ CSHG2009 Freilauf<\/td>\n<\/tr>\n<tr>\n<td>Bremssystem<\/td>\n<td>Shimano MT200 Hydraulische Scheibenbremse<\/td>\n<\/tr>\n<tr>\n<td>Reifen<\/td>\n<td>CST C-1446 700C x 40C<\/td>\n<\/tr>\n<tr>\n<td>Drehkreuze<\/td>\n<td>Joytech Scheiben-Nabe<\/td>\n<\/tr>\n<tr>\n<td>Kettenrad<\/td>\n<td>Shimano 24\/34\/42T Alu-Kurbel<\/td>\n<\/tr>\n<tr>\n<td>B.B. Satz<\/td>\n<td>Lager B.B. Satz<\/td>\n<\/tr>\n<\/tbody>\n<\/table>","protected":false},"excerpt":{"rendered":"<p>Das Galaxy TL860 ist ein leistungsstarkes Tourenrad f\u00fcr Erwachsene, das f\u00fcr Langstreckenkomfort und Abenteuer entwickelt wurde. Mit seinem leichten 700C-Legierungsrahmen, dem 27-Gang-Shimano-Antrieb und den hydraulischen Scheibenbremsen ist dieses Fahrrad sowohl f\u00fcr glatte Stra\u00dfen als auch f\u00fcr anspruchsvolles Terrain geeignet.<\/p>","protected":false},"featured_media":2635,"comment_status":"open","ping_status":"closed","template":"","meta":[],"product_brand":[34],"product_cat":[15],"product_tag":[],"class_list":{"0":"post-2634","1":"product","2":"type-product","3":"status-publish","4":"has-post-thumbnail","6":"product_brand-galaxy","7":"product_cat-galaxybicycle","9":"first","10":"instock","11":"shipping-taxable","12":"product-type-simple"},"_links":{"self":[{"href":"https:\/\/galaxybicycle.com\/de\/wp-json\/wp\/v2\/product\/2634","targetHints":{"allow":["GET"]}}],"collection":[{"href":"https:\/\/galaxybicycle.com\/de\/wp-json\/wp\/v2\/product"}],"about":[{"href":"https:\/\/galaxybicycle.com\/de\/wp-json\/wp\/v2\/types\/product"}],"replies":[{"embeddable":true,"href":"https:\/\/galaxybicycle.com\/de\/wp-json\/wp\/v2\/comments?post=2634"}],"wp:featuredmedia":[{"embeddable":true,"href":"https:\/\/galaxybicycle.com\/de\/wp-json\/wp\/v2\/media\/2635"}],"wp:attachment":[{"href":"https:\/\/galaxybicycle.com\/de\/wp-json\/wp\/v2\/media?parent=2634"}],"wp:term":[{"taxonomy":"product_brand","embeddable":true,"href":"https:\/\/galaxybicycle.com\/de\/wp-json\/wp\/v2\/product_brand?post=2634"},{"taxonomy":"product_cat","embeddable":true,"href":"https:\/\/galaxybicycle.com\/de\/wp-json\/wp\/v2\/product_cat?post=2634"},{"taxonomy":"product_tag","embeddable":true,"href":"https:\/\/galaxybicycle.com\/de\/wp-json\/wp\/v2\/product_tag?post=2634"}],"curies":[{"name":"wp","href":"https:\/\/api.w.org\/{rel}","templated":true}]}}