{"id":2630,"date":"2025-08-18T03:40:22","date_gmt":"2025-08-18T03:40:22","guid":{"rendered":"http:\/\/galaxybicycle.com\/?post_type=product&#038;p=2630"},"modified":"2025-09-02T08:33:16","modified_gmt":"2025-09-02T08:33:16","slug":"m300e","status":"publish","type":"product","link":"https:\/\/galaxybicycle.com\/de\/product\/m300e\/","title":{"rendered":"Velopro M300E Long-Range Commuter High-Step eBike | 27.5\u2033 Shimano 21-Gang Elektrofahrrad"},"content":{"rendered":"<p>Treffen Sie die <strong>Velopro M300E Langstrecken-Pendler-E-Bike<\/strong>, Ihr idealer Partner f\u00fcr das t\u00e4gliche Pendeln und Wochenendabenteuer. Der robuste Rahmen aus 6061er Aluminium und die reaktionsfreudige Zoom-Federgabel sorgen f\u00fcr Stabilit\u00e4t und Komfort sowohl in der Stadt als auch auf leichten Trails.<\/p>\n<p>Ausgestattet mit einem <strong>Bafang 36V 250W Heckmotor<\/strong> und eine <strong>36V 10.4Ah Akku<\/strong>, Dieses Elektrofahrrad bietet eine konstante Leistungsunterst\u00fctzung f\u00fcr l\u00e4ngere Fahrten und hilft Ihnen, H\u00fcgel zu \u00fcberwinden und l\u00e4ngere Fahrten zu genie\u00dfen, ohne ins Schwitzen zu kommen. Das <strong>Shimano 21-Gang-Kettenschaltung<\/strong> gibt Ihnen vielseitige Kontrolle, egal ob Sie eine gleichm\u00e4\u00dfige Reisegeschwindigkeit oder zus\u00e4tzliche Steigleistung ben\u00f6tigen.<\/p>\n<p>Sicherheit wird gro\u00dfgeschrieben mit <strong>Logan mechanische Scheibenbremsen<\/strong> f\u00fcr zuverl\u00e4ssige Bremskraft unter allen Bedingungen, w\u00e4hrend die <strong>CST-Reifen 27,5\u201d x 1,95<\/strong> bieten hervorragenden Halt und Komfort. Auf dem gut ablesbaren LCD-Display k\u00f6nnen Sie Geschwindigkeit, Akkulaufzeit und Unterst\u00fctzungsstufen auf einen Blick ablesen.<\/p>\n<p>Wenn Sie nach einem <strong>zuverl\u00e4ssiges, elegantes eBike mit gro\u00dfer Reichweite f\u00fcr Pendler<\/strong> der ein ausgewogenes Verh\u00e4ltnis zwischen Erschwinglichkeit und Leistung bietet, ist der Velopro M300E Ihre erste Wahl. Fahren Sie weiter, fahren Sie intelligenter, und machen Sie jede Fahrt zum Vergn\u00fcgen.<\/p>\n<h2>Spezifikationen<\/h2>\n<table border=\"1\" cellspacing=\"0\" cellpadding=\"6\">\n<tbody>\n<tr>\n<th>Komponente<\/th>\n<th>Einzelheiten<\/th>\n<\/tr>\n<tr>\n<td>Rahmen<\/td>\n<td>Aluminium 6061#, 27,5 x 470mm High-Step<\/td>\n<\/tr>\n<tr>\n<td>Gabel<\/td>\n<td>Zoom 27.5\u2033 Alloy Crown Federgabel mit HLO<\/td>\n<\/tr>\n<tr>\n<td>Schaltwerk<\/td>\n<td>Shimano 21 G\u00e4nge<\/td>\n<\/tr>\n<tr>\n<td>Bremse<\/td>\n<td>Logan Mechanische Scheibenbremse<\/td>\n<\/tr>\n<tr>\n<td>Bereifung<\/td>\n<td>CST 27.5\u2033 (650B) x 1.95<\/td>\n<\/tr>\n<tr>\n<td>Anzeige<\/td>\n<td>LCD<\/td>\n<\/tr>\n<tr>\n<td>Motor<\/td>\n<td>Bafang Heckmotor 36V x 250W<\/td>\n<\/tr>\n<tr>\n<td>Batterie<\/td>\n<td>36V 10.4Ah (chinesische Batterie)<\/td>\n<\/tr>\n<\/tbody>\n<\/table>","protected":false},"excerpt":{"rendered":"<p>Das Velopro M300E wurde f\u00fcr Fahrer entwickelt, die zuverl\u00e4ssige Leistung, Komfort und Reichweite w\u00fcnschen. Ausgestattet mit einem 27,5\u201d-Rahmen mit hoher Steigung, einer 21-Gang-Schaltung von Shimano und einem leistungsstarken Bafang-Heckmotor macht dieses eBike f\u00fcr Pendler Fahrten in der Stadt und lange Fahrten reibungslos, effizient und angenehm.<\/p>","protected":false},"featured_media":2631,"comment_status":"open","ping_status":"closed","template":"","meta":[],"product_brand":[35],"product_cat":[31,27,38],"product_tag":[],"class_list":{"0":"post-2630","1":"product","2":"type-product","3":"status-publish","4":"has-post-thumbnail","6":"product_brand-velopro","7":"product_cat-mountain-ebike","8":"product_cat-city-ebike","9":"product_cat-velopro-electric-bikes","11":"first","12":"instock","13":"shipping-taxable","14":"product-type-simple"},"_links":{"self":[{"href":"https:\/\/galaxybicycle.com\/de\/wp-json\/wp\/v2\/product\/2630","targetHints":{"allow":["GET"]}}],"collection":[{"href":"https:\/\/galaxybicycle.com\/de\/wp-json\/wp\/v2\/product"}],"about":[{"href":"https:\/\/galaxybicycle.com\/de\/wp-json\/wp\/v2\/types\/product"}],"replies":[{"embeddable":true,"href":"https:\/\/galaxybicycle.com\/de\/wp-json\/wp\/v2\/comments?post=2630"}],"wp:featuredmedia":[{"embeddable":true,"href":"https:\/\/galaxybicycle.com\/de\/wp-json\/wp\/v2\/media\/2631"}],"wp:attachment":[{"href":"https:\/\/galaxybicycle.com\/de\/wp-json\/wp\/v2\/media?parent=2630"}],"wp:term":[{"taxonomy":"product_brand","embeddable":true,"href":"https:\/\/galaxybicycle.com\/de\/wp-json\/wp\/v2\/product_brand?post=2630"},{"taxonomy":"product_cat","embeddable":true,"href":"https:\/\/galaxybicycle.com\/de\/wp-json\/wp\/v2\/product_cat?post=2630"},{"taxonomy":"product_tag","embeddable":true,"href":"https:\/\/galaxybicycle.com\/de\/wp-json\/wp\/v2\/product_tag?post=2630"}],"curies":[{"name":"wp","href":"https:\/\/api.w.org\/{rel}","templated":true}]}}