{"id":2626,"date":"2025-08-18T03:39:37","date_gmt":"2025-08-18T03:39:37","guid":{"rendered":"http:\/\/galaxybicycle.com\/?post_type=product&#038;p=2626"},"modified":"2025-09-02T09:05:13","modified_gmt":"2025-09-02T09:05:13","slug":"m700e","status":"publish","type":"product","link":"https:\/\/galaxybicycle.com\/de\/product\/m700e\/","title":{"rendered":"Velopro M700E Long-Range Commuter High-Step eBike | 27.5\u2033 Shimano 8-Gang Elektrofahrrad"},"content":{"rendered":"<p><strong>Velopro M700E Langstrecken-Pendler eBike mit hoher Steigung<\/strong> wurde f\u00fcr Fahrer entwickelt, die Wert auf Leistung, Komfort und Stil legen. Ob Sie zur Arbeit pendeln, Besorgungen machen oder Wochenendausfl\u00fcge genie\u00dfen, dieses Elektrofahrrad kombiniert moderne Technologie mit solider Konstruktion, um jede Fahrt angenehm und stressfrei zu gestalten.<\/p>\n<p>Sein geringes Gewicht <strong>Rahmen aus 6061er Aluminiumlegierung<\/strong> sorgt f\u00fcr Langlebigkeit und gleichzeitig f\u00fcr ein einfaches Handling. Die <strong>ZOOM Federgabel mit Krone aus Aluminium<\/strong> absorbiert Unebenheiten und Fahrbahnunebenheiten und sorgt f\u00fcr eine ruhige Fahrt. Ausgestattet mit einem <strong>Shimano 8-Gang-Kettenschaltung<\/strong>, Mit dem M700E k\u00f6nnen Sie sich schnell an wechselndes Terrain anpassen - egal, ob es sich um eine flache Stadtstra\u00dfe oder einen h\u00fcgeligen Weg handelt.<\/p>\n<p>F\u00fcr eine sichere und reaktionsschnelle Bremsleistung bietet das Fahrrad <strong>ZOOM mechanische Scheibenbremsen<\/strong>, Das gibt Ihnen Sicherheit bei allen Wetterbedingungen. Die <strong>CST-Reifen 27,5\u201d x 2,35<\/strong> bieten exzellenten Grip und Stabilit\u00e4t und eignen sich sowohl f\u00fcr befestigte Stra\u00dfen als auch f\u00fcr leichte Trails. Der <strong>Hinterradnabenmotor (36V 250W)<\/strong> gibt Ihnen bei Bedarf einen zus\u00e4tzlichen Schub, angetrieben von einem <strong>36V 10.4Ah Akku<\/strong> die Langstreckenfahrten unterst\u00fctzt.<\/p>\n<p>Die <strong>LCD-Anzeige<\/strong> h\u00e4lt Sie mit Echtzeit-Updates \u00fcber Geschwindigkeit, Akkulaufzeit und Fahrmodus auf dem Laufenden und sorgt daf\u00fcr, dass Sie w\u00e4hrend Ihrer Fahrt die Kontrolle behalten. Das Velopro M700E ist eine ideale Mischung aus Leistung, Ausdauer und Alltagstauglichkeit.<\/p>\n<h3>Spezifikationen<\/h3>\n<table border=\"1\" cellspacing=\"0\" cellpadding=\"6\">\n<tbody>\n<tr>\n<th>Merkmal<\/th>\n<th>Einzelheiten<\/th>\n<\/tr>\n<tr>\n<td>Rahmen<\/td>\n<td>Aluminium-Legierung 6061#, 27,5 x 18\u2033.<\/td>\n<\/tr>\n<tr>\n<td>Gabel<\/td>\n<td>ZOOM 27.5\u2033 Alloy Crown Federgabel mit HLO<\/td>\n<\/tr>\n<tr>\n<td>Schaltwerk<\/td>\n<td>Shimano 8 G\u00e4nge<\/td>\n<\/tr>\n<tr>\n<td>Bremsen<\/td>\n<td>ZOOM Mechanische Scheibenbremse<\/td>\n<\/tr>\n<tr>\n<td>Reifen<\/td>\n<td>CST 27,5\u2033 x 2,35<\/td>\n<\/tr>\n<tr>\n<td>Anzeige<\/td>\n<td>LCD-Bildschirm<\/td>\n<\/tr>\n<tr>\n<td>Motor<\/td>\n<td>Hinterradnabenmotor 36V 250W<\/td>\n<\/tr>\n<tr>\n<td>Batterie<\/td>\n<td>36V 10.4Ah (chinesische Batterie)<\/td>\n<\/tr>\n<\/tbody>\n<\/table>","protected":false},"excerpt":{"rendered":"<p>Das Velopro M700E ist ein zuverl\u00e4ssiges Pendler-E-Bike mit gro\u00dfer Reichweite, das f\u00fcr reibungslose Fahrten auf den Stra\u00dfen der Stadt und dar\u00fcber hinaus entwickelt wurde. Mit seinem hochstufigen Aluminiumrahmen, der Shimano 8-Gang-Schaltung, der Federgabel und dem leistungsstarken 36-V-Motor ist es f\u00fcr Komfort, Kontrolle und allt\u00e4gliche Abenteuer ausgelegt.<\/p>","protected":false},"featured_media":2627,"comment_status":"open","ping_status":"closed","template":"","meta":[],"product_brand":[35],"product_cat":[27,31,38],"product_tag":[],"class_list":{"0":"post-2626","1":"product","2":"type-product","3":"status-publish","4":"has-post-thumbnail","6":"product_brand-velopro","7":"product_cat-city-ebike","8":"product_cat-mountain-ebike","9":"product_cat-velopro-electric-bikes","11":"first","12":"instock","13":"shipping-taxable","14":"product-type-simple"},"_links":{"self":[{"href":"https:\/\/galaxybicycle.com\/de\/wp-json\/wp\/v2\/product\/2626","targetHints":{"allow":["GET"]}}],"collection":[{"href":"https:\/\/galaxybicycle.com\/de\/wp-json\/wp\/v2\/product"}],"about":[{"href":"https:\/\/galaxybicycle.com\/de\/wp-json\/wp\/v2\/types\/product"}],"replies":[{"embeddable":true,"href":"https:\/\/galaxybicycle.com\/de\/wp-json\/wp\/v2\/comments?post=2626"}],"wp:featuredmedia":[{"embeddable":true,"href":"https:\/\/galaxybicycle.com\/de\/wp-json\/wp\/v2\/media\/2627"}],"wp:attachment":[{"href":"https:\/\/galaxybicycle.com\/de\/wp-json\/wp\/v2\/media?parent=2626"}],"wp:term":[{"taxonomy":"product_brand","embeddable":true,"href":"https:\/\/galaxybicycle.com\/de\/wp-json\/wp\/v2\/product_brand?post=2626"},{"taxonomy":"product_cat","embeddable":true,"href":"https:\/\/galaxybicycle.com\/de\/wp-json\/wp\/v2\/product_cat?post=2626"},{"taxonomy":"product_tag","embeddable":true,"href":"https:\/\/galaxybicycle.com\/de\/wp-json\/wp\/v2\/product_tag?post=2626"}],"curies":[{"name":"wp","href":"https:\/\/api.w.org\/{rel}","templated":true}]}}