{"id":2624,"date":"2025-08-18T03:39:16","date_gmt":"2025-08-18T03:39:16","guid":{"rendered":"http:\/\/galaxybicycle.com\/?post_type=product&#038;p=2624"},"modified":"2025-09-02T09:04:15","modified_gmt":"2025-09-02T09:04:15","slug":"m800e","status":"publish","type":"product","link":"https:\/\/galaxybicycle.com\/de\/product\/m800e\/","title":{"rendered":"Velopro M800E All-Terrain Fat Tire Elektrofahrrad | 26\u2033 x 4.0\u2033 Adventure eBike"},"content":{"rendered":"<p><strong>Velopro M800E All-Terrain Abenteuer eBike<\/strong> wurde entwickelt, um Sie \u00fcber die Grenzen des normalen Radfahrens hinaus zu bringen. Ganz gleich, ob Sie raue Pfade, Sandstr\u00e4nde oder verschneite Wege erkunden, dieses E-Bike mit gro\u00dfen Reifen bietet Stabilit\u00e4t, Grip und Power bei jeder Fahrt. Ausgestattet mit einem zuverl\u00e4ssigen <strong>Bafang 36V 250W Heckmotor<\/strong> und eine <strong>36V 10.4Ah Akku<\/strong>, Er bietet ein perfektes Gleichgewicht zwischen Leistung und Effizienz f\u00fcr t\u00e4gliche Fahrten und Wochenendausfl\u00fcge.<\/p>\n<p>Der starke <strong>Rahmen aus 6061er Aluminiumlegierung<\/strong> ist mit einer robusten Stahlgabel gepaart, die Ihnen auf unebenem Gel\u00e4nde Sicherheit gibt. Breit <strong>Chaoyang 26\u00d74.0\u201d fette Reifen<\/strong> verbessern die Traktion und absorbieren St\u00f6\u00dfe und sorgen f\u00fcr Komfort auf jedem Untergrund. Mit <strong>Shimano 8-Gang-Getriebe<\/strong>, Der Fahrer kann sich problemlos an flache Stra\u00dfen in der Stadt oder steile Anstiege im Gel\u00e4nde anpassen. Die Bremskraft wird von <strong>Zoom mechanische Scheibenbremsen<\/strong>, und bietet eine konstante Kontrolle bei allen Wetterbedingungen.<\/p>\n<p>F\u00fcr zus\u00e4tzlichen Komfort sorgt die <strong>LCD-Anzeige<\/strong> h\u00e4lt Sie \u00fcber Geschwindigkeit, Entfernung und Akkulaufzeit auf dem Laufenden und erleichtert so die Planung Ihrer Fahrten. Egal, ob Sie Pendler, Entdecker oder Wochenendausfl\u00fcgler sind, das Velopro M800E ist Ihr zuverl\u00e4ssiger Partner f\u00fcr Abenteuer in jedem Gel\u00e4nde.<\/p>\n<h3>Spezifikationen<\/h3>\n<table border=\"1\" cellspacing=\"0\" cellpadding=\"6\">\n<tbody>\n<tr>\n<th>Merkmal<\/th>\n<th>Einzelheiten<\/th>\n<\/tr>\n<tr>\n<td>Rahmen<\/td>\n<td>6061-Aluminium-Legierung, 26 x 457mm<\/td>\n<\/tr>\n<tr>\n<td>Gabel<\/td>\n<td>26\u201d Stahlgabel<\/td>\n<\/tr>\n<tr>\n<td>Schaltwerk<\/td>\n<td>Shimano 8 G\u00e4nge<\/td>\n<\/tr>\n<tr>\n<td>Bremsen<\/td>\n<td>Zoom Mechanische Scheibenbremsen<\/td>\n<\/tr>\n<tr>\n<td>Bereifung<\/td>\n<td>Chaoyang 26\u201d x 4.0\u201d Fett-Reifen<\/td>\n<\/tr>\n<tr>\n<td>Anzeige<\/td>\n<td>LCD-Anzeige<\/td>\n<\/tr>\n<tr>\n<td>Motor<\/td>\n<td>36V 250W Hinterradnabenmotor<\/td>\n<\/tr>\n<tr>\n<td>Batterie<\/td>\n<td>36V 10.4Ah Lithium-Akku<\/td>\n<\/tr>\n<\/tbody>\n<\/table>","protected":false},"excerpt":{"rendered":"<p>Erobern Sie jeden Trail mit dem Velopro M800E All-Terrain eBike. Mit seinem leichten Aluminiumrahmen, den dicken 26 \u201dx4.0\u201d-Reifen und der Shimano 8-Gang-Schaltung ist dieses leistungsstarke E-Bike f\u00fcr Pendler und Abenteurer eine Kombination aus Komfort, Kontrolle und Ausdauer f\u00fcr Fahrer, die die Natur lieben.<\/p>","protected":false},"featured_media":2625,"comment_status":"open","ping_status":"closed","template":"","meta":[],"product_brand":[35],"product_cat":[28,31,38],"product_tag":[],"class_list":{"0":"post-2624","1":"product","2":"type-product","3":"status-publish","4":"has-post-thumbnail","6":"product_brand-velopro","7":"product_cat-fat-tire-ebike","8":"product_cat-mountain-ebike","9":"product_cat-velopro-electric-bikes","11":"first","12":"instock","13":"shipping-taxable","14":"product-type-simple"},"_links":{"self":[{"href":"https:\/\/galaxybicycle.com\/de\/wp-json\/wp\/v2\/product\/2624","targetHints":{"allow":["GET"]}}],"collection":[{"href":"https:\/\/galaxybicycle.com\/de\/wp-json\/wp\/v2\/product"}],"about":[{"href":"https:\/\/galaxybicycle.com\/de\/wp-json\/wp\/v2\/types\/product"}],"replies":[{"embeddable":true,"href":"https:\/\/galaxybicycle.com\/de\/wp-json\/wp\/v2\/comments?post=2624"}],"wp:featuredmedia":[{"embeddable":true,"href":"https:\/\/galaxybicycle.com\/de\/wp-json\/wp\/v2\/media\/2625"}],"wp:attachment":[{"href":"https:\/\/galaxybicycle.com\/de\/wp-json\/wp\/v2\/media?parent=2624"}],"wp:term":[{"taxonomy":"product_brand","embeddable":true,"href":"https:\/\/galaxybicycle.com\/de\/wp-json\/wp\/v2\/product_brand?post=2624"},{"taxonomy":"product_cat","embeddable":true,"href":"https:\/\/galaxybicycle.com\/de\/wp-json\/wp\/v2\/product_cat?post=2624"},{"taxonomy":"product_tag","embeddable":true,"href":"https:\/\/galaxybicycle.com\/de\/wp-json\/wp\/v2\/product_tag?post=2624"}],"curies":[{"name":"wp","href":"https:\/\/api.w.org\/{rel}","templated":true}]}}