{"id":2622,"date":"2025-08-18T03:38:58","date_gmt":"2025-08-18T03:38:58","guid":{"rendered":"http:\/\/galaxybicycle.com\/?post_type=product&#038;p=2622"},"modified":"2025-09-02T09:03:30","modified_gmt":"2025-09-02T09:03:30","slug":"m900e","status":"publish","type":"product","link":"https:\/\/galaxybicycle.com\/de\/product\/m900e\/","title":{"rendered":"Velopro M900E Langstrecken-Pendler eBike mit hoher Steigung | 27,5\u2033-Laufr\u00e4der, 10-Gang Shimano, hydraulische Scheibenbremsen"},"content":{"rendered":"<p><strong>Velopro M900E Langstrecken-Pendler eBike mit hoher Steigung<\/strong> wurde entwickelt, um Ihnen die perfekte Mischung aus Leistung, Komfort und Kontrolle zu bieten. Die 27,5-Zoll-Laufr\u00e4der mit CST-Reifen sorgen f\u00fcr hervorragende Stabilit\u00e4t, w\u00e4hrend die Suntour-Federgabel mit Alu-Krone raue Wege gl\u00e4ttet. Ausgestattet mit einem <strong>BAFANG 36V 250W Heckmotor<\/strong>, Mit seiner zuverl\u00e4ssigen Unterst\u00fctzung lassen sich Steigungen und lange Fahrten m\u00fchelos bew\u00e4ltigen.<\/p>\n<p>Dieses eBike wird angetrieben von einem <strong>36V 10.4Ah Lithium-Batterie<\/strong> der Sie auch bei langen Fahrten nicht im Stich l\u00e4sst und den Bedarf an h\u00e4ufigem Aufladen reduziert. Mit <strong>Shimano 10-Gang-Getriebe<\/strong>, k\u00f6nnen Sie sich problemlos an unterschiedliche Gel\u00e4ndeformen anpassen, egal ob Sie durch die Stadt fahren oder h\u00fcgelige Strecken bew\u00e4ltigen. Die <strong>Zoom hydraulische Scheibenbremsen<\/strong> gew\u00e4hrleisten eine sichere und reaktionsschnelle Bremsleistung unter allen Bedingungen.<\/p>\n<p>Egal, ob Sie zur Arbeit pendeln, Besorgungen machen oder neue Wege erkunden, das Velopro M900E ist so gebaut, dass es Sie auf jeder Reise mit Komfort, Leistung und Zuverl\u00e4ssigkeit begleitet.<\/p>\n<h3>Spezifikationen<\/h3>\n<table border=\"1\" cellspacing=\"0\" cellpadding=\"6\">\n<tbody>\n<tr>\n<th>Merkmal<\/th>\n<th>Spezifikation<\/th>\n<\/tr>\n<tr>\n<td>Rahmen<\/td>\n<td>AL, 6061#, 27,5*500MM<\/td>\n<\/tr>\n<tr>\n<td>Gabel<\/td>\n<td>Suntour 27.5\u2033 Alloy Crown Federgabel mit HLO<\/td>\n<\/tr>\n<tr>\n<td>Schaltwerk<\/td>\n<td>Shimano 10 G\u00e4nge<\/td>\n<\/tr>\n<tr>\n<td>Bremsen<\/td>\n<td>Zoom Hydraulische Scheibenbremsen<\/td>\n<\/tr>\n<tr>\n<td>Reifen<\/td>\n<td>CST 27,5\u2033 x 2,35<\/td>\n<\/tr>\n<tr>\n<td>Anzeige<\/td>\n<td>LCD<\/td>\n<\/tr>\n<tr>\n<td>Motor<\/td>\n<td>Bafang Heckmotor 36V*250W<\/td>\n<\/tr>\n<tr>\n<td>Batterie<\/td>\n<td>36V*10.4Ah Lithium-Batterie<\/td>\n<\/tr>\n<\/tbody>\n<\/table>","protected":false},"excerpt":{"rendered":"<p>Das Velopro M900E wurde f\u00fcr Fahrer entwickelt, die jeden Tag eine reibungslose, leistungsstarke und effiziente Fahrt w\u00fcnschen. Mit einem Bafang-Hinterradmotor, einem langlebigen Akku, einer Shimano 10-Gang-Schaltung und hydraulischen Scheibenbremsen ist dieses eBike f\u00fcr Pendler perfekt f\u00fcr Langstreckenfahrten und den t\u00e4glichen Arbeitsweg.<\/p>","protected":false},"featured_media":2623,"comment_status":"open","ping_status":"closed","template":"","meta":[],"product_brand":[35],"product_cat":[27,31,38],"product_tag":[],"class_list":{"0":"post-2622","1":"product","2":"type-product","3":"status-publish","4":"has-post-thumbnail","6":"product_brand-velopro","7":"product_cat-city-ebike","8":"product_cat-mountain-ebike","9":"product_cat-velopro-electric-bikes","11":"first","12":"instock","13":"shipping-taxable","14":"product-type-simple"},"_links":{"self":[{"href":"https:\/\/galaxybicycle.com\/de\/wp-json\/wp\/v2\/product\/2622","targetHints":{"allow":["GET"]}}],"collection":[{"href":"https:\/\/galaxybicycle.com\/de\/wp-json\/wp\/v2\/product"}],"about":[{"href":"https:\/\/galaxybicycle.com\/de\/wp-json\/wp\/v2\/types\/product"}],"replies":[{"embeddable":true,"href":"https:\/\/galaxybicycle.com\/de\/wp-json\/wp\/v2\/comments?post=2622"}],"wp:featuredmedia":[{"embeddable":true,"href":"https:\/\/galaxybicycle.com\/de\/wp-json\/wp\/v2\/media\/2623"}],"wp:attachment":[{"href":"https:\/\/galaxybicycle.com\/de\/wp-json\/wp\/v2\/media?parent=2622"}],"wp:term":[{"taxonomy":"product_brand","embeddable":true,"href":"https:\/\/galaxybicycle.com\/de\/wp-json\/wp\/v2\/product_brand?post=2622"},{"taxonomy":"product_cat","embeddable":true,"href":"https:\/\/galaxybicycle.com\/de\/wp-json\/wp\/v2\/product_cat?post=2622"},{"taxonomy":"product_tag","embeddable":true,"href":"https:\/\/galaxybicycle.com\/de\/wp-json\/wp\/v2\/product_tag?post=2622"}],"curies":[{"name":"wp","href":"https:\/\/api.w.org\/{rel}","templated":true}]}}