{"id":2606,"date":"2025-08-18T03:36:07","date_gmt":"2025-08-18T03:36:07","guid":{"rendered":"http:\/\/galaxybicycle.com\/?post_type=product&#038;p=2606"},"modified":"2025-09-02T09:09:26","modified_gmt":"2025-09-02T09:09:26","slug":"c200e","status":"publish","type":"product","link":"https:\/\/galaxybicycle.com\/de\/product\/c200e\/","title":{"rendered":"Velopro C200E Long-Range Commuter Step-Thru eBike | Komfortables &amp; zuverl\u00e4ssiges Elektrofahrrad"},"content":{"rendered":"<p>Entdecken Sie eine intelligentere Art zu pendeln mit dem <strong>Velopro C200E eBike mit gro\u00dfer Reichweite und Stufenschaltung<\/strong>. Perfekt gebaut f\u00fcr Fahrer, die Komfort und Bequemlichkeit zu sch\u00e4tzen wissen, macht dieses Elektrofahrrad die t\u00e4glichen Fahrten reibungsloser und angenehmer. Sein <em>Durchstiegsrahmenkonstruktion<\/em> erm\u00f6glicht ein einfaches Auf- und Absteigen und ist damit ideal f\u00fcr Pendler, Gelegenheitsfahrer und alle, die ein stressfreies Radfahrerlebnis w\u00fcnschen.<\/p>\n<p>Ausgestattet mit einem <strong>BAFANG 36V 250W Frontmotor<\/strong> und ein verl\u00e4sslicher <strong>36V 10.4Ah Akku<\/strong>, Der C200E bietet eine konstante Leistung f\u00fcr Langstreckenfahrten und ist gleichzeitig effizient und umweltfreundlich. Das <strong>Shimano 7-Gang-Schaltung<\/strong> sorgt f\u00fcr sanftes Schalten auf unterschiedlichem Terrain, w\u00e4hrend das <strong>Zoom Alu-Federgabel mit MLO<\/strong> bietet bessere Kontrolle und Komfort bei Unebenheiten.<\/p>\n<p>F\u00fcr den t\u00e4glichen Gebrauch in der Stadt ist der <strong>Tektro V-Bremsen<\/strong> bieten zuverl\u00e4ssige Bremskraft, und die <strong>CST-Reifen 700x40C<\/strong> bieten sowohl auf befestigten als auch auf leicht rauen Oberfl\u00e4chen hervorragenden Grip und Stabilit\u00e4t. Die intuitive <strong>LCD-Anzeige<\/strong> h\u00e4lt Sie \u00fcber Geschwindigkeit, Batteriestand und Entfernung auf dem Laufenden und sorgt daf\u00fcr, dass Sie immer die Kontrolle \u00fcber Ihre Fahrt behalten.<\/p>\n<p>Ob Sie zur Arbeit fahren, Besorgungen machen oder am Wochenende unterwegs sind, das Velopro C200E Step-Thru Commuter eBike kombiniert <em>Zweckm\u00e4\u00dfigkeit, Leistung und Komfort<\/em>, Das macht ihn zu einem perfekten Reisebegleiter f\u00fcr jeden Tag.<\/p>\n<h3>Warum sollten Sie sich f\u00fcr das Velopro C200E entscheiden?<\/h3>\n<ul>\n<li><strong>Step-Thru-Rahmen:<\/strong> Einfache Montage und Demontage f\u00fcr alle Fahrer.<\/li>\n<li><strong>Leistungsstarker BAFANG Motor:<\/strong> Laufruhiger und zuverl\u00e4ssiger 250-W-Vorderradmotor f\u00fcr den Stadtverkehr.<\/li>\n<li><strong>Batterie mit gro\u00dfer Reichweite:<\/strong> Der 36-V-Akku mit 10,4 Ah erm\u00f6glicht l\u00e4ngere Fahrten mit weniger Ladevorg\u00e4ngen.<\/li>\n<li><strong>Komfort und Kontrolle:<\/strong> Die Zoom-Federgabel aus Aluminium absorbiert Unebenheiten und sorgt so f\u00fcr eine sanftere Fahrt.<\/li>\n<li><strong>Vertrauensw\u00fcrdige Komponenten:<\/strong> Shimano 7-Gang-Schaltung und Tektro V-Bremsen f\u00fcr sichere und effiziente Leistung.<\/li>\n<li><strong>Benutzerfreundliches Display:<\/strong> Das LCD-Display zeigt Geschwindigkeit, Entfernung und Batteriestatus an.<\/li>\n<\/ul>\n<h3>Spezifikationen<\/h3>\n<table border=\"1\" cellspacing=\"0\" cellpadding=\"6\">\n<tbody>\n<tr>\n<th>Komponente<\/th>\n<th>Einzelheiten<\/th>\n<\/tr>\n<tr>\n<td>Rahmen<\/td>\n<td>AL 6061#, 700C x 480MM Schritt-Thru<\/td>\n<\/tr>\n<tr>\n<td>Gabel<\/td>\n<td>Zoom 700C Alloy Crown Federgabel mit MLO<\/td>\n<\/tr>\n<tr>\n<td>Schaltwerk<\/td>\n<td>Shimano 7 G\u00e4nge<\/td>\n<\/tr>\n<tr>\n<td>Bremsen<\/td>\n<td>Tektro V Bremse<\/td>\n<\/tr>\n<tr>\n<td>Reifen<\/td>\n<td>CST 700\u2033 x 40C<\/td>\n<\/tr>\n<tr>\n<td>Anzeige<\/td>\n<td>LCD-Bildschirm<\/td>\n<\/tr>\n<tr>\n<td>Motor<\/td>\n<td>BAFANG Frontmotor 36V 250W<\/td>\n<\/tr>\n<tr>\n<td>Batterie<\/td>\n<td>36V 10.4Ah (Chinesische Batterie)<\/td>\n<\/tr>\n<\/tbody>\n<\/table>","protected":false},"excerpt":{"rendered":"<p>Entdecken Sie eine intelligentere Art zu pendeln mit dem Velopro C200E Long-Range Step-Thru eBike. Perfekt gebaut f\u00fcr Fahrer, die Komfort und Bequemlichkeit sch\u00e4tzen, macht dieses Elektrofahrrad die t\u00e4glichen Fahrten reibungsloser und angenehmer. Das Step-Thru-Rahmendesign erm\u00f6glicht ein einfaches Auf- und Absteigen und ist somit ideal f\u00fcr Pendler, Gelegenheitsfahrer und all jene, die ein stressfreies Radfahrvergn\u00fcgen suchen.<\/p>","protected":false},"featured_media":2607,"comment_status":"open","ping_status":"closed","template":"","meta":[],"product_brand":[35],"product_cat":[27,38],"product_tag":[],"class_list":{"0":"post-2606","1":"product","2":"type-product","3":"status-publish","4":"has-post-thumbnail","6":"product_brand-velopro","7":"product_cat-city-ebike","8":"product_cat-velopro-electric-bikes","10":"first","11":"instock","12":"shipping-taxable","13":"product-type-simple"},"_links":{"self":[{"href":"https:\/\/galaxybicycle.com\/de\/wp-json\/wp\/v2\/product\/2606","targetHints":{"allow":["GET"]}}],"collection":[{"href":"https:\/\/galaxybicycle.com\/de\/wp-json\/wp\/v2\/product"}],"about":[{"href":"https:\/\/galaxybicycle.com\/de\/wp-json\/wp\/v2\/types\/product"}],"replies":[{"embeddable":true,"href":"https:\/\/galaxybicycle.com\/de\/wp-json\/wp\/v2\/comments?post=2606"}],"wp:featuredmedia":[{"embeddable":true,"href":"https:\/\/galaxybicycle.com\/de\/wp-json\/wp\/v2\/media\/2607"}],"wp:attachment":[{"href":"https:\/\/galaxybicycle.com\/de\/wp-json\/wp\/v2\/media?parent=2606"}],"wp:term":[{"taxonomy":"product_brand","embeddable":true,"href":"https:\/\/galaxybicycle.com\/de\/wp-json\/wp\/v2\/product_brand?post=2606"},{"taxonomy":"product_cat","embeddable":true,"href":"https:\/\/galaxybicycle.com\/de\/wp-json\/wp\/v2\/product_cat?post=2606"},{"taxonomy":"product_tag","embeddable":true,"href":"https:\/\/galaxybicycle.com\/de\/wp-json\/wp\/v2\/product_tag?post=2606"}],"curies":[{"name":"wp","href":"https:\/\/api.w.org\/{rel}","templated":true}]}}