{"id":2600,"date":"2025-08-18T03:35:07","date_gmt":"2025-08-18T03:35:07","guid":{"rendered":"http:\/\/galaxybicycle.com\/?post_type=product&#038;p=2600"},"modified":"2025-09-02T09:16:42","modified_gmt":"2025-09-02T09:16:42","slug":"c700e-2","status":"publish","type":"product","link":"https:\/\/galaxybicycle.com\/de\/product\/c700e-2\/","title":{"rendered":"Velopro C700E Langstrecken-Pendler eBike mit Schrittschaltung | Leistungsstarker 750W Motor &amp; Fahrkomfort"},"content":{"rendered":"<p>Entdecken Sie die <strong>Velopro C700E Langstrecken-Pendler-E-Bike<\/strong> - eine perfekte Mischung aus Leistung, Komfort und Stil. Ob Sie zur Arbeit pendeln, Besorgungen machen oder neue Wege erkunden - mit diesem eBike wird jede Fahrt zum Vergn\u00fcgen.<\/p>\n<p>Mit seinem <strong>48V 750W Heckmotor mit hohem Drehmoment<\/strong>, erleben Sie m\u00fchelose Beschleunigung und gleichm\u00e4\u00dfige Leistung auch auf schwierigem Terrain. Die <strong>Durchlaufbauweise<\/strong> sorgt f\u00fcr ein einfaches Auf- und Absteigen und ist somit einsteigerfreundlich und praktisch f\u00fcr Fahrer jeden Alters.<\/p>\n<p>Ausgestattet mit <strong>26\u2033 x 4.0\u2033 Chaoyang Fett-Reifen<\/strong> und eine <strong>Vorderradfedergabel mit MLO (Mechanical Lock Out)<\/strong>, Der C700E bietet Stabilit\u00e4t und Komfort auf Stra\u00dfen, Schotter oder Schnee. Die <strong>Shimano 7-Gang-Kettenschaltung<\/strong> bietet Ihnen vielseitige Fahrm\u00f6glichkeiten, w\u00e4hrend die <strong>mechanische Scheibenbremsen<\/strong> gew\u00e4hrleisten eine sichere Bremswirkung unter allen Bedingungen.<\/p>\n<p>Bleiben Sie in Verbindung mit einem <strong>eingef\u00e4rbtes Display<\/strong> das Ihre Geschwindigkeit, den Batteriestand und die Entfernung aufzeichnet, damit Sie immer die Kontrolle \u00fcber Ihre Reise haben. Unterst\u00fctzt von einem <strong>48V 13Ah Batterie<\/strong>, k\u00f6nnen Sie lange Fahrten ohne st\u00e4ndiges Aufladen genie\u00dfen.<\/p>\n<p>Das Velopro C700E verf\u00fcgt \u00fcber einen robusten Stahlrahmen und ist so konstruiert, dass es Ihnen puren Fahrspa\u00df bietet - egal, ob Sie pendeln oder die Natur erkunden.<\/p>\n<h2>Spezifikationen<\/h2>\n<table border=\"1\" cellspacing=\"0\" cellpadding=\"8\">\n<tbody>\n<tr>\n<th>Merkmal<\/th>\n<th>Einzelheiten<\/th>\n<\/tr>\n<tr>\n<td>Rahmen<\/td>\n<td>26\u2033 Stahl Step-Thru Rahmen<\/td>\n<\/tr>\n<tr>\n<td>Gabel<\/td>\n<td>26\u2033 Federgabel mit MLO &amp; Alu-Krone<\/td>\n<\/tr>\n<tr>\n<td>Schaltwerk<\/td>\n<td>Shimano 7 G\u00e4nge<\/td>\n<\/tr>\n<tr>\n<td>Bremsen<\/td>\n<td>Mechanische Scheibenbremse<\/td>\n<\/tr>\n<tr>\n<td>Reifen<\/td>\n<td>Chaoyang 26\u2033 x 4.0\u2033 Fat Tires<\/td>\n<\/tr>\n<tr>\n<td>Anzeige<\/td>\n<td>Farbiger LCD-Bildschirm<\/td>\n<\/tr>\n<tr>\n<td>Motor<\/td>\n<td>Hinterradnabenmotor 48V 750W<\/td>\n<\/tr>\n<\/tbody>\n<\/table>","protected":false},"excerpt":{"rendered":"<p>Das Velopro C700E ist das ultimative Langstrecken-Pendler eBike. Ausgestattet mit einem 48V 750W Hinterradmotor, einem komfortablen Step-Thru Stahlrahmen, fetten 26\u2033 x 4.0\u2033 Reifen und einem 13Ah Akku, ist es sowohl f\u00fcr t\u00e4gliche Fahrten als auch f\u00fcr abenteuerliche Trails geeignet.<\/p>","protected":false},"featured_media":2601,"comment_status":"open","ping_status":"closed","template":"","meta":[],"product_brand":[35],"product_cat":[27,28,38],"product_tag":[],"class_list":{"0":"post-2600","1":"product","2":"type-product","3":"status-publish","4":"has-post-thumbnail","6":"product_brand-velopro","7":"product_cat-city-ebike","8":"product_cat-fat-tire-ebike","9":"product_cat-velopro-electric-bikes","11":"first","12":"instock","13":"shipping-taxable","14":"purchasable","15":"product-type-simple"},"_links":{"self":[{"href":"https:\/\/galaxybicycle.com\/de\/wp-json\/wp\/v2\/product\/2600","targetHints":{"allow":["GET"]}}],"collection":[{"href":"https:\/\/galaxybicycle.com\/de\/wp-json\/wp\/v2\/product"}],"about":[{"href":"https:\/\/galaxybicycle.com\/de\/wp-json\/wp\/v2\/types\/product"}],"replies":[{"embeddable":true,"href":"https:\/\/galaxybicycle.com\/de\/wp-json\/wp\/v2\/comments?post=2600"}],"wp:featuredmedia":[{"embeddable":true,"href":"https:\/\/galaxybicycle.com\/de\/wp-json\/wp\/v2\/media\/2601"}],"wp:attachment":[{"href":"https:\/\/galaxybicycle.com\/de\/wp-json\/wp\/v2\/media?parent=2600"}],"wp:term":[{"taxonomy":"product_brand","embeddable":true,"href":"https:\/\/galaxybicycle.com\/de\/wp-json\/wp\/v2\/product_brand?post=2600"},{"taxonomy":"product_cat","embeddable":true,"href":"https:\/\/galaxybicycle.com\/de\/wp-json\/wp\/v2\/product_cat?post=2600"},{"taxonomy":"product_tag","embeddable":true,"href":"https:\/\/galaxybicycle.com\/de\/wp-json\/wp\/v2\/product_tag?post=2600"}],"curies":[{"name":"wp","href":"https:\/\/api.w.org\/{rel}","templated":true}]}}