{"id":2598,"date":"2025-08-18T03:34:46","date_gmt":"2025-08-18T03:34:46","guid":{"rendered":"http:\/\/galaxybicycle.com\/?post_type=product&#038;p=2598"},"modified":"2025-09-03T09:22:28","modified_gmt":"2025-09-03T09:22:28","slug":"b080e","status":"publish","type":"product","link":"https:\/\/galaxybicycle.com\/de\/product\/b080e\/","title":{"rendered":"Velopro C080E Elektrofahrrad | 500W Hochgeschwindigkeitsmotor, 20\u201d fette Reifen, Gep\u00e4cktr\u00e4ger und Korb"},"content":{"rendered":"<p><strong>Velopro C080E Elektrofahrrad<\/strong> ist so konstruiert, dass Ihre t\u00e4gliche Fahrt reibungslos, zuverl\u00e4ssig und unterhaltsam verl\u00e4uft. Egal, ob Sie durch die Stadt pendeln, Besorgungen machen oder ein Wochenendabenteuer erleben, dieses E-Bike ist f\u00fcr alles ger\u00fcstet. Mit einem <strong>48V 10.4AH Batterie<\/strong> (Zellen der Marke EVE) und eine <strong>500W Hochgeschwindigkeitsmotor<\/strong>, Es verleiht Ihnen sowohl Geschwindigkeit als auch Ausdauer - bis zu <strong>32KM\/H (einstellbar auf 35KM\/H)<\/strong> und die Bereitstellung einer Reihe von <strong>40-50KM pro Ladung<\/strong>.<\/p>\n<p>Fahren Sie bequem und sicher dank der <strong>20\u00d73\u201d Chaoyang-Reifen<\/strong>, <strong>mechanische Scheibenbremsen<\/strong> f\u00fcr starke Bremskraft und eine <strong>LCD-Anzeige<\/strong> um Ihre Geschwindigkeit, Ihren Akku und Ihren Fahrmodus zu \u00fcberwachen. Praktische Funktionen wie das <strong>Hecktr\u00e4ger<\/strong>, <strong>vorderer Korb<\/strong>, und <strong>Front- und R\u00fcckleuchten<\/strong> machen ihn ideal f\u00fcr den Stadtverkehr und den t\u00e4glichen Gebrauch.<\/p>\n<p>Mit <strong>5 Modi f\u00fcr die Tretunterst\u00fctzung<\/strong>, a <strong>Daumengashebel<\/strong>, und <strong>Shimano 7-Gang-Getriebe<\/strong>, haben Sie immer den richtigen Halt f\u00fcr jedes Terrain. Gebaut mit einer starken <strong>Stahlrahmen<\/strong>, unterst\u00fctzt es bis zu <strong>150KG Nutzlastkapazit\u00e4t<\/strong> bei gleichzeitiger Beibehaltung von Stabilit\u00e4t und Stil. Der Velopro C080E ist Ihr zuverl\u00e4ssiger Partner f\u00fcr Arbeit, Freizeit und alles dazwischen.<\/p>\n<h3>Warum sollte man sich f\u00fcr das Velopro C080E entscheiden?<\/h3>\n<ul>\n<li><strong>Leistungsstarker 500W Motor<\/strong> - Sanftes Fahren und Bew\u00e4ltigen von Steigungen bis zu 15\u00b0.<\/li>\n<li><strong>Gro\u00dfe Reichweite<\/strong> - Fahren Sie 40-50 km pro Ladung mit einer hochwertigen 48-V-Batterie.<\/li>\n<li><strong>Komfortable Fahrt<\/strong> - Die breiten 20\u00d73-Zoll-Reifen absorbieren Unebenheiten und bieten hervorragenden Grip.<\/li>\n<li><strong>Vollst\u00e4ndig ausgestattet<\/strong> - Gep\u00e4cktr\u00e4ger hinten, Korb vorne, Schutzbleche, Beleuchtung und elektronische Hupe im Lieferumfang enthalten.<\/li>\n<li><strong>Sicher &amp; Zuverl\u00e4ssig<\/strong> - Mechanische Scheibenbremsen und wasserdichtes IP54-Design.<\/li>\n<li><strong>Praktisch f\u00fcr den t\u00e4glichen Gebrauch<\/strong> - Ideal f\u00fcr Pendler-, Einkaufs- oder Freizeitfahrten.<\/li>\n<\/ul>\n<h3>Spezifikationen<\/h3>\n<table border=\"1\" cellspacing=\"0\" cellpadding=\"6\">\n<tbody>\n<tr>\n<th colspan=\"2\">Elektronik<\/th>\n<\/tr>\n<tr>\n<td>Batterie<\/td>\n<td>48V 10.4AH (40 Zellen, Marke EVE)<\/td>\n<\/tr>\n<tr>\n<td>Motor<\/td>\n<td>48V 500W Hochgeschwindigkeitsmotor<\/td>\n<\/tr>\n<tr>\n<td>H\u00f6chstgeschwindigkeit<\/td>\n<td>32KM\/H (einstellbar auf 35KM\/H)<\/td>\n<\/tr>\n<tr>\n<td>Bereich<\/td>\n<td>40-50KM<\/td>\n<\/tr>\n<tr>\n<td>PAS<\/td>\n<td>5 Fahrmodi<\/td>\n<\/tr>\n<tr>\n<td>Drosselklappe<\/td>\n<td>Daumendr\u00fccker<\/td>\n<\/tr>\n<tr>\n<td>Anzeige<\/td>\n<td>LCD-Anzeige<\/td>\n<\/tr>\n<tr>\n<td>Aufladezeit<\/td>\n<td>5.2 Stunden<\/td>\n<\/tr>\n<tr>\n<td>Lichter<\/td>\n<td>Front- und R\u00fccklichter<\/td>\n<\/tr>\n<tr>\n<th colspan=\"2\">Normen<\/th>\n<\/tr>\n<tr>\n<td>Material des Rahmens<\/td>\n<td>Hochwertiger Stahl<\/td>\n<\/tr>\n<tr>\n<td>Radgr\u00f6\u00dfe<\/td>\n<td>20\u00d73\u201d<\/td>\n<\/tr>\n<tr>\n<td>Reifenmarke<\/td>\n<td>Chaoyang<\/td>\n<\/tr>\n<tr>\n<td>Gewicht<\/td>\n<td>Netto: 30KG \/ Brutto: 35KG<\/td>\n<\/tr>\n<tr>\n<td>Nutzlast Kapazit\u00e4t<\/td>\n<td>150KG<\/td>\n<\/tr>\n<tr>\n<td>Steigf\u00e4higkeit<\/td>\n<td>15\u00b0<\/td>\n<\/tr>\n<tr>\n<td>Bremsen<\/td>\n<td>Mechanische Scheibenbremsen (vorne und hinten)<\/td>\n<\/tr>\n<tr>\n<td>Zahnr\u00e4der<\/td>\n<td>Shimano 7-Gang<\/td>\n<\/tr>\n<tr>\n<td>Gabel<\/td>\n<td>Nicht-aufgeh\u00e4ngte Gabel<\/td>\n<\/tr>\n<tr>\n<td>Kette<\/td>\n<td>1\/2*3\/32\u201d x118L<\/td>\n<\/tr>\n<tr>\n<td>Kurbelgarnitur<\/td>\n<td>52T*170L<\/td>\n<\/tr>\n<tr>\n<td>Pedale<\/td>\n<td>Aluminium-Legierung<\/td>\n<\/tr>\n<tr>\n<td>Extras<\/td>\n<td>Gep\u00e4cktr\u00e4ger hinten, Korb vorne, Schutzbleche, elektronische Hupe<\/td>\n<\/tr>\n<tr>\n<td>Wasserdicht<\/td>\n<td>IP54<\/td>\n<\/tr>\n<tr>\n<td>Temperaturbereich<\/td>\n<td>-10~45\u2103<\/td>\n<\/tr>\n<tr>\n<td>Zusammenklappbar<\/td>\n<td>Nein<\/td>\n<\/tr>\n<tr>\n<td>Farbe<\/td>\n<td>Anpassbar<\/td>\n<\/tr>\n<tr>\n<th colspan=\"2\">Gr\u00f6\u00dfe<\/th>\n<\/tr>\n<tr>\n<td>Ungefaltet Gr\u00f6\u00dfe<\/td>\n<td>162*66*104 cm<\/td>\n<\/tr>\n<tr>\n<td>Gefaltetes Format<\/td>\n<td>Unaufklappbar<\/td>\n<\/tr>\n<tr>\n<td>H\u00f6he des Fahrers<\/td>\n<td>155-190 cm<\/td>\n<\/tr>\n<tr>\n<td>Packungsgr\u00f6\u00dfe<\/td>\n<td>135*24*70 cm<\/td>\n<\/tr>\n<tr>\n<td>Menge im 40HQ-Container<\/td>\n<td>283 St\u00fcck<\/td>\n<\/tr>\n<\/tbody>\n<\/table>","protected":false},"excerpt":{"rendered":"<p>Entdecken Sie die <strong>Velopro C080E<\/strong> - ein elegantes und leistungsstarkes E-Bike mit einem 48V 500W Motor, 20\u201d Chaoyang Fettreifen und bis zu 50KM Reichweite. Perfekt f\u00fcr t\u00e4gliche Fahrten, Wochenendausfl\u00fcge oder den Transport von Lebensmitteln mit dem Gep\u00e4cktr\u00e4ger und dem vorderen Korb.<\/p>","protected":false},"featured_media":2599,"comment_status":"open","ping_status":"closed","template":"","meta":[],"product_brand":[35],"product_cat":[27,28,38],"product_tag":[],"class_list":{"0":"post-2598","1":"product","2":"type-product","3":"status-publish","4":"has-post-thumbnail","6":"product_brand-velopro","7":"product_cat-city-ebike","8":"product_cat-fat-tire-ebike","9":"product_cat-velopro-electric-bikes","11":"first","12":"instock","13":"shipping-taxable","14":"product-type-simple"},"_links":{"self":[{"href":"https:\/\/galaxybicycle.com\/de\/wp-json\/wp\/v2\/product\/2598","targetHints":{"allow":["GET"]}}],"collection":[{"href":"https:\/\/galaxybicycle.com\/de\/wp-json\/wp\/v2\/product"}],"about":[{"href":"https:\/\/galaxybicycle.com\/de\/wp-json\/wp\/v2\/types\/product"}],"replies":[{"embeddable":true,"href":"https:\/\/galaxybicycle.com\/de\/wp-json\/wp\/v2\/comments?post=2598"}],"wp:featuredmedia":[{"embeddable":true,"href":"https:\/\/galaxybicycle.com\/de\/wp-json\/wp\/v2\/media\/2599"}],"wp:attachment":[{"href":"https:\/\/galaxybicycle.com\/de\/wp-json\/wp\/v2\/media?parent=2598"}],"wp:term":[{"taxonomy":"product_brand","embeddable":true,"href":"https:\/\/galaxybicycle.com\/de\/wp-json\/wp\/v2\/product_brand?post=2598"},{"taxonomy":"product_cat","embeddable":true,"href":"https:\/\/galaxybicycle.com\/de\/wp-json\/wp\/v2\/product_cat?post=2598"},{"taxonomy":"product_tag","embeddable":true,"href":"https:\/\/galaxybicycle.com\/de\/wp-json\/wp\/v2\/product_tag?post=2598"}],"curies":[{"name":"wp","href":"https:\/\/api.w.org\/{rel}","templated":true}]}}