{"id":2596,"date":"2025-08-18T03:34:28","date_gmt":"2025-08-18T03:34:28","guid":{"rendered":"http:\/\/galaxybicycle.com\/?post_type=product&#038;p=2596"},"modified":"2025-09-02T09:17:25","modified_gmt":"2025-09-02T09:17:25","slug":"b100e","status":"publish","type":"product","link":"https:\/\/galaxybicycle.com\/de\/product\/b100e\/","title":{"rendered":"Velopro B100E Urban Elegance City e-Bike | 500W Powerful Commuter Electric Bicycle"},"content":{"rendered":"<p>Die <strong>Velopro B100E Urban Elegance City e-Bike<\/strong> kombiniert modernes Design mit zuverl\u00e4ssiger Leistung und ist damit der ideale Begleiter f\u00fcr urbane Fahrten. Egal, ob Sie zur Arbeit pendeln, Besorgungen machen oder die Stra\u00dfen der Stadt erkunden, dieses E-Bike garantiert jedes Mal eine reibungslose und angenehme Fahrt.<\/p>\n<p>Gebaut mit einem robusten AL6061# Aluminiumrahmen und ausgestattet mit einem <strong>500W Bafang Heckmotor<\/strong>, Der Velopro B100E bietet Ihnen die Leistung, die Sie f\u00fcr m\u00fchelose Beschleunigung und Steigf\u00e4higkeit ben\u00f6tigen. Die <strong>Shimano 7-Gang-Kettenschaltung<\/strong> erm\u00f6glicht eine flexible Schaltung, w\u00e4hrend die <strong>Zoom mechanische Scheibenbremsen<\/strong> bieten eine sichere und reaktionsschnelle Bremsleistung.<\/p>\n<p>Seine <strong>26\u2033x4.0\u2033 Chaoyang Fett-Reifen<\/strong> sorgen f\u00fcr zus\u00e4tzliche Stabilit\u00e4t und Grip und geben Ihnen sowohl auf glattem Asphalt als auch auf leichten Off-Road-Pfaden Sicherheit. Die leicht zu lesende <strong>LCD-Anzeige<\/strong> h\u00e4lt Sie \u00fcber Ihre Geschwindigkeit, Akkulaufzeit und Fahrstatistiken auf dem Laufenden, w\u00e4hrend der 36-V-Akku mit 10,4 Ah eine zuverl\u00e4ssige Reichweite f\u00fcr t\u00e4gliche Fahrten in der Stadt gew\u00e4hrleistet.<\/p>\n<p>Mit seinem eleganten Design, seinen praktischen Funktionen und seiner zuverl\u00e4ssigen Leistung ist das Velopro B100E mehr als nur ein E-Bike - es ist eine intelligentere, umweltfreundlichere und stilvollere Art, sich durch die Stadt zu bewegen.<\/p>\n<h3>Spezifikationen<\/h3>\n<table border=\"1\" cellspacing=\"0\" cellpadding=\"8\">\n<tbody>\n<tr>\n<th>Merkmal<\/th>\n<th>Einzelheiten<\/th>\n<\/tr>\n<tr>\n<td>Rahmen<\/td>\n<td>AL,6061#, 26\u2033 x 440MM<\/td>\n<\/tr>\n<tr>\n<td>Gabel<\/td>\n<td>26\u2033 Stahlgabel<\/td>\n<\/tr>\n<tr>\n<td>Schaltwerk<\/td>\n<td>Shimano 7 G\u00e4nge<\/td>\n<\/tr>\n<tr>\n<td>Bremsen<\/td>\n<td>Zoom Mechanische Scheibenbremsen<\/td>\n<\/tr>\n<tr>\n<td>Bereifung<\/td>\n<td>Chaoyang 26\u2033 x 4.0\u2033 Fat Tires<\/td>\n<\/tr>\n<tr>\n<td>Anzeige<\/td>\n<td>LCD-Bildschirm<\/td>\n<\/tr>\n<tr>\n<td>Motor<\/td>\n<td>Bafang Heckmotor 48V 500W<\/td>\n<\/tr>\n<tr>\n<td>Batterie<\/td>\n<td>36V 10.4Ah (chinesische Batterie)<\/td>\n<\/tr>\n<\/tbody>\n<\/table>","protected":false},"excerpt":{"rendered":"<p>Das Velopro B100E ist ein stylisches und leistungsstarkes City-E-Bike, das f\u00fcr sanfte Fahrten in der Stadt entwickelt wurde. Ausgestattet mit einem 500W Bafang-Motor, einer Shimano 7-Gang-Schaltung und dicken 26\u2033x4.0\u2033-Reifen, bietet es die perfekte Mischung aus Komfort, Kontrolle und Leistung f\u00fcr den t\u00e4glichen Pendlerverkehr oder die Freizeit.<\/p>","protected":false},"featured_media":2597,"comment_status":"open","ping_status":"closed","template":"","meta":[],"product_brand":[35],"product_cat":[27,28,38],"product_tag":[],"class_list":{"0":"post-2596","1":"product","2":"type-product","3":"status-publish","4":"has-post-thumbnail","6":"product_brand-velopro","7":"product_cat-city-ebike","8":"product_cat-fat-tire-ebike","9":"product_cat-velopro-electric-bikes","11":"first","12":"instock","13":"shipping-taxable","14":"product-type-simple"},"_links":{"self":[{"href":"https:\/\/galaxybicycle.com\/de\/wp-json\/wp\/v2\/product\/2596","targetHints":{"allow":["GET"]}}],"collection":[{"href":"https:\/\/galaxybicycle.com\/de\/wp-json\/wp\/v2\/product"}],"about":[{"href":"https:\/\/galaxybicycle.com\/de\/wp-json\/wp\/v2\/types\/product"}],"replies":[{"embeddable":true,"href":"https:\/\/galaxybicycle.com\/de\/wp-json\/wp\/v2\/comments?post=2596"}],"wp:featuredmedia":[{"embeddable":true,"href":"https:\/\/galaxybicycle.com\/de\/wp-json\/wp\/v2\/media\/2597"}],"wp:attachment":[{"href":"https:\/\/galaxybicycle.com\/de\/wp-json\/wp\/v2\/media?parent=2596"}],"wp:term":[{"taxonomy":"product_brand","embeddable":true,"href":"https:\/\/galaxybicycle.com\/de\/wp-json\/wp\/v2\/product_brand?post=2596"},{"taxonomy":"product_cat","embeddable":true,"href":"https:\/\/galaxybicycle.com\/de\/wp-json\/wp\/v2\/product_cat?post=2596"},{"taxonomy":"product_tag","embeddable":true,"href":"https:\/\/galaxybicycle.com\/de\/wp-json\/wp\/v2\/product_tag?post=2596"}],"curies":[{"name":"wp","href":"https:\/\/api.w.org\/{rel}","templated":true}]}}