{"id":2592,"date":"2025-08-18T03:33:41","date_gmt":"2025-08-18T03:33:41","guid":{"rendered":"http:\/\/galaxybicycle.com\/?post_type=product&#038;p=2592"},"modified":"2025-09-02T09:18:44","modified_gmt":"2025-09-02T09:18:44","slug":"b050e","status":"publish","type":"product","link":"https:\/\/galaxybicycle.com\/de\/product\/b050e\/","title":{"rendered":"Velopro B050E Urban Elegance City e-Bike | Stylisches 500W Pendler-Elektrofahrrad"},"content":{"rendered":"<p>Treten Sie ein in die Zukunft des Pendelns in der Stadt mit dem <strong>Velopro B050E Urban Elegance Stadtrad e-Bike<\/strong>. Gebaut mit einem leichten und dennoch haltbaren AL6061-Rahmen und angetrieben von einem robusten <strong>48V 500W Jiabo Heckmotor<\/strong>, Dieses Elektrofahrrad verbindet m\u00fcheloses Fahren mit modernem Stil. Ob Sie durch belebte Stra\u00dfen navigieren, durch Parks cruisen oder zur Arbeit fahren, das Velopro B050E sorgt f\u00fcr ein reibungsloses und angenehmes Erlebnis.<\/p>\n<p>Ausgestattet mit <strong>Shimano 7-Gang-Getriebe<\/strong>, k\u00f6nnen Sie verschiedene Terrains mit Leichtigkeit bew\u00e4ltigen, w\u00e4hrend die <strong>Zoom mechanische Scheibenbremsen<\/strong> geben Ihnen die n\u00f6tige Bremskraft f\u00fcr einen sicheren Stadtverkehr. Die <strong>LCD-Anzeige<\/strong> h\u00e4lt Sie auf einen Blick \u00fcber Geschwindigkeit, Entfernung und Akkulaufzeit auf dem Laufenden. Mit seinem <strong>48V 10.4Ah Akku<\/strong>, k\u00f6nnen Sie getrost l\u00e4ngere Strecken fahren, ohne sich Sorgen machen zu m\u00fcssen, dass Ihnen die Energie ausgeht.<\/p>\n<p>Das elegante, zuverl\u00e4ssige und effiziente Velopro B050E ist die perfekte Wahl f\u00fcr urbane Entdecker, umweltbewusste Pendler und alle, die bei ihren t\u00e4glichen Fahrten sowohl Leistung als auch Eleganz sch\u00e4tzen.<\/p>\n<h2>Spezifikationen<\/h2>\n<table border=\"1\" cellspacing=\"0\" cellpadding=\"6\">\n<tbody>\n<tr>\n<th>Merkmal<\/th>\n<th>Einzelheiten<\/th>\n<\/tr>\n<tr>\n<td>Rahmen<\/td>\n<td>AL,6061#, 26\u2033 x 483mm<\/td>\n<\/tr>\n<tr>\n<td>Gabel<\/td>\n<td>26\u2033 normale Stahlgabel<\/td>\n<\/tr>\n<tr>\n<td>Schaltwerk<\/td>\n<td>Shimano 7 G\u00e4nge<\/td>\n<\/tr>\n<tr>\n<td>Bremsen<\/td>\n<td>Zoom Mechanische Scheibenbremse<\/td>\n<\/tr>\n<tr>\n<td>Reifen<\/td>\n<td>Wanda-Kompass 26\u2033 x 2.0<\/td>\n<\/tr>\n<tr>\n<td>Anzeige<\/td>\n<td>LCD<\/td>\n<\/tr>\n<tr>\n<td>Motor<\/td>\n<td>Jiabo Heckmotor 48V 500W<\/td>\n<\/tr>\n<tr>\n<td>Batterie<\/td>\n<td>48V 10.4Ah (Chinesische Batterie)<\/td>\n<\/tr>\n<\/tbody>\n<\/table>","protected":false},"excerpt":{"rendered":"<p>Das Velopro B050E ist ein elegantes und leistungsstarkes E-Bike f\u00fcr die Stadt, das f\u00fcr den t\u00e4glichen Pendlerverkehr und Wochenendausfl\u00fcge entwickelt wurde. Ausgestattet mit einem starken 500W-Heckmotor, einer zuverl\u00e4ssigen Shimano 7-Gang-Schaltung und langlebigen Scheibenbremsen bietet es Komfort, Sicherheit und Stil f\u00fcr Fahrer, die sowohl Eleganz als auch Leistung w\u00fcnschen.<\/p>","protected":false},"featured_media":2593,"comment_status":"open","ping_status":"closed","template":"","meta":[],"product_brand":[35],"product_cat":[27,38],"product_tag":[],"class_list":{"0":"post-2592","1":"product","2":"type-product","3":"status-publish","4":"has-post-thumbnail","6":"product_brand-velopro","7":"product_cat-city-ebike","8":"product_cat-velopro-electric-bikes","10":"first","11":"instock","12":"shipping-taxable","13":"product-type-simple"},"_links":{"self":[{"href":"https:\/\/galaxybicycle.com\/de\/wp-json\/wp\/v2\/product\/2592","targetHints":{"allow":["GET"]}}],"collection":[{"href":"https:\/\/galaxybicycle.com\/de\/wp-json\/wp\/v2\/product"}],"about":[{"href":"https:\/\/galaxybicycle.com\/de\/wp-json\/wp\/v2\/types\/product"}],"replies":[{"embeddable":true,"href":"https:\/\/galaxybicycle.com\/de\/wp-json\/wp\/v2\/comments?post=2592"}],"wp:featuredmedia":[{"embeddable":true,"href":"https:\/\/galaxybicycle.com\/de\/wp-json\/wp\/v2\/media\/2593"}],"wp:attachment":[{"href":"https:\/\/galaxybicycle.com\/de\/wp-json\/wp\/v2\/media?parent=2592"}],"wp:term":[{"taxonomy":"product_brand","embeddable":true,"href":"https:\/\/galaxybicycle.com\/de\/wp-json\/wp\/v2\/product_brand?post=2592"},{"taxonomy":"product_cat","embeddable":true,"href":"https:\/\/galaxybicycle.com\/de\/wp-json\/wp\/v2\/product_cat?post=2592"},{"taxonomy":"product_tag","embeddable":true,"href":"https:\/\/galaxybicycle.com\/de\/wp-json\/wp\/v2\/product_tag?post=2592"}],"curies":[{"name":"wp","href":"https:\/\/api.w.org\/{rel}","templated":true}]}}