{"id":2547,"date":"2025-08-18T03:20:03","date_gmt":"2025-08-18T03:20:03","guid":{"rendered":"http:\/\/galaxybicycle.com\/?post_type=product&#038;p=2547"},"modified":"2025-09-02T09:25:27","modified_gmt":"2025-09-02T09:25:27","slug":"c600e","status":"publish","type":"product","link":"https:\/\/galaxybicycle.com\/de\/product\/c600e\/","title":{"rendered":"Velopro C600E | All-Terrain-Elektrofahrrad f\u00fcr Komfort und Abenteuer"},"content":{"rendered":"<p>Die <strong>Velopro C600E Step-Thru eBike<\/strong> ist so gebaut, dass jede Fahrt m\u00fchelos, spa\u00dfig und aufregend ist. Egal, ob Sie durch die Stadt pendeln oder die Landschaft erkunden, dieses Fahrrad bietet zuverl\u00e4ssige Leistung und maximalen Komfort.<\/p>\n<p>Seine <strong>Durchstiegsrahmen<\/strong> erleichtert die Montage und Demontage, w\u00e4hrend die leistungsstarke <strong>48V 350W Heckmotor<\/strong> sorgt f\u00fcr eine sanfte Beschleunigung bei H\u00fcgeln und langen Fahrten. Die <strong>48V 15Ah Batterie<\/strong> gibt Ihnen die Freiheit, mit weniger Aufladungen weiter zu reisen, was es zur perfekten Wahl f\u00fcr Fahrer macht, die Langstreckenabenteuer sch\u00e4tzen.<\/p>\n<p>Ausgestattet mit <strong>Suntour Federgabeln<\/strong> um St\u00f6\u00dfe zu absorbieren, <strong>Shimano 9-Gang-Getriebe<\/strong> f\u00fcr flexible Reitm\u00f6glichkeiten und <strong>Zoom hydraulische Scheibenbremsen<\/strong> Der Velopro C600E bietet eine starke Bremsleistung und sorgt daf\u00fcr, dass Sie auf jedem Terrain die Kontrolle behalten. Breit <strong>27,5\u2033 x 2,6\u2033-Reifen<\/strong> geben Ihnen Stabilit\u00e4t und Grip, so dass Sie mit Zuversicht in der Stadt, auf Schotter oder auf unebenen Wegen fahren k\u00f6nnen.<\/p>\n<h3>Warum sollten Sie sich f\u00fcr das Velopro C600E entscheiden?<\/h3>\n<ul>\n<li><strong>Schritt-f\u00fcr-Schritt-Design<\/strong> f\u00fcr leichte Zug\u00e4nglichkeit, perfekt f\u00fcr Reiter jeden Alters.<\/li>\n<li><strong>Leistungsstarker 48V 350W Motor<\/strong> f\u00fcr reibungslose, zuverl\u00e4ssige Leistung auf Stra\u00dfen und Wegen in der Stadt.<\/li>\n<li><strong>Akku mit gro\u00dfer Reichweite (15Ah)<\/strong> h\u00e4lt Sie auf l\u00e4ngeren Fahrten in Schwung.<\/li>\n<li><strong>Shimano 9-Gang-Antriebssystem<\/strong> f\u00fcr pr\u00e4zises, flexibles Schalten.<\/li>\n<li><strong>Leichtmetall-Federgabel von Suntour<\/strong> mit Lockout f\u00fcr mehr Komfort auf holprigen Stra\u00dfen.<\/li>\n<li><strong>Zoom hydraulische Scheibenbremsen<\/strong> f\u00fcr maximale Bremskraft und Sicherheit.<\/li>\n<li><strong>Langlebiger 27,5\u201d-Legierungsrahmen<\/strong> mit einem perfekten Gleichgewicht zwischen St\u00e4rke und Leichtigkeit gebaut, um lange zu halten.<\/li>\n<\/ul>\n<h3>Spezifikationen<\/h3>\n<table border=\"1\" cellspacing=\"0\" cellpadding=\"6\">\n<tbody>\n<tr>\n<th>Merkmal<\/th>\n<th>Einzelheiten<\/th>\n<\/tr>\n<tr>\n<td>Rahmen<\/td>\n<td>27,5\u2033 Legierung 6061#<\/td>\n<\/tr>\n<tr>\n<td>Gabel<\/td>\n<td>Suntour 27.5\u2033 Alloy Crown Federgabel mit HLO<\/td>\n<\/tr>\n<tr>\n<td>Schaltwerk<\/td>\n<td>Shimano 9 G\u00e4nge<\/td>\n<\/tr>\n<tr>\n<td>Bremsen<\/td>\n<td>Zoom Hydraulische Scheibenbremsen<\/td>\n<\/tr>\n<tr>\n<td>Reifen<\/td>\n<td>K1227 27.5\u2033 \u00d7 2.6\u2033<\/td>\n<\/tr>\n<tr>\n<td>Anzeige<\/td>\n<td>LCD<\/td>\n<\/tr>\n<tr>\n<td>Motor<\/td>\n<td>Hinterer Motor 48V \u00d7 350W<\/td>\n<\/tr>\n<tr>\n<td>Batterie<\/td>\n<td>48V 15Ah (10,4Ah Option: USD 427)<\/td>\n<\/tr>\n<tr>\n<td>Box Gr\u00f6\u00dfe<\/td>\n<td>152 \u00d7 26 \u00d7 88 cm<\/td>\n<\/tr>\n<tr>\n<td>Nettogewicht<\/td>\n<td>32 kg<\/td>\n<\/tr>\n<tr>\n<td>Bruttogewicht<\/td>\n<td>39 kg<\/td>\n<\/tr>\n<tr>\n<td>Container-Kapazit\u00e4t<\/td>\n<td>155 S\u00e4tze \/ 40HQ<\/td>\n<\/tr>\n<\/tbody>\n<\/table>","protected":false},"excerpt":{"rendered":"<p>Das Velopro C600E ist ein vielseitiges Durchstiegs-E-Bike f\u00fcr Fahrer, die die perfekte Mischung aus Komfort, Leistung und Haltbarkeit suchen. Mit einem 48-V-Motor, einem langlebigen 15-Ah-Akku und einer hochwertigen Shimano 9-Gang-Schaltung ist dieses All-Terrain-E-Bike f\u00fcr ruhige Pendlerfahrten, Wochenendausfl\u00fcge und alles dazwischen geeignet.<\/p>","protected":false},"featured_media":2548,"comment_status":"open","ping_status":"closed","template":"","meta":[],"product_brand":[35],"product_cat":[27,38],"product_tag":[],"class_list":{"0":"post-2547","1":"product","2":"type-product","3":"status-publish","4":"has-post-thumbnail","6":"product_brand-velopro","7":"product_cat-city-ebike","8":"product_cat-velopro-electric-bikes","10":"first","11":"instock","12":"shipping-taxable","13":"purchasable","14":"product-type-simple"},"_links":{"self":[{"href":"https:\/\/galaxybicycle.com\/de\/wp-json\/wp\/v2\/product\/2547","targetHints":{"allow":["GET"]}}],"collection":[{"href":"https:\/\/galaxybicycle.com\/de\/wp-json\/wp\/v2\/product"}],"about":[{"href":"https:\/\/galaxybicycle.com\/de\/wp-json\/wp\/v2\/types\/product"}],"replies":[{"embeddable":true,"href":"https:\/\/galaxybicycle.com\/de\/wp-json\/wp\/v2\/comments?post=2547"}],"wp:featuredmedia":[{"embeddable":true,"href":"https:\/\/galaxybicycle.com\/de\/wp-json\/wp\/v2\/media\/2548"}],"wp:attachment":[{"href":"https:\/\/galaxybicycle.com\/de\/wp-json\/wp\/v2\/media?parent=2547"}],"wp:term":[{"taxonomy":"product_brand","embeddable":true,"href":"https:\/\/galaxybicycle.com\/de\/wp-json\/wp\/v2\/product_brand?post=2547"},{"taxonomy":"product_cat","embeddable":true,"href":"https:\/\/galaxybicycle.com\/de\/wp-json\/wp\/v2\/product_cat?post=2547"},{"taxonomy":"product_tag","embeddable":true,"href":"https:\/\/galaxybicycle.com\/de\/wp-json\/wp\/v2\/product_tag?post=2547"}],"curies":[{"name":"wp","href":"https:\/\/api.w.org\/{rel}","templated":true}]}}