{"id":2539,"date":"2025-08-18T03:18:01","date_gmt":"2025-08-18T03:18:01","guid":{"rendered":"http:\/\/galaxybicycle.com\/?post_type=product&#038;p=2539"},"modified":"2025-09-03T09:56:27","modified_gmt":"2025-09-03T09:56:27","slug":"x3","status":"publish","type":"product","link":"https:\/\/galaxybicycle.com\/de\/product\/x3\/","title":{"rendered":"Velopro X3 Elektrofahrrad | 500W Heckmotor, 48V Batterie, 20\u2033x4.0\u2033 Fat Tire E-Bike"},"content":{"rendered":"<p>Die <strong>Velopro X3 Elektrofahrrad<\/strong> kombiniert St\u00e4rke, Stil und Leistung f\u00fcr Fahrer, die ein vielseitiges und zuverl\u00e4ssiges E-Bike suchen. Ausgestattet mit einem <strong>48V 10.4AH Lithium-Batterie<\/strong> und eine <strong>500W Heckmotor<\/strong>, Er bietet ein sanftes und kraftvolles Fahrerlebnis und erreicht Geschwindigkeiten von bis zu <strong>32KM\/H (einstellbar bis 45KM\/H)<\/strong>. Mit einer Reihe von <strong>40-50KM<\/strong>, Dieses Fahrrad ist ideal f\u00fcr den Stadtverkehr, Wochenendausfl\u00fcge und Outdoor-Erkundungen.<\/p>\n<p>Seine <strong>20\u2033x4.0\u2033 Chaoyang-Fett-Reifen<\/strong> bieten hervorragenden Grip und Stabilit\u00e4t auf Stra\u00dfen, Schotter, Sand oder Schnee. Die <strong>Zwei-Schulter-Federgabel<\/strong> und <strong>Zoom mechanische Scheibenbremsen<\/strong> sorgen f\u00fcr Komfort und Sicherheit auch in unwegsamem Gel\u00e4nde. Fahrer k\u00f6nnen leicht wechseln zwischen <strong>5 Pedalunterst\u00fctzungsmodi<\/strong> und verwenden Sie die <strong>Drehdrossel<\/strong> f\u00fcr zus\u00e4tzlichen Schub bei Bedarf.<\/p>\n<p>Das Velopro X3 ist mit einem starken <strong>Rahmen aus 6061er Aluminiumlegierung<\/strong>, Shimano 7-Gang-Schaltung und durchdachte Details wie Vorder- und R\u00fccklicht, Schutzbleche und eine mechanische Klingel. Dank der Wasserdichtheitsklasse IP54 ist es auch bei unterschiedlichen Wetterbedingungen zuverl\u00e4ssig, und das mitgelieferte Werkzeug macht die Montage zum Kinderspiel.<\/p>\n<p>Egal, ob Sie zur Arbeit pendeln, in der Stadt unterwegs sind oder die Natur erkunden, das Velopro X3 ist Ihr perfekter Begleiter in Sachen Leistung, Haltbarkeit und Stil.<\/p>\n<h2>Spezifikationen<\/h2>\n<table border=\"1\" cellspacing=\"0\" cellpadding=\"5\">\n<tbody>\n<tr>\n<th>Klassifizierung<\/th>\n<th>Spezifikationen<\/th>\n<th>Parameter<\/th>\n<\/tr>\n<tr>\n<td rowspan=\"10\">Elektronik<\/td>\n<td>Batterie<\/td>\n<td>48V*10.4AH<\/td>\n<\/tr>\n<tr>\n<td>Motor<\/td>\n<td>Hinterer Motor 48V*500W<\/td>\n<\/tr>\n<tr>\n<td>H\u00f6chstgeschwindigkeit<\/td>\n<td>32KM\/H (einstellbar bis 45KM\/H)<\/td>\n<\/tr>\n<tr>\n<td>Bereich<\/td>\n<td>40-50KM<\/td>\n<\/tr>\n<tr>\n<td>PAS<\/td>\n<td>5 Fahrmodi<\/td>\n<\/tr>\n<tr>\n<td>Ladeger\u00e4t<\/td>\n<td>54,6V 2A<\/td>\n<\/tr>\n<tr>\n<td>Aufladezeit<\/td>\n<td>5.2H<\/td>\n<\/tr>\n<tr>\n<td>Drosselklappe<\/td>\n<td>Drehgas<\/td>\n<\/tr>\n<tr>\n<td>Anzeige<\/td>\n<td>LCD-Anzeige<\/td>\n<\/tr>\n<tr>\n<td>Sensor<\/td>\n<td>Geschwindigkeitssensor 12 G\u00e4nge<\/td>\n<\/tr>\n<tr>\n<td colspan=\"2\">Lichter<\/td>\n<td>Mit Front- und R\u00fccklichtern<\/td>\n<\/tr>\n<tr>\n<td rowspan=\"14\">Normen<\/td>\n<td>Material des Rahmens<\/td>\n<td>Aluminium-Legierung 6061<\/td>\n<\/tr>\n<tr>\n<td>Radgr\u00f6\u00dfe<\/td>\n<td>20\u2033*4.0\u2033<\/td>\n<\/tr>\n<tr>\n<td>Reifenmarke<\/td>\n<td>Chaoyang<\/td>\n<\/tr>\n<tr>\n<td>Nettogewicht<\/td>\n<td>48.3KGS<\/td>\n<\/tr>\n<tr>\n<td>Bruttogewicht<\/td>\n<td>55KGS<\/td>\n<\/tr>\n<tr>\n<td>Nutzlast Kapazit\u00e4t<\/td>\n<td>150KGS<\/td>\n<\/tr>\n<tr>\n<td>Steigf\u00e4higkeit<\/td>\n<td>15\u00b0<\/td>\n<\/tr>\n<tr>\n<td>Werkzeuglose Montage<\/td>\n<td>Mitgelieferte Werkzeuge f\u00fcr die Montage<\/td>\n<\/tr>\n<tr>\n<td>Kette<\/td>\n<td>1\/2*3\/32 \u201dx118L<\/td>\n<\/tr>\n<tr>\n<td>Kurbelgarnitur<\/td>\n<td>48T*152L<\/td>\n<\/tr>\n<tr>\n<td>Kotfl\u00fcgel<\/td>\n<td>Mit vorderen und hinteren Kotfl\u00fcgeln<\/td>\n<\/tr>\n<tr>\n<td>Bremsen<\/td>\n<td>Zoom Mechanische Scheibenbremse<\/td>\n<\/tr>\n<tr>\n<td>Vorderradgabel<\/td>\n<td>Zwei-Schulter-Federgabel<\/td>\n<\/tr>\n<tr>\n<td>Schieber<\/td>\n<td>Shimano 7 G\u00e4nge<\/td>\n<\/tr>\n<tr>\n<td rowspan=\"7\">Andere<\/td>\n<td>Pedale<\/td>\n<td>Pedale aus Aluminiumlegierung<\/td>\n<\/tr>\n<tr>\n<td>Temperatur<\/td>\n<td>-10~45\u2103<\/td>\n<\/tr>\n<tr>\n<td>Wasserdichtes Niveau<\/td>\n<td>IP54<\/td>\n<\/tr>\n<tr>\n<td>Zusammenklappbar<\/td>\n<td>Nein<\/td>\n<\/tr>\n<tr>\n<td>Glocke\/Horn<\/td>\n<td>Mechanische Glocke<\/td>\n<\/tr>\n<tr>\n<td>Hinteres Gestell<\/td>\n<td>Kein Gep\u00e4cktr\u00e4ger<\/td>\n<\/tr>\n<tr>\n<td>Farbe<\/td>\n<td>Kundenspezifische Farbe<\/td>\n<\/tr>\n<tr>\n<td rowspan=\"4\">Gr\u00f6\u00dfe<\/td>\n<td>Gr\u00f6\u00dfe des Reiters<\/td>\n<td>155-190cm<\/td>\n<\/tr>\n<tr>\n<td>Packungsgr\u00f6\u00dfe<\/td>\n<td>151*27*73cm<\/td>\n<\/tr>\n<tr>\n<td>Fahrrad Zusammengeklappt Gr\u00f6\u00dfe<\/td>\n<td>Unaufklappbar<\/td>\n<\/tr>\n<tr>\n<td>Menge f\u00fcr 1*40HQ Container<\/td>\n<td>160 STCK.<\/td>\n<\/tr>\n<\/tbody>\n<\/table>","protected":false},"excerpt":{"rendered":"<p>Das Velopro X3 ist ein leistungsstarkes Fat-Tire-Elektrofahrrad, das sowohl f\u00fcr den t\u00e4glichen Pendlerverkehr als auch f\u00fcr abenteuerliche Fahrten geeignet ist. Mit einem 500W-Hinterradmotor, 48V-Akku, Shimano 7-Gang-Schaltung und robusten 20\u2033x4.0\u2033-Reifen ist dieses E-Bike f\u00fcr Komfort, Kontrolle und Zuverl\u00e4ssigkeit auf jedem Terrain ausgelegt.<\/p>","protected":false},"featured_media":2540,"comment_status":"open","ping_status":"closed","template":"","meta":[],"product_brand":[35],"product_cat":[27,28,38],"product_tag":[],"class_list":{"0":"post-2539","1":"product","2":"type-product","3":"status-publish","4":"has-post-thumbnail","6":"product_brand-velopro","7":"product_cat-city-ebike","8":"product_cat-fat-tire-ebike","9":"product_cat-velopro-electric-bikes","11":"first","12":"instock","13":"shipping-taxable","14":"purchasable","15":"product-type-simple"},"_links":{"self":[{"href":"https:\/\/galaxybicycle.com\/de\/wp-json\/wp\/v2\/product\/2539","targetHints":{"allow":["GET"]}}],"collection":[{"href":"https:\/\/galaxybicycle.com\/de\/wp-json\/wp\/v2\/product"}],"about":[{"href":"https:\/\/galaxybicycle.com\/de\/wp-json\/wp\/v2\/types\/product"}],"replies":[{"embeddable":true,"href":"https:\/\/galaxybicycle.com\/de\/wp-json\/wp\/v2\/comments?post=2539"}],"wp:featuredmedia":[{"embeddable":true,"href":"https:\/\/galaxybicycle.com\/de\/wp-json\/wp\/v2\/media\/2540"}],"wp:attachment":[{"href":"https:\/\/galaxybicycle.com\/de\/wp-json\/wp\/v2\/media?parent=2539"}],"wp:term":[{"taxonomy":"product_brand","embeddable":true,"href":"https:\/\/galaxybicycle.com\/de\/wp-json\/wp\/v2\/product_brand?post=2539"},{"taxonomy":"product_cat","embeddable":true,"href":"https:\/\/galaxybicycle.com\/de\/wp-json\/wp\/v2\/product_cat?post=2539"},{"taxonomy":"product_tag","embeddable":true,"href":"https:\/\/galaxybicycle.com\/de\/wp-json\/wp\/v2\/product_tag?post=2539"}],"curies":[{"name":"wp","href":"https:\/\/api.w.org\/{rel}","templated":true}]}}