{"id":2527,"date":"2025-08-18T03:15:45","date_gmt":"2025-08-18T03:15:45","guid":{"rendered":"http:\/\/galaxybicycle.com\/?post_type=product&#038;p=2527"},"modified":"2025-09-02T09:38:34","modified_gmt":"2025-09-02T09:38:34","slug":"c200-l","status":"publish","type":"product","link":"https:\/\/galaxybicycle.com\/de\/product\/c200-l\/","title":{"rendered":"Galaxy C200-L Adult Bicycle | 26-Zoll Leichtgewicht Mountainbike mit Shimano 21-Gang"},"content":{"rendered":"<p><strong>Galaxy C200-L Erwachsenenfahrrad<\/strong> ist die perfekte Mischung aus Haltbarkeit, Leistung und Stil f\u00fcr Alltagsfahrer. Egal, ob Sie durch die Stra\u00dfen der Stadt cruisen, Trails erkunden oder l\u00e4ssige Wochenendausfl\u00fcge genie\u00dfen, dieses 26-Zoll-Bike bietet Ihnen die Stabilit\u00e4t und Effizienz, die Sie brauchen.<\/p>\n<p>Seine <strong>Rahmen aus 6061er Aluminiumlegierung<\/strong> sorgt f\u00fcr leichte Festigkeit, w\u00e4hrend die <strong>26-Zoll Federgabel mit MLO (Mechanical Lock Out)<\/strong> absorbiert Unebenheiten und St\u00f6\u00dfe und sorgt so f\u00fcr ein ruhigeres Fahrverhalten. Ausgestattet mit einem <strong>Shimano 21-Gang-Antriebssystem<\/strong>, k\u00f6nnen Sie problemlos schalten, um Steigungen zu bew\u00e4ltigen oder m\u00fchelos \u00fcber flache Stra\u00dfen zu fahren.<\/p>\n<p>Sicherheit und Kontrolle sind dank der <strong>mechanische Scheibenbremsen<\/strong> die sowohl auf trockener als auch auf nasser Fahrbahn f\u00fcr zuverl\u00e4ssige Bremskraft sorgen. Gepaart mit <strong>CST-Reifen 26\u00d71.95<\/strong> und ein starkes Kettenrad und eine Nabe aus Stahl, ist dieses Fahrrad gebaut, um zu halten, w\u00e4hrend Ihre Fahrt angenehm und Spa\u00df.<\/p>\n<p>Egal, ob Sie Anf\u00e4nger oder erfahrener Fahrer sind, das Galaxy C200-L ist ein zuverl\u00e4ssiger Begleiter f\u00fcr Ihr t\u00e4gliches Pendeln, Ihre Fitnessroutine oder Ihre Outdoor-Erkundungen. Stylisch, praktisch und leistungsorientiert - das ist das Fahrrad, das Ihr Fahrerlebnis aufwertet.<\/p>\n<h2>Spezifikationen<\/h2>\n<table border=\"1\" cellspacing=\"0\" cellpadding=\"8\">\n<tbody>\n<tr>\n<th>Merkmal<\/th>\n<th>Einzelheiten<\/th>\n<\/tr>\n<tr>\n<td>Rahmen<\/td>\n<td>6061-Aluminium-Legierung, 26\u2033<\/td>\n<\/tr>\n<tr>\n<td>Gabel<\/td>\n<td>26\u2033 Federgabel mit MLO<\/td>\n<\/tr>\n<tr>\n<td>Schaltwerk<\/td>\n<td>Shimano 3\u00d77 G\u00e4nge (TZ500\/EF500)<\/td>\n<\/tr>\n<tr>\n<td>Freilauf<\/td>\n<td>Mehrfachfreilauf-Ritzel, 7-Gang<\/td>\n<\/tr>\n<tr>\n<td>Bremse<\/td>\n<td>Mechanische Scheibenbremse<\/td>\n<\/tr>\n<tr>\n<td>Bereifung<\/td>\n<td>CST 26\u2033x1.95<\/td>\n<\/tr>\n<tr>\n<td>Kettenrad<\/td>\n<td>Stahl<\/td>\n<\/tr>\n<tr>\n<td>Nabe<\/td>\n<td>Stahl-Lager-Kassette<\/td>\n<\/tr>\n<tr>\n<td>Messung<\/td>\n<td>136 x 21 x 76 cm<\/td>\n<\/tr>\n<\/tbody>\n<\/table>","protected":false},"excerpt":{"rendered":"<p>Fahren Sie mit Komfort, Kontrolle und Vertrauen auf dem Galaxy C200-L Erwachsenenfahrrad. Mit seinem leichten Aluminiumrahmen, der 21-Gang-Schaltung von Shimano und den zuverl\u00e4ssigen Scheibenbremsen ist es ideal f\u00fcr Pendler, Fitnessfahrten und Wochenendausfl\u00fcge geeignet.<\/p>","protected":false},"featured_media":2528,"comment_status":"open","ping_status":"closed","template":"","meta":[],"product_brand":[34],"product_cat":[37],"product_tag":[],"class_list":{"0":"post-2527","1":"product","2":"type-product","3":"status-publish","4":"has-post-thumbnail","6":"product_brand-galaxy","7":"product_cat-galaxy-bikes","9":"first","10":"instock","11":"shipping-taxable","12":"product-type-simple"},"_links":{"self":[{"href":"https:\/\/galaxybicycle.com\/de\/wp-json\/wp\/v2\/product\/2527","targetHints":{"allow":["GET"]}}],"collection":[{"href":"https:\/\/galaxybicycle.com\/de\/wp-json\/wp\/v2\/product"}],"about":[{"href":"https:\/\/galaxybicycle.com\/de\/wp-json\/wp\/v2\/types\/product"}],"replies":[{"embeddable":true,"href":"https:\/\/galaxybicycle.com\/de\/wp-json\/wp\/v2\/comments?post=2527"}],"wp:featuredmedia":[{"embeddable":true,"href":"https:\/\/galaxybicycle.com\/de\/wp-json\/wp\/v2\/media\/2528"}],"wp:attachment":[{"href":"https:\/\/galaxybicycle.com\/de\/wp-json\/wp\/v2\/media?parent=2527"}],"wp:term":[{"taxonomy":"product_brand","embeddable":true,"href":"https:\/\/galaxybicycle.com\/de\/wp-json\/wp\/v2\/product_brand?post=2527"},{"taxonomy":"product_cat","embeddable":true,"href":"https:\/\/galaxybicycle.com\/de\/wp-json\/wp\/v2\/product_cat?post=2527"},{"taxonomy":"product_tag","embeddable":true,"href":"https:\/\/galaxybicycle.com\/de\/wp-json\/wp\/v2\/product_tag?post=2527"}],"curies":[{"name":"wp","href":"https:\/\/api.w.org\/{rel}","templated":true}]}}