{"id":2521,"date":"2025-08-18T03:14:43","date_gmt":"2025-08-18T03:14:43","guid":{"rendered":"http:\/\/galaxybicycle.com\/?post_type=product&#038;p=2521"},"modified":"2025-09-02T09:40:27","modified_gmt":"2025-09-02T09:40:27","slug":"p10pro","status":"publish","type":"product","link":"https:\/\/galaxybicycle.com\/de\/product\/p10pro\/","title":{"rendered":"Galaxy P10PRO 27.5\u2033 Mountainbike f\u00fcr Erwachsene | Shimano 10-Gang Luftfederung Fahrrad"},"content":{"rendered":"<p><strong>Galaxy P10PRO<\/strong> wurde f\u00fcr Fahrer entwickelt, die sowohl Leistung als auch Haltbarkeit in einem schlanken Paket w\u00fcnschen. Sein 27,5-Zoll-Rahmen aus hochwertigem 6061er Aluminium bietet eine perfekte Balance aus St\u00e4rke und leichtem Handling. Ausgestattet mit einer <strong>Shimano 10-Gang-Antriebssystem<\/strong>, So k\u00f6nnen steile Anstiege und rasante Abfahrten souver\u00e4n bew\u00e4ltigt werden.<\/p>\n<p>Ein herausragendes Merkmal des Galaxy P10PRO ist seine <strong>Leichtmetall-Luftfedergabel mit MLO (Mechanical Lockout)<\/strong>, und sorgt f\u00fcr mehr Komfort und Kontrolle in unwegsamem Gel\u00e4nde. Ganz gleich, ob Sie auf felsigen Pfaden unterwegs sind oder durch die Stadt cruisen, die Federung sorgt f\u00fcr eine sanfte, angenehme Fahrt.<\/p>\n<p>Die Bremskraft kommt von <strong>Hydraulische Scheibenbremsen Shimano MT200<\/strong>, und bietet eine zuverl\u00e4ssige und reaktionsschnelle Bremsleistung bei allen Wetterbedingungen. Gepaart mit <strong>CST-Reifen 27.5\u00d72.10<\/strong>, gew\u00e4hrleistet das Fahrrad eine hervorragende Traktion und Stabilit\u00e4t auf unterschiedlichen Untergr\u00fcnden.<\/p>\n<p>Gebaut mit hochwertigen Komponenten wie dem <strong>Senicx Kurbelgarnitur aus Aluminium<\/strong> und <strong>Solon-Legierungsnaben mit Doppellager<\/strong>, Das P10PRO garantiert lang anhaltende Zuverl\u00e4ssigkeit und Effizienz. Perfekt f\u00fcr Anf\u00e4nger und erfahrene Radfahrer, ist dieses Mountainbike bereit, Ihr Radfahren Erfahrung zu erh\u00f6hen.<\/p>\n<h2>Spezifikationen<\/h2>\n<table border=\"1\" cellspacing=\"0\" cellpadding=\"8\">\n<tbody>\n<tr>\n<th>Merkmal<\/th>\n<th>Spezifikation<\/th>\n<\/tr>\n<tr>\n<td>Rahmen<\/td>\n<td>6061 Aluminium-Legierung, 27,5\u2033<\/td>\n<\/tr>\n<tr>\n<td>Gabel<\/td>\n<td>Alu-Luftfederung mit MLO, Alu-Krone und Innenbein<\/td>\n<\/tr>\n<tr>\n<td>Schaltwerk<\/td>\n<td>Shimano 10-Gang (RDM6000 \/ SLM6000)<\/td>\n<\/tr>\n<tr>\n<td>Freilauf<\/td>\n<td>Kassette 10-Gang<\/td>\n<\/tr>\n<tr>\n<td>Bremse<\/td>\n<td>Shimano MT200 Hydraulische Scheibenbremsen<\/td>\n<\/tr>\n<tr>\n<td>Bereifung<\/td>\n<td>CST 27,5\u2033 \u00d7 2,10\u2033<\/td>\n<\/tr>\n<tr>\n<td>Kettenrad<\/td>\n<td>Senicx Einteiler mit Alukurbel<\/td>\n<\/tr>\n<tr>\n<td>Nabe<\/td>\n<td>Solon Alloy Doppellager, Kassette<\/td>\n<\/tr>\n<tr>\n<td>Messung<\/td>\n<td>141 \u00d7 21 \u00d7 74 cm<\/td>\n<\/tr>\n<\/tbody>\n<\/table>\n<p><strong>Warum sollten Sie sich f\u00fcr das Galaxy P10PRO entscheiden?<\/strong><\/p>\n<ul>\n<li>Leichter und dennoch robuster Rahmen aus 6061er Aluminiumlegierung<\/li>\n<li>Shimano 10-Gang-Antriebssystem f\u00fcr reibungslose und pr\u00e4zise Schaltvorg\u00e4nge<\/li>\n<li>Hochentwickelte Alu-Luftfedergabel mit Lockout f\u00fcr maximalen Komfort<\/li>\n<li>Leistungsstarke hydraulische Scheibenbremsen von Shimano f\u00fcr sicheres, kontrolliertes Anhalten<\/li>\n<li>Zuverl\u00e4ssige CST-Reifen f\u00fcr Stabilit\u00e4t und Grip im Gel\u00e4nde<\/li>\n<li>Premium-Naben und -Kurbelgarnitur f\u00fcr lang anhaltende Leistung<\/li>\n<\/ul>","protected":false},"excerpt":{"rendered":"<p>Fahren Sie mit Vertrauen auf der <strong>Galaxy P10PRO Mountainbike f\u00fcr Erwachsene<\/strong>. Mit einem leichten 6061-Aluminiumrahmen, einer Shimano 10-Gang-Pr\u00e4zisionsschaltung und einer fortschrittlichen Aluminium-Luftfedergabel ist dieses Fahrrad perfekt f\u00fcr Bergpfade, Stadtfahrten und Wochenendabenteuer.<\/p>","protected":false},"featured_media":2522,"comment_status":"open","ping_status":"closed","template":"","meta":[],"product_brand":[34],"product_cat":[15,37],"product_tag":[],"class_list":{"0":"post-2521","1":"product","2":"type-product","3":"status-publish","4":"has-post-thumbnail","6":"product_brand-galaxy","7":"product_cat-galaxybicycle","8":"product_cat-galaxy-bikes","10":"first","11":"instock","12":"shipping-taxable","13":"product-type-simple"},"_links":{"self":[{"href":"https:\/\/galaxybicycle.com\/de\/wp-json\/wp\/v2\/product\/2521","targetHints":{"allow":["GET"]}}],"collection":[{"href":"https:\/\/galaxybicycle.com\/de\/wp-json\/wp\/v2\/product"}],"about":[{"href":"https:\/\/galaxybicycle.com\/de\/wp-json\/wp\/v2\/types\/product"}],"replies":[{"embeddable":true,"href":"https:\/\/galaxybicycle.com\/de\/wp-json\/wp\/v2\/comments?post=2521"}],"wp:featuredmedia":[{"embeddable":true,"href":"https:\/\/galaxybicycle.com\/de\/wp-json\/wp\/v2\/media\/2522"}],"wp:attachment":[{"href":"https:\/\/galaxybicycle.com\/de\/wp-json\/wp\/v2\/media?parent=2521"}],"wp:term":[{"taxonomy":"product_brand","embeddable":true,"href":"https:\/\/galaxybicycle.com\/de\/wp-json\/wp\/v2\/product_brand?post=2521"},{"taxonomy":"product_cat","embeddable":true,"href":"https:\/\/galaxybicycle.com\/de\/wp-json\/wp\/v2\/product_cat?post=2521"},{"taxonomy":"product_tag","embeddable":true,"href":"https:\/\/galaxybicycle.com\/de\/wp-json\/wp\/v2\/product_tag?post=2521"}],"curies":[{"name":"wp","href":"https:\/\/api.w.org\/{rel}","templated":true}]}}