{"id":2517,"date":"2025-08-18T03:14:02","date_gmt":"2025-08-18T03:14:02","guid":{"rendered":"http:\/\/galaxybicycle.com\/?post_type=product&#038;p=2517"},"modified":"2025-09-02T09:43:35","modified_gmt":"2025-09-02T09:43:35","slug":"p12","status":"publish","type":"product","link":"https:\/\/galaxybicycle.com\/de\/product\/p12\/","title":{"rendered":"Galaxy P12 Carbon XC-Race 27.5\u2033 Mountainbike f\u00fcr Erwachsene | Shimano Deore 12-Gang | Leichtgewicht Carbon MTB"},"content":{"rendered":"<p><strong>Galaxy P12 Erwachsenenfahrrad<\/strong> ist ein Mountainbike der Profiklasse, das f\u00fcr Fahrer entwickelt wurde, die eine perfekte Balance zwischen <em>Leichtgewichtige Leistung, St\u00e4rke und Kontrolle<\/em>. Gebaut mit einer <strong>Carbon-Rahmen mit XC-Race-Geometrie<\/strong> und eine <strong>Magnesium Luftfedergabel<\/strong> mit Remote-Lock-Out bietet dieses Rad ein hervorragendes Handling bei Anstiegen und Abfahrten.<\/p>\n<p>Ausgestattet mit dem <strong>Shimano Deore 1\u00d712-Gang-Antriebssystem<\/strong>, Die Galaxy P12 sorgt f\u00fcr sanfte, pr\u00e4zise Schaltvorg\u00e4nge bei steilen Anstiegen und schnellen Flachpassagen. Die <strong>Hydraulische Scheibenbremsen Shimano BR-MT200<\/strong> bieten zuverl\u00e4ssige Bremskraft unter allen Bedingungen und geben Ihnen Vertrauen auf technischen Trails. Seine <strong>doppelwandige Aluminium-Felgen<\/strong> mit CST-Reifen der Gr\u00f6\u00dfe 27,5\u2033 x 2,10 machen es sowohl robust als auch reaktionsschnell f\u00fcr Cross-Country- und Off-Road-Abenteuer.<\/p>\n<p>Mit hochwertigen Ausstattungsmerkmalen wie einem <strong>MTB-Rennsattel<\/strong>, Das Galaxy P12 wurde entwickelt, um Ihre erste Wahl f\u00fcr Rennen, Training und Langstreckenfahrten in den Bergen zu sein.<\/p>\n<h3>Spezifikationen<\/h3>\n<table border=\"1\" cellspacing=\"0\" cellpadding=\"6\">\n<tbody>\n<tr>\n<th colspan=\"2\">Frameset<\/th>\n<\/tr>\n<tr>\n<td>Rahmen<\/td>\n<td>Carbon XC-Race Geometrie MTB, 12x148mm, Steckachse<\/td>\n<\/tr>\n<tr>\n<td>Gabel<\/td>\n<td>Magnesium Air, 100mm Federweg, Remote Lock-out, Steckachse<\/td>\n<\/tr>\n<tr>\n<th colspan=\"2\">Antriebsstrang<\/th>\n<\/tr>\n<tr>\n<td>Schieberegler<\/td>\n<td>Shimano Deore 1\u00d712-Gang<\/td>\n<\/tr>\n<tr>\n<td>Umwerfer<\/td>\n<td>Null (1x System)<\/td>\n<\/tr>\n<tr>\n<td>Schaltwerk<\/td>\n<td>Shimano Deore 12-Gang<\/td>\n<\/tr>\n<tr>\n<td>Kurbelgarnitur<\/td>\n<td>Aluminium hohl, 36 Z\u00e4hne<\/td>\n<\/tr>\n<tr>\n<td>Bremsen<\/td>\n<td>Shimano BR-MT200 Hydraulische Scheibe<\/td>\n<\/tr>\n<tr>\n<th colspan=\"2\">R\u00e4der<\/th>\n<\/tr>\n<tr>\n<td>Felgen<\/td>\n<td>Aluminium, Doppelwandige Scheibe<\/td>\n<\/tr>\n<tr>\n<td>Drehkreuze<\/td>\n<td>Aluminium, Lager, 15\/12mm, Steckachse<\/td>\n<\/tr>\n<tr>\n<td>Bereifung<\/td>\n<td>CST 27,5\u2033 x 2,10, A\/V<\/td>\n<\/tr>\n<tr>\n<th colspan=\"2\">Komponenten<\/th>\n<\/tr>\n<tr>\n<td>Lenker<\/td>\n<td>Aluminium, 680\u00d731,8mm, Steigung 5mm<\/td>\n<\/tr>\n<tr>\n<td>Vorbau<\/td>\n<td>Aluminium, 31,8mm -17\u00b0<\/td>\n<\/tr>\n<tr>\n<td>Sattel<\/td>\n<td>MTB-Rennsattel<\/td>\n<\/tr>\n<tr>\n<td>Sattelst\u00fctze<\/td>\n<td>Aluminium, 31,6 mm<\/td>\n<\/tr>\n<tr>\n<th colspan=\"2\">Allgemein<\/th>\n<\/tr>\n<tr>\n<td>Gr\u00f6\u00dfe<\/td>\n<td>27.5\u2033<\/td>\n<\/tr>\n<\/tbody>\n<\/table>","protected":false},"excerpt":{"rendered":"<p>Das Galaxy P12 ist ein Hochleistungs-Mountainbike f\u00fcr Erwachsene mit einem XC-Race-Carbonrahmen, einer Shimano Deore 12-Gang-Schaltung und reaktionsschnellen hydraulischen Scheibenbremsen. Dieses leichte MTB wurde f\u00fcr Geschwindigkeit, Agilit\u00e4t und Langlebigkeit entwickelt und eignet sich perfekt f\u00fcr Cross-Country-Fahrten und Abenteuerpfade.<\/p>","protected":false},"featured_media":2518,"comment_status":"open","ping_status":"closed","template":"","meta":[],"product_brand":[34],"product_cat":[15,37],"product_tag":[],"class_list":{"0":"post-2517","1":"product","2":"type-product","3":"status-publish","4":"has-post-thumbnail","6":"product_brand-galaxy","7":"product_cat-galaxybicycle","8":"product_cat-galaxy-bikes","10":"first","11":"instock","12":"shipping-taxable","13":"product-type-simple"},"_links":{"self":[{"href":"https:\/\/galaxybicycle.com\/de\/wp-json\/wp\/v2\/product\/2517","targetHints":{"allow":["GET"]}}],"collection":[{"href":"https:\/\/galaxybicycle.com\/de\/wp-json\/wp\/v2\/product"}],"about":[{"href":"https:\/\/galaxybicycle.com\/de\/wp-json\/wp\/v2\/types\/product"}],"replies":[{"embeddable":true,"href":"https:\/\/galaxybicycle.com\/de\/wp-json\/wp\/v2\/comments?post=2517"}],"wp:featuredmedia":[{"embeddable":true,"href":"https:\/\/galaxybicycle.com\/de\/wp-json\/wp\/v2\/media\/2518"}],"wp:attachment":[{"href":"https:\/\/galaxybicycle.com\/de\/wp-json\/wp\/v2\/media?parent=2517"}],"wp:term":[{"taxonomy":"product_brand","embeddable":true,"href":"https:\/\/galaxybicycle.com\/de\/wp-json\/wp\/v2\/product_brand?post=2517"},{"taxonomy":"product_cat","embeddable":true,"href":"https:\/\/galaxybicycle.com\/de\/wp-json\/wp\/v2\/product_cat?post=2517"},{"taxonomy":"product_tag","embeddable":true,"href":"https:\/\/galaxybicycle.com\/de\/wp-json\/wp\/v2\/product_tag?post=2517"}],"curies":[{"name":"wp","href":"https:\/\/api.w.org\/{rel}","templated":true}]}}