{"id":2515,"date":"2025-08-18T03:13:33","date_gmt":"2025-08-18T03:13:33","guid":{"rendered":"http:\/\/galaxybicycle.com\/?post_type=product&#038;p=2515"},"modified":"2025-09-02T09:43:55","modified_gmt":"2025-09-02T09:43:55","slug":"t10","status":"publish","type":"product","link":"https:\/\/galaxybicycle.com\/de\/product\/t10\/","title":{"rendered":"Galaxy T10 Mountainbike f\u00fcr Erwachsene | 27.5\u2033 Alurahmen mit Shimano 10-Gang"},"content":{"rendered":"<p><strong>Galaxy T10 Mountainbike f\u00fcr Erwachsene<\/strong> ist f\u00fcr Fahrer konzipiert, die St\u00e4rke, Pr\u00e4zision und Vielseitigkeit verlangen. Mit einem robusten AL6061-Legierungsrahmen und einer 27,5\u2033-Legierungs-Luftfedergabel mit HLO und Legierungskrone ausgestattet, gew\u00e4hrleistet dieses Fahrrad Stabilit\u00e4t und Sto\u00dfd\u00e4mpfung sowohl f\u00fcr Stra\u00dfen in der Stadt als auch f\u00fcr Bergpfade.<\/p>\n<p>Mit dem vertrauten <strong>Shimano CUES 10-Gang-Kettenschaltung<\/strong>, Der Fahrer kann problemlos schalten, um flache Stra\u00dfen, steile Anstiege oder schnelle Abfahrten zu bew\u00e4ltigen. Die leistungsstarke <strong>Hydraulische Scheibenbremsen Shimano MT200<\/strong> bieten zuverl\u00e4ssige Bremskraft bei allen Wetterbedingungen, w\u00e4hrend die traktionsstarken <strong>Kenda-Reifen 27,5 x 2,40<\/strong> geben Ihnen Sicherheit auf unebenem Untergrund.<\/p>\n<p>Ausgestattet mit hochwertigen Komponenten wie dem <strong>SENICX Kurbelgarnitur aus Aluminium<\/strong> und <strong>Doppelt gelagerte Naben von Solon<\/strong>, Das Galaxy T10 ist auf Langlebigkeit und hohe Leistung ausgelegt. Egal, ob Sie raue Bergpfade erkunden oder durch die Stra\u00dfen Ihrer Stadt cruisen, dieses Fahrrad bietet ein unvergleichliches Fahrerlebnis.<\/p>\n<h3>Warum sollten Sie sich f\u00fcr das Galaxy T10 entscheiden?<\/h3>\n<ul>\n<li><strong>Starker und leichter Rahmen:<\/strong> Der Rahmen aus einer AL6061-Legierung garantiert Langlebigkeit ohne unn\u00f6tiges Gewicht.<\/li>\n<li><strong>Sanfte Federung:<\/strong> 27,5\u2033 Luftfedergabel mit HLO f\u00fcr bessere Kontrolle und Komfort.<\/li>\n<li><strong>Pr\u00e4zise Schaltung:<\/strong> Shimano CUES 10-Gang-System f\u00fcr m\u00fchelose Leistung auf jedem Terrain.<\/li>\n<li><strong>Zuverl\u00e4ssig bremsen:<\/strong> Die hydraulischen Shimano MT200-Scheibenbremsen sorgen f\u00fcr konstante Bremskraft.<\/li>\n<li><strong>Gel\u00e4ndetauglich:<\/strong> Die Kenda-Reifen der Gr\u00f6\u00dfe 27,5 x 2,40 greifen zuverl\u00e4ssig in den Boden.<\/li>\n<li><strong>Erstklassige Ausf\u00fchrung:<\/strong> Hochwertige Naben und Kurbels\u00e4tze f\u00fcr dauerhafte Stabilit\u00e4t.<\/li>\n<\/ul>\n<h3>Spezifikationen<\/h3>\n<table border=\"1\" cellspacing=\"0\" cellpadding=\"6\">\n<tbody>\n<tr>\n<th>Merkmal<\/th>\n<th>Einzelheiten<\/th>\n<\/tr>\n<tr>\n<td>Rahmen<\/td>\n<td>AL 6061#, 27,5\u2033.<\/td>\n<\/tr>\n<tr>\n<td>Gabel<\/td>\n<td>27,5\u2033 Alu-Luftfedergabel mit HLO, Alu-Krone<\/td>\n<\/tr>\n<tr>\n<td>Schaltwerk<\/td>\n<td>Shimano CUES 10SP (RDU6000\/SLU6000)<\/td>\n<\/tr>\n<tr>\n<td>Freilauf<\/td>\n<td>Kassette 10-Gang<\/td>\n<\/tr>\n<tr>\n<td>Bremse<\/td>\n<td>Shimano MT200 Hydraulische Scheibenbremse<\/td>\n<\/tr>\n<tr>\n<td>Bereifung<\/td>\n<td>Kenda 27,5 x 2,40<\/td>\n<\/tr>\n<tr>\n<td>Kettenrad<\/td>\n<td>SENICX Einteilig mit Alu-Kurbel<\/td>\n<\/tr>\n<tr>\n<td>Nabe<\/td>\n<td>Solon Alloy Front Double Bearing \/ Rear Four Bearing, Kassette<\/td>\n<\/tr>\n<tr>\n<td>Messungen<\/td>\n<td>148 x 23 x 75 cm<\/td>\n<\/tr>\n<\/tbody>\n<\/table>","protected":false},"excerpt":{"rendered":"<p>Das Galaxy T10 Adult Bicycle ist ein leistungsstarkes und stylisches Mountainbike mit leichtem 27,5\u2033-Legierungsrahmen, fortschrittlichem Shimano CUES 10-Gang-Antrieb und reaktionsschnellen hydraulischen Scheibenbremsen. Perfekt f\u00fcr Fahrer, die Kontrolle, Komfort und Leistung auf jedem Terrain wollen.<\/p>","protected":false},"featured_media":2516,"comment_status":"open","ping_status":"closed","template":"","meta":[],"product_brand":[34],"product_cat":[15,37],"product_tag":[],"class_list":{"0":"post-2515","1":"product","2":"type-product","3":"status-publish","4":"has-post-thumbnail","6":"product_brand-galaxy","7":"product_cat-galaxybicycle","8":"product_cat-galaxy-bikes","10":"first","11":"instock","12":"shipping-taxable","13":"product-type-simple"},"_links":{"self":[{"href":"https:\/\/galaxybicycle.com\/de\/wp-json\/wp\/v2\/product\/2515","targetHints":{"allow":["GET"]}}],"collection":[{"href":"https:\/\/galaxybicycle.com\/de\/wp-json\/wp\/v2\/product"}],"about":[{"href":"https:\/\/galaxybicycle.com\/de\/wp-json\/wp\/v2\/types\/product"}],"replies":[{"embeddable":true,"href":"https:\/\/galaxybicycle.com\/de\/wp-json\/wp\/v2\/comments?post=2515"}],"wp:featuredmedia":[{"embeddable":true,"href":"https:\/\/galaxybicycle.com\/de\/wp-json\/wp\/v2\/media\/2516"}],"wp:attachment":[{"href":"https:\/\/galaxybicycle.com\/de\/wp-json\/wp\/v2\/media?parent=2515"}],"wp:term":[{"taxonomy":"product_brand","embeddable":true,"href":"https:\/\/galaxybicycle.com\/de\/wp-json\/wp\/v2\/product_brand?post=2515"},{"taxonomy":"product_cat","embeddable":true,"href":"https:\/\/galaxybicycle.com\/de\/wp-json\/wp\/v2\/product_cat?post=2515"},{"taxonomy":"product_tag","embeddable":true,"href":"https:\/\/galaxybicycle.com\/de\/wp-json\/wp\/v2\/product_tag?post=2515"}],"curies":[{"name":"wp","href":"https:\/\/api.w.org\/{rel}","templated":true}]}}