{"id":2505,"date":"2025-08-18T03:10:21","date_gmt":"2025-08-18T03:10:21","guid":{"rendered":"http:\/\/galaxybicycle.com\/?post_type=product&#038;p=2505"},"modified":"2025-09-02T09:45:37","modified_gmt":"2025-09-02T09:45:37","slug":"gx9","status":"publish","type":"product","link":"https:\/\/galaxybicycle.com\/de\/product\/gx9\/","title":{"rendered":"Galaxy GX9 Adult Bicycle | Leichtgewicht 700C Stra\u00dfe &amp; Schotter Hybrid Bike"},"content":{"rendered":"<p><strong>Galaxy GX9 Erwachsenenfahrrad<\/strong> kombiniert schlankes Design mit moderner Leistung, um Ihnen die perfekte Balance zwischen Komfort und Geschwindigkeit zu bieten. Der robuste AL 6061# 700C-Rahmen und die starke Aluminiumgabel sorgen f\u00fcr Stabilit\u00e4t und Agilit\u00e4t bei t\u00e4glichen Fahrten und langen Strecken. Ob Sie zur Arbeit pendeln, eine Wochenendtour genie\u00dfen oder neue Trails erkunden, das GX9 passt sich Ihrem Lebensstil an.<\/p>\n<p>Ausgestattet mit einem <strong>L-TWOO GR5 9-Gang-Antriebssystem<\/strong>, Mit der neuen, leichtg\u00e4ngigen Schaltung k\u00f6nnen Sie flache Stra\u00dfen, Anstiege und Abfahrten mit Leichtigkeit bew\u00e4ltigen. Die <strong>L-TWOO hydraulische Scheibenbremsen<\/strong> sorgen f\u00fcr eine starke und zuverl\u00e4ssige Bremsleistung bei allen Wetterbedingungen. Weiterrollen <strong>CST-Reifen 700x38C<\/strong>, Der GX9 bietet Grip und Komfort auf unterschiedlichem Terrain und ist damit eine vielseitige Wahl sowohl f\u00fcr befestigte Stra\u00dfen als auch f\u00fcr leichte Schotterwege.<\/p>\n<p>F\u00fcr Fahrer, die sowohl Leistung als auch Komfort zu sch\u00e4tzen wissen, wurde der <strong>Galaxy GX9<\/strong> ist ein zuverl\u00e4ssiger Partner f\u00fcr Fitnessfahrten, Pendlerfahrten in der Stadt und Outdoor-Abenteuer.<\/p>\n<h3>Spezifikationen<\/h3>\n<table border=\"1\" cellspacing=\"0\" cellpadding=\"6\">\n<tbody>\n<tr>\n<th>Komponente<\/th>\n<th>Einzelheiten<\/th>\n<\/tr>\n<tr>\n<td>Rahmen<\/td>\n<td>AL 6061#, 700C<\/td>\n<\/tr>\n<tr>\n<td>Gabel<\/td>\n<td>AL 6061#, 700C mit Alloy-Vorbau<\/td>\n<\/tr>\n<tr>\n<td>Schaltwerk<\/td>\n<td>L-TWOO GR5, 9-Gang<\/td>\n<\/tr>\n<tr>\n<td>Freilauf<\/td>\n<td>9-Gang-Kassette<\/td>\n<\/tr>\n<tr>\n<td>Bremsen<\/td>\n<td>L-TWOO Hydraulische Scheibenbremse<\/td>\n<\/tr>\n<tr>\n<td>Bereifung<\/td>\n<td>CST 700\u00d738C<\/td>\n<\/tr>\n<tr>\n<td>Kettenrad<\/td>\n<td>SENICX Einteiliges Hohlrad mit Legierungskurbel<\/td>\n<\/tr>\n<tr>\n<td>Nabe<\/td>\n<td>SOLON Alloy Front Double Bearing \/ Rear Four Bearing, Kassette<\/td>\n<\/tr>\n<tr>\n<td>Abmessungen<\/td>\n<td>150 \u00d7 33 \u00d7 73 cm<\/td>\n<\/tr>\n<\/tbody>\n<\/table>","protected":false},"excerpt":{"rendered":"<p>Das Galaxy GX9 Fahrrad f\u00fcr Erwachsene wurde f\u00fcr Fahrer entwickelt, die ein reibungsloses, zuverl\u00e4ssiges und vielseitiges Fahrgef\u00fchl suchen. Mit seinem leichten AL 6061#-Rahmen, den reaktionsschnellen hydraulischen Scheibenbremsen und der 9-Gang-Schaltung ist dieses Fahrrad perfekt f\u00fcr den Stadtverkehr, Wochenendausfl\u00fcge oder Fitnessfahrten.<\/p>","protected":false},"featured_media":2506,"comment_status":"open","ping_status":"closed","template":"","meta":[],"product_brand":[34],"product_cat":[37],"product_tag":[],"class_list":{"0":"post-2505","1":"product","2":"type-product","3":"status-publish","4":"has-post-thumbnail","6":"product_brand-galaxy","7":"product_cat-galaxy-bikes","9":"first","10":"instock","11":"shipping-taxable","12":"product-type-simple"},"_links":{"self":[{"href":"https:\/\/galaxybicycle.com\/de\/wp-json\/wp\/v2\/product\/2505","targetHints":{"allow":["GET"]}}],"collection":[{"href":"https:\/\/galaxybicycle.com\/de\/wp-json\/wp\/v2\/product"}],"about":[{"href":"https:\/\/galaxybicycle.com\/de\/wp-json\/wp\/v2\/types\/product"}],"replies":[{"embeddable":true,"href":"https:\/\/galaxybicycle.com\/de\/wp-json\/wp\/v2\/comments?post=2505"}],"wp:featuredmedia":[{"embeddable":true,"href":"https:\/\/galaxybicycle.com\/de\/wp-json\/wp\/v2\/media\/2506"}],"wp:attachment":[{"href":"https:\/\/galaxybicycle.com\/de\/wp-json\/wp\/v2\/media?parent=2505"}],"wp:term":[{"taxonomy":"product_brand","embeddable":true,"href":"https:\/\/galaxybicycle.com\/de\/wp-json\/wp\/v2\/product_brand?post=2505"},{"taxonomy":"product_cat","embeddable":true,"href":"https:\/\/galaxybicycle.com\/de\/wp-json\/wp\/v2\/product_cat?post=2505"},{"taxonomy":"product_tag","embeddable":true,"href":"https:\/\/galaxybicycle.com\/de\/wp-json\/wp\/v2\/product_tag?post=2505"}],"curies":[{"name":"wp","href":"https:\/\/api.w.org\/{rel}","templated":true}]}}