{"id":2385,"date":"2025-08-17T04:27:09","date_gmt":"2025-08-17T04:27:09","guid":{"rendered":"https:\/\/go.galaxybicycle.com\/?post_type=product&#038;p=2385"},"modified":"2025-09-03T09:37:44","modified_gmt":"2025-09-03T09:37:44","slug":"m750e","status":"publish","type":"product","link":"https:\/\/galaxybicycle.com\/de\/product\/m750e\/","title":{"rendered":"Velopro F750E Elektro-Faltrad | 500W Mid-Drive Motor, Drehmomentsensor, hydraulische Bremsen"},"content":{"rendered":"<p>Entdecken Sie die <strong>Velopro F750E Elektro-Faltrad<\/strong> - ein perfektes Gleichgewicht von St\u00e4rke, Technologie und Vielseitigkeit.<br \/>\nEntwickelt mit einem leistungsstarken <strong>48V 500W Motor mit mittlerem Antrieb<\/strong> und eine zuverl\u00e4ssige <strong>48V 10.4AH EVE-Batterie<\/strong>, Er bietet m\u00fchelose Fahrten mit einer H\u00f6chstgeschwindigkeit von <strong>32KM\/H<\/strong> und eine Reihe von <strong>35-45KM<\/strong> mit einer einzigen Ladung.<br \/>\nDie <strong>Drehmomentsensor<\/strong> sorgt f\u00fcr nat\u00fcrliche Tretunterst\u00fctzung, w\u00e4hrend <strong>hydraulische Scheibenbremsen<\/strong> bieten unter allen Bedingungen eine erstklassige Bremsleistung.<br \/>\nSeine <strong>20\u00d74\u2033 CST-Fett-Reifen<\/strong> und <strong>Federgabel<\/strong> machen es geeignet f\u00fcr Stra\u00dfen, Wege und alles dazwischen.<br \/>\nWenn er nicht gebraucht wird, l\u00e4sst sich der F750E zusammenklappen und leicht verstauen, was ihn zum idealen Reisebegleiter f\u00fcr Pendler und Outdoor-Entdecker macht.<\/p>\n<p>Praktische Merkmale wie ein <strong>Hecktr\u00e4ger<\/strong>, <strong>Front- und Heckleuchten<\/strong>, <strong>Shimano 7-Gang-Schaltung<\/strong>, und <strong>Wasserdichtigkeit IP54<\/strong> erh\u00f6hen sowohl den Komfort als auch die Zuverl\u00e4ssigkeit. Ob bei Fahrten in der Stadt oder bei Abenteuern abseits der Stra\u00dfe, der Velopro F750E sorgt f\u00fcr Spa\u00df, Sicherheit und Umweltfreundlichkeit.<\/p>\n<h2>Spezifikationen<\/h2>\n<table border=\"1\" cellspacing=\"0\" cellpadding=\"6\">\n<tbody>\n<tr>\n<th>Klassifizierung<\/th>\n<th>Spezifikationen<\/th>\n<th>Parameter<\/th>\n<\/tr>\n<tr>\n<td rowspan=\"10\">Elektronik<\/td>\n<td>Batterie<\/td>\n<td>48V 10.4AH (EVE-Zellen)<\/td>\n<\/tr>\n<tr>\n<td>Motor<\/td>\n<td>48V 500W Mid-Drive Motor<\/td>\n<\/tr>\n<tr>\n<td>H\u00f6chstgeschwindigkeit<\/td>\n<td>32KM\/H<\/td>\n<\/tr>\n<tr>\n<td>Bereich<\/td>\n<td>35-45KM<\/td>\n<\/tr>\n<tr>\n<td>PAS<\/td>\n<td>5 Fahrmodi<\/td>\n<\/tr>\n<tr>\n<td>Ladeger\u00e4t<\/td>\n<td>54,6V 2A<\/td>\n<\/tr>\n<tr>\n<td>Aufladezeit<\/td>\n<td>5 Stunden<\/td>\n<\/tr>\n<tr>\n<td>Drosselklappe<\/td>\n<td>Drehgas<\/td>\n<\/tr>\n<tr>\n<td>Anzeige<\/td>\n<td>LCD-Anzeige<\/td>\n<\/tr>\n<tr>\n<td>Sensor<\/td>\n<td>Drehmomentsensor<\/td>\n<\/tr>\n<tr>\n<td rowspan=\"15\">Normen<\/td>\n<td>Material des Rahmens<\/td>\n<td>Aluminium-Legierung 6061<\/td>\n<\/tr>\n<tr>\n<td>Radgr\u00f6\u00dfe<\/td>\n<td>20\u00d74\u2019\u2019<\/td>\n<\/tr>\n<tr>\n<td>Reifenmarke<\/td>\n<td>CST<\/td>\n<\/tr>\n<tr>\n<td>Nettogewicht<\/td>\n<td>31KG<\/td>\n<\/tr>\n<tr>\n<td>Bruttogewicht<\/td>\n<td>40.8KG<\/td>\n<\/tr>\n<tr>\n<td>Nutzlast Kapazit\u00e4t<\/td>\n<td>150KG<\/td>\n<\/tr>\n<tr>\n<td>Steigf\u00e4higkeit<\/td>\n<td>15\u00b0<\/td>\n<\/tr>\n<tr>\n<td>Bremsen<\/td>\n<td>Hydraulische Scheibenbremsen (vorne und hinten)<\/td>\n<\/tr>\n<tr>\n<td>Vorderradgabel<\/td>\n<td>Federgabel<\/td>\n<\/tr>\n<tr>\n<td>Schieber<\/td>\n<td>Shimano 7-Gang<\/td>\n<\/tr>\n<tr>\n<td>Kotfl\u00fcgel<\/td>\n<td>Vorne und hinten inbegriffen<\/td>\n<\/tr>\n<tr>\n<td>Hinteres Gestell<\/td>\n<td>Ja<\/td>\n<\/tr>\n<tr>\n<td>Zusammenklappbar<\/td>\n<td>Ja<\/td>\n<\/tr>\n<tr>\n<td>Wasserdichtes Niveau<\/td>\n<td>IP54<\/td>\n<\/tr>\n<tr>\n<td>Farbe<\/td>\n<td>Anpassbar<\/td>\n<\/tr>\n<tr>\n<td rowspan=\"3\">Gr\u00f6\u00dfe<\/td>\n<td>Gr\u00f6\u00dfe des Reiters<\/td>\n<td>155-190cm<\/td>\n<\/tr>\n<tr>\n<td>Packungsgr\u00f6\u00dfe<\/td>\n<td>106\u00d748\u00d781cm<\/td>\n<\/tr>\n<tr>\n<td>Menge f\u00fcr 1*40HQ Container<\/td>\n<td>180 STCK.<\/td>\n<\/tr>\n<\/tbody>\n<\/table>","protected":false},"excerpt":{"rendered":"<p>Das Velopro F750E ist ein leistungsstarkes Elektro-Faltrad, das auf Leistung, Komfort und Bequemlichkeit ausgelegt ist. Mit einem 500-W-Mittelmotor, einem Drehmomentsensor f\u00fcr sanftes Treten und hydraulischen Scheibenbremsen ist dieses E-Bike mit breiten Reifen perfekt f\u00fcr den Stadtverkehr und Outdoor-Abenteuer.<\/p>","protected":false},"featured_media":2386,"comment_status":"open","ping_status":"closed","template":"","meta":[],"product_brand":[35],"product_cat":[27,28,38],"product_tag":[],"class_list":{"0":"post-2385","1":"product","2":"type-product","3":"status-publish","4":"has-post-thumbnail","6":"product_brand-velopro","7":"product_cat-city-ebike","8":"product_cat-fat-tire-ebike","9":"product_cat-velopro-electric-bikes","11":"first","12":"instock","13":"shipping-taxable","14":"product-type-simple"},"_links":{"self":[{"href":"https:\/\/galaxybicycle.com\/de\/wp-json\/wp\/v2\/product\/2385","targetHints":{"allow":["GET"]}}],"collection":[{"href":"https:\/\/galaxybicycle.com\/de\/wp-json\/wp\/v2\/product"}],"about":[{"href":"https:\/\/galaxybicycle.com\/de\/wp-json\/wp\/v2\/types\/product"}],"replies":[{"embeddable":true,"href":"https:\/\/galaxybicycle.com\/de\/wp-json\/wp\/v2\/comments?post=2385"}],"wp:featuredmedia":[{"embeddable":true,"href":"https:\/\/galaxybicycle.com\/de\/wp-json\/wp\/v2\/media\/2386"}],"wp:attachment":[{"href":"https:\/\/galaxybicycle.com\/de\/wp-json\/wp\/v2\/media?parent=2385"}],"wp:term":[{"taxonomy":"product_brand","embeddable":true,"href":"https:\/\/galaxybicycle.com\/de\/wp-json\/wp\/v2\/product_brand?post=2385"},{"taxonomy":"product_cat","embeddable":true,"href":"https:\/\/galaxybicycle.com\/de\/wp-json\/wp\/v2\/product_cat?post=2385"},{"taxonomy":"product_tag","embeddable":true,"href":"https:\/\/galaxybicycle.com\/de\/wp-json\/wp\/v2\/product_tag?post=2385"}],"curies":[{"name":"wp","href":"https:\/\/api.w.org\/{rel}","templated":true}]}}