{"id":2383,"date":"2025-08-17T04:26:48","date_gmt":"2025-08-17T04:26:48","guid":{"rendered":"https:\/\/go.galaxybicycle.com\/?post_type=product&#038;p=2383"},"modified":"2025-09-02T09:34:28","modified_gmt":"2025-09-02T09:34:28","slug":"m200e","status":"publish","type":"product","link":"https:\/\/galaxybicycle.com\/de\/product\/m200e\/","title":{"rendered":"Velopro M200E Step-Through Elektrofahrrad | Casual Cruiser mit Sicherheitsfunktionen"},"content":{"rendered":"<p>Treffen Sie die <strong>Velopro M200E Durchgestecktes eBike<\/strong>, ist Ihr perfekter Alltagsbegleiter f\u00fcr entspanntes Pendeln, Stadtfahrten oder Wochenendabenteuer. Der robuste 20\u2033-Stahlrahmen und das Step-Through-Design machen das Auf- und Absteigen m\u00fchelos und bequem f\u00fcr Fahrer jeden Alters. Die Federgabel mit MLO und Alu-Krone gleicht Unebenheiten aus, w\u00e4hrend die breiten 20\u2033 x 4.0 Chaoyang-Reifen hervorragende Traktion und Stabilit\u00e4t auf Stra\u00dfen, Parks und leichten Trails bieten.<\/p>\n<p>Angetrieben von einem starken <strong>48V 500W Hinterradnabenmotor<\/strong> und gepaart mit einer lang anhaltenden <strong>48V 10.4Ah Akku<\/strong>, Das M200E gibt Ihnen die Freiheit, l\u00e4ngere Strecken mit Vertrauen zu fahren. Die 7-Gang-Schaltung von Shimano sorgt f\u00fcr sanfte Gangwechsel, egal ob Sie H\u00fcgel erklimmen oder \u00fcber flache Stra\u00dfen gleiten. Mechanische Scheibenbremsen sorgen f\u00fcr zuverl\u00e4ssige Bremskraft und geben Ihnen Sicherheit, egal wohin Ihre Reise Sie f\u00fchrt.<\/p>\n<p>Die <strong>Velopro M200E<\/strong> verf\u00fcgt au\u00dferdem \u00fcber ein helles, leicht ablesbares Farbdisplay, mit dem Sie Ihre Geschwindigkeit, die Akkulaufzeit und den Fahrmodus auf einen Blick erfassen k\u00f6nnen. Mit seinem l\u00e4ssigen Cruiser-Design und den zus\u00e4tzlichen Sicherheitsfunktionen ist dieses eBike ideal f\u00fcr alle, die Komfort, Zuverl\u00e4ssigkeit und Stil in einem einzigen Paket suchen.<\/p>\n<h3>Spezifikationen<\/h3>\n<table border=\"1\" cellspacing=\"0\" cellpadding=\"6\">\n<tbody>\n<tr>\n<th>Komponente<\/th>\n<th>Einzelheiten<\/th>\n<\/tr>\n<tr>\n<td>Rahmen<\/td>\n<td>20\u2033 Stahl-Durchstiegsrahmen<\/td>\n<\/tr>\n<tr>\n<td>Gabel<\/td>\n<td>20\u2033 Federgabel mit MLO &amp; Alu-Krone<\/td>\n<\/tr>\n<tr>\n<td>Schaltwerk<\/td>\n<td>Shimano 7 G\u00e4nge<\/td>\n<\/tr>\n<tr>\n<td>Bremsen<\/td>\n<td>Mechanische Scheibenbremsen<\/td>\n<\/tr>\n<tr>\n<td>Reifen<\/td>\n<td>Chaoyang 20\u2033 \u00d7 4.0 Fett-Reifen<\/td>\n<\/tr>\n<tr>\n<td>Anzeige<\/td>\n<td>Farbiger Bildschirm<\/td>\n<\/tr>\n<tr>\n<td>Motor<\/td>\n<td>Hinterradnabenmotor 48V \u00d7 500W<\/td>\n<\/tr>\n<tr>\n<td>Batterie<\/td>\n<td>48V \u00d7 10,4Ah Akku<\/td>\n<\/tr>\n<\/tbody>\n<\/table>","protected":false},"excerpt":{"rendered":"<p>Das Velopro M200E ist ein schickes und leicht zu fahrendes eBike mit Durchstieg, das f\u00fcr gelegentliche Fahrten entwickelt wurde. Mit dicken 20\u2033-Reifen, einem leistungsstarken 500W-Motor und einer zuverl\u00e4ssigen Shimano 7-Gang-Schaltung kombiniert es Komfort, Kontrolle und zus\u00e4tzliche Sicherheitsfunktionen f\u00fcr den Alltag.<\/p>","protected":false},"featured_media":2384,"comment_status":"open","ping_status":"closed","template":"","meta":[],"product_brand":[35],"product_cat":[27,28,38],"product_tag":[],"class_list":{"0":"post-2383","1":"product","2":"type-product","3":"status-publish","4":"has-post-thumbnail","6":"product_brand-velopro","7":"product_cat-city-ebike","8":"product_cat-fat-tire-ebike","9":"product_cat-velopro-electric-bikes","11":"first","12":"instock","13":"shipping-taxable","14":"product-type-simple"},"_links":{"self":[{"href":"https:\/\/galaxybicycle.com\/de\/wp-json\/wp\/v2\/product\/2383","targetHints":{"allow":["GET"]}}],"collection":[{"href":"https:\/\/galaxybicycle.com\/de\/wp-json\/wp\/v2\/product"}],"about":[{"href":"https:\/\/galaxybicycle.com\/de\/wp-json\/wp\/v2\/types\/product"}],"replies":[{"embeddable":true,"href":"https:\/\/galaxybicycle.com\/de\/wp-json\/wp\/v2\/comments?post=2383"}],"wp:featuredmedia":[{"embeddable":true,"href":"https:\/\/galaxybicycle.com\/de\/wp-json\/wp\/v2\/media\/2384"}],"wp:attachment":[{"href":"https:\/\/galaxybicycle.com\/de\/wp-json\/wp\/v2\/media?parent=2383"}],"wp:term":[{"taxonomy":"product_brand","embeddable":true,"href":"https:\/\/galaxybicycle.com\/de\/wp-json\/wp\/v2\/product_brand?post=2383"},{"taxonomy":"product_cat","embeddable":true,"href":"https:\/\/galaxybicycle.com\/de\/wp-json\/wp\/v2\/product_cat?post=2383"},{"taxonomy":"product_tag","embeddable":true,"href":"https:\/\/galaxybicycle.com\/de\/wp-json\/wp\/v2\/product_tag?post=2383"}],"curies":[{"name":"wp","href":"https:\/\/api.w.org\/{rel}","templated":true}]}}