{"id":2381,"date":"2025-08-17T04:26:19","date_gmt":"2025-08-17T04:26:19","guid":{"rendered":"https:\/\/go.galaxybicycle.com\/?post_type=product&#038;p=2381"},"modified":"2025-11-28T06:49:39","modified_gmt":"2025-11-28T06:49:39","slug":"c8","status":"publish","type":"product","link":"https:\/\/galaxybicycle.com\/de\/product\/c8\/","title":{"rendered":"Galaxy C8 Fahrrad f\u00fcr Erwachsene | Komfortables City-Bike mit Aluminiumrahmen, Shimano 24-Gang und hydraulischen Scheibenbremsen"},"content":{"rendered":"<p><strong>Galaxy C8 Erwachsenenfahrrad<\/strong> ist f\u00fcr Fahrer konzipiert, die sowohl Komfort als auch Zuverl\u00e4ssigkeit sch\u00e4tzen. Mit einem stabilen und dennoch leichten Aluminiumrahmen und einer sorgf\u00e4ltig ausbalancierten, komfortablen Geometrie ist dieses Rad perfekt f\u00fcr den t\u00e4glichen Gebrauch geeignet - egal, ob Sie zur Arbeit pendeln, Wochenendausfl\u00fcge genie\u00dfen oder die Stadt erkunden wollen. Der Shimano 3\u00d78-Gang-Antrieb sorgt f\u00fcr eine reibungslose Schaltung in unterschiedlichem Gel\u00e4nde, w\u00e4hrend die hydraulischen Shimano BR-MT200-Scheibenbremsen f\u00fcr zuverl\u00e4ssige Bremskraft bei allen Wetterbedingungen sorgen.<\/p>\n<p>Ausgestattet mit doppelwandigen Aluminiumfelgen, langlebigen Kenda 700C-Reifen und einem bequemen City-Sattel sorgt das Galaxy C8 f\u00fcr Stabilit\u00e4t und lang anhaltende Leistung. Der ergonomische Lenker und der verstellbare Vorbau sorgen f\u00fcr eine nat\u00fcrliche Fahrposition und verringern die Erm\u00fcdung bei l\u00e4ngeren Fahrten. Mit einer Mischung aus Stil, Technologie und Praktikabilit\u00e4t ist das Galaxy C8 die ideale Wahl f\u00fcr urbane Radfahrer, die bei jeder Fahrt sowohl Effizienz als auch Fahrspa\u00df suchen.<\/p>\n<h3>Wesentliche Merkmale:<\/h3>\n<ul>\n<li>Leichter Aluminiumrahmen mit komfortabler Geometrie<\/li>\n<li>Shimano 24-Gang-Antriebssystem f\u00fcr vielseitige Leistung<\/li>\n<li>Hydraulische Scheibenbremsen f\u00fcr sicheres und zuverl\u00e4ssiges Anhalten<\/li>\n<li>Langlebige Kenda 700C-Reifen f\u00fcr ruhige Fahrten in der Stadt<\/li>\n<li>Komfortabler Sattel und ergonomischer Lenker f\u00fcr den t\u00e4glichen Gebrauch<\/li>\n<\/ul>\n<h3>Spezifikationen<\/h3>\n<table border=\"1\" cellspacing=\"0\" cellpadding=\"6\">\n<tbody>\n<tr>\n<th>Kategorie<\/th>\n<th>Einzelheiten<\/th>\n<\/tr>\n<tr>\n<td><strong>Rahmen<\/strong><\/td>\n<td>Aluminium, komfortable Geometrie<\/td>\n<\/tr>\n<tr>\n<td><strong>Gabel<\/strong><\/td>\n<td>Aluminium, Scheibe<\/td>\n<\/tr>\n<tr>\n<td><strong>Schieberegler<\/strong><\/td>\n<td>Shimano Altus 3\u00d78-Gang<\/td>\n<\/tr>\n<tr>\n<td><strong>Umwerfer<\/strong><\/td>\n<td>Shimano Tourney 3-Gang<\/td>\n<\/tr>\n<tr>\n<td><strong>Schaltwerk<\/strong><\/td>\n<td>Shimano Tourney 8-Gang<\/td>\n<\/tr>\n<tr>\n<td><strong>Bremsen<\/strong><\/td>\n<td>Shimano BR-MT200 Hydraulische Scheibe<\/td>\n<\/tr>\n<tr>\n<td><strong>Kurbelgarnitur<\/strong><\/td>\n<td>Aluminium-Kurbel, 42x34x24T<\/td>\n<\/tr>\n<tr>\n<td><strong>Felgen<\/strong><\/td>\n<td>Aluminium, doppelwandig<\/td>\n<\/tr>\n<tr>\n<td><strong>Drehkreuze<\/strong><\/td>\n<td>Aluminium, Lager, Schnellspanner<\/td>\n<\/tr>\n<tr>\n<td><strong>Bereifung<\/strong><\/td>\n<td>Kenda 700C x 35C, A\/V<\/td>\n<\/tr>\n<tr>\n<td><strong>Lenker<\/strong><\/td>\n<td>Aluminium, 620\u00d731,8mm, Steigung 15mm<\/td>\n<\/tr>\n<tr>\n<td><strong>Vorbau<\/strong><\/td>\n<td>Aluminium, 31,8mm, 7\u00b0<\/td>\n<\/tr>\n<tr>\n<td><strong>Sattel<\/strong><\/td>\n<td>City Comfortable Saddle<\/td>\n<\/tr>\n<tr>\n<td><strong>Sattelst\u00fctze<\/strong><\/td>\n<td>Aluminium, 27,2 mm<\/td>\n<\/tr>\n<tr>\n<td><strong>Gr\u00f6\u00dfe<\/strong><\/td>\n<td>700C<\/td>\n<\/tr>\n<\/tbody>\n<\/table>","protected":false},"excerpt":{"rendered":"<p>Das Galaxy C8 Fahrrad f\u00fcr Erwachsene kombiniert Komfort, Leistung und Haltbarkeit mit seinem leichten Aluminiumrahmen, der 24-Gang-Schaltung von Shimano und den leistungsstarken hydraulischen Scheibenbremsen. Dieses vielseitige Fahrrad eignet sich perfekt f\u00fcr Pendler-, Freizeit- oder Fitnessfahrten und sorgt f\u00fcr ein reibungsloses und angenehmes Erlebnis auf Stadtstra\u00dfen und leichten Trails.<\/p>","protected":false},"featured_media":2382,"comment_status":"open","ping_status":"closed","template":"","meta":[],"product_brand":[34],"product_cat":[37],"product_tag":[],"class_list":{"0":"post-2381","1":"product","2":"type-product","3":"status-publish","4":"has-post-thumbnail","6":"product_brand-galaxy","7":"product_cat-galaxy-bikes","9":"first","10":"instock","11":"shipping-taxable","12":"product-type-simple"},"_links":{"self":[{"href":"https:\/\/galaxybicycle.com\/de\/wp-json\/wp\/v2\/product\/2381","targetHints":{"allow":["GET"]}}],"collection":[{"href":"https:\/\/galaxybicycle.com\/de\/wp-json\/wp\/v2\/product"}],"about":[{"href":"https:\/\/galaxybicycle.com\/de\/wp-json\/wp\/v2\/types\/product"}],"replies":[{"embeddable":true,"href":"https:\/\/galaxybicycle.com\/de\/wp-json\/wp\/v2\/comments?post=2381"}],"wp:featuredmedia":[{"embeddable":true,"href":"https:\/\/galaxybicycle.com\/de\/wp-json\/wp\/v2\/media\/2382"}],"wp:attachment":[{"href":"https:\/\/galaxybicycle.com\/de\/wp-json\/wp\/v2\/media?parent=2381"}],"wp:term":[{"taxonomy":"product_brand","embeddable":true,"href":"https:\/\/galaxybicycle.com\/de\/wp-json\/wp\/v2\/product_brand?post=2381"},{"taxonomy":"product_cat","embeddable":true,"href":"https:\/\/galaxybicycle.com\/de\/wp-json\/wp\/v2\/product_cat?post=2381"},{"taxonomy":"product_tag","embeddable":true,"href":"https:\/\/galaxybicycle.com\/de\/wp-json\/wp\/v2\/product_tag?post=2381"}],"curies":[{"name":"wp","href":"https:\/\/api.w.org\/{rel}","templated":true}]}}