{"id":2379,"date":"2025-08-17T04:25:55","date_gmt":"2025-08-17T04:25:55","guid":{"rendered":"https:\/\/go.galaxybicycle.com\/?post_type=product&#038;p=2379"},"modified":"2025-09-02T09:46:17","modified_gmt":"2025-09-02T09:46:17","slug":"c9","status":"publish","type":"product","link":"https:\/\/galaxybicycle.com\/de\/product\/c9\/","title":{"rendered":"Galaxy C9 Adult Bicycle | Leichtes Aluminium City &amp; Rennrad mit Shimano 9-Gang"},"content":{"rendered":"<p><strong>Galaxy C9 Erwachsenenfahrrad<\/strong> wurde entwickelt, um Komfort, Effizienz und Zuverl\u00e4ssigkeit f\u00fcr Fahrer aller Leistungsklassen zu vereinen. Mit seinem leichten Aluminiumrahmen und der durchdachten Geometrie macht dieses Rad sowohl das t\u00e4gliche Pendeln als auch lange Freizeitfahrten angenehm und m\u00fchelos. Der Shimano CUES 9-Gang-Antrieb sorgt f\u00fcr sanfte Schaltvorg\u00e4nge und gibt Ihnen die Flexibilit\u00e4t, flache Stra\u00dfen, leichte Steigungen oder l\u00e4ngere Fahrten mit Leichtigkeit zu bew\u00e4ltigen.<\/p>\n<p>Ausgestattet mit <strong>Hydraulische Scheibenbremsen Shimano BR-MT200<\/strong>, Das Galaxy C9 sorgt f\u00fcr zuverl\u00e4ssige Bremskraft bei allen Wetterbedingungen, damit Sie sicher und kontrolliert fahren k\u00f6nnen. Die 700C-Reifen von Kenda sorgen f\u00fcr exzellenten Grip und Rollwiderstand, w\u00e4hrend die doppelwandigen Aluminiumfelgen und die versiegelten Naben die Haltbarkeit und Stabilit\u00e4t f\u00fcr eine langfristige Leistung verbessern.<\/p>\n<p>F\u00fcr zus\u00e4tzlichen Komfort verf\u00fcgt das Rad \u00fcber einen stadttauglichen Sattel, einen ergonomischen Lenker mit bequemer Erh\u00f6hung und einen verstellbaren Vorbau, der sich Ihrem Fahrstil anpasst. Egal, ob Sie zur Arbeit pendeln, die Stadt erkunden oder eine Wochenendtour genie\u00dfen, das Galaxy C9 ist so gebaut, dass es ein reibungsloses und angenehmes Fahrgef\u00fchl vermittelt.<\/p>\n<h3>Wesentliche Merkmale:<\/h3>\n<ul>\n<li>Leichter Aluminiumrahmen mit komfortabler Geometrie f\u00fcr einfaches Handling<\/li>\n<li>Shimano CUES 1\u00d79-Gang-Antriebssystem f\u00fcr reibungslose und zuverl\u00e4ssige Schaltvorg\u00e4nge<\/li>\n<li>Leistungsstarke hydraulische Scheibenbremsen von Shimano f\u00fcr sicheres Anhalten unter allen Bedingungen<\/li>\n<li>Kenda 700C-Reifen f\u00fcr effizientes Rollen und Stabilit\u00e4t<\/li>\n<li>Langlebige, doppelwandige Aluminiumfelgen mit abgedichteten Naben<\/li>\n<li>Ergonomischer City-Sattel und Lenker f\u00fcr t\u00e4glichen Fahrkomfort<\/li>\n<\/ul>\n<h3>Spezifikationen<\/h3>\n<table border=\"1\" cellspacing=\"0\" cellpadding=\"6\">\n<tbody>\n<tr>\n<th>Kategorie<\/th>\n<th>Einzelheiten<\/th>\n<\/tr>\n<tr>\n<td><strong>Rahmen<\/strong><\/td>\n<td>Aluminium, komfortable Geometrie, 700C<\/td>\n<\/tr>\n<tr>\n<td><strong>Gabel<\/strong><\/td>\n<td>Aluminium, Scheibe<\/td>\n<\/tr>\n<tr>\n<td><strong>Schieberegler<\/strong><\/td>\n<td>Shimano CUES 1\u00d79-Gang<\/td>\n<\/tr>\n<tr>\n<td><strong>Umwerfer<\/strong><\/td>\n<td>Null<\/td>\n<\/tr>\n<tr>\n<td><strong>Schaltwerk<\/strong><\/td>\n<td>Shimano CUES 9-Gang<\/td>\n<\/tr>\n<tr>\n<td><strong>Bremsen<\/strong><\/td>\n<td>Shimano BR-MT200 Hydraulische Scheibe<\/td>\n<\/tr>\n<tr>\n<td><strong>Kurbelgarnitur<\/strong><\/td>\n<td>Aluminium, hohl, 42 Z\u00e4hne<\/td>\n<\/tr>\n<tr>\n<td><strong>Felgen<\/strong><\/td>\n<td>Aluminium, doppelwandig<\/td>\n<\/tr>\n<tr>\n<td><strong>Drehkreuze<\/strong><\/td>\n<td>Aluminium, Lager, Schnellspanner<\/td>\n<\/tr>\n<tr>\n<td><strong>Bereifung<\/strong><\/td>\n<td>Kenda 700C\u00d735C, A\/V<\/td>\n<\/tr>\n<tr>\n<td><strong>Lenker<\/strong><\/td>\n<td>Aluminium, 620\u00d731,8mm, Steigung 15mm<\/td>\n<\/tr>\n<tr>\n<td><strong>Vorbau<\/strong><\/td>\n<td>Aluminium, 31,8mm, 7\u00b0<\/td>\n<\/tr>\n<tr>\n<td><strong>Sattel<\/strong><\/td>\n<td>City Comfortable Saddle<\/td>\n<\/tr>\n<tr>\n<td><strong>Sattelst\u00fctze<\/strong><\/td>\n<td>Aluminium, 27,2 mm<\/td>\n<\/tr>\n<tr>\n<td><strong>Gr\u00f6\u00dfe<\/strong><\/td>\n<td>700C<\/td>\n<\/tr>\n<\/tbody>\n<\/table>","protected":false},"excerpt":{"rendered":"<p>Das Galaxy C9 ist ein schlankes, komfortables und leistungsf\u00e4higes Fahrrad f\u00fcr Erwachsene mit einem leichten Aluminiumrahmen, einer leichtg\u00e4ngigen Shimano 9-Gang-Schaltung und leistungsstarken hydraulischen Scheibenbremsen. Perfekt f\u00fcr den Stadtverkehr, Wochenendausfl\u00fcge und Alltagsabenteuer.<\/p>","protected":false},"featured_media":2380,"comment_status":"open","ping_status":"closed","template":"","meta":[],"product_brand":[34],"product_cat":[37],"product_tag":[],"class_list":{"0":"post-2379","1":"product","2":"type-product","3":"status-publish","4":"has-post-thumbnail","6":"product_brand-galaxy","7":"product_cat-galaxy-bikes","9":"first","10":"instock","11":"shipping-taxable","12":"product-type-simple"},"_links":{"self":[{"href":"https:\/\/galaxybicycle.com\/de\/wp-json\/wp\/v2\/product\/2379","targetHints":{"allow":["GET"]}}],"collection":[{"href":"https:\/\/galaxybicycle.com\/de\/wp-json\/wp\/v2\/product"}],"about":[{"href":"https:\/\/galaxybicycle.com\/de\/wp-json\/wp\/v2\/types\/product"}],"replies":[{"embeddable":true,"href":"https:\/\/galaxybicycle.com\/de\/wp-json\/wp\/v2\/comments?post=2379"}],"wp:featuredmedia":[{"embeddable":true,"href":"https:\/\/galaxybicycle.com\/de\/wp-json\/wp\/v2\/media\/2380"}],"wp:attachment":[{"href":"https:\/\/galaxybicycle.com\/de\/wp-json\/wp\/v2\/media?parent=2379"}],"wp:term":[{"taxonomy":"product_brand","embeddable":true,"href":"https:\/\/galaxybicycle.com\/de\/wp-json\/wp\/v2\/product_brand?post=2379"},{"taxonomy":"product_cat","embeddable":true,"href":"https:\/\/galaxybicycle.com\/de\/wp-json\/wp\/v2\/product_cat?post=2379"},{"taxonomy":"product_tag","embeddable":true,"href":"https:\/\/galaxybicycle.com\/de\/wp-json\/wp\/v2\/product_tag?post=2379"}],"curies":[{"name":"wp","href":"https:\/\/api.w.org\/{rel}","templated":true}]}}