{"id":2374,"date":"2025-08-17T04:25:02","date_gmt":"2025-08-17T04:25:02","guid":{"rendered":"https:\/\/go.galaxybicycle.com\/?post_type=product&#038;p=2374"},"modified":"2026-01-22T12:14:56","modified_gmt":"2026-01-22T12:14:56","slug":"a6-pro","status":"publish","type":"product","link":"https:\/\/galaxybicycle.com\/de\/product\/a6-pro\/","title":{"rendered":"Galaxy A6 PRO Fahrrad f\u00fcr Erwachsene | 21-Gang Shimano Mountainbike"},"content":{"rendered":"<p>Entdecken Sie die <strong>Galaxy A6 PRO Erwachsenenfahrrad<\/strong>, Eine perfekte Kombination aus Haltbarkeit, Leistung und Stil. Ganz gleich, ob Sie zur Arbeit pendeln, durch die Stadt fahren oder Wochenendabenteuer auf Bergpfaden genie\u00dfen, der A6 PRO ist so konzipiert, dass er auf Schritt und Tritt Komfort und Zuverl\u00e4ssigkeit bietet.<\/p>\n<p>Der leichte und dennoch robuste Rahmen aus einer 6061er-Legierung sorgt f\u00fcr Stabilit\u00e4t, w\u00e4hrend die Federgabel mit MLO (Mechanical Lockout) Unebenheiten absorbiert und so f\u00fcr ein sanftes Fahrgef\u00fchl sorgt. Das <strong>Shimano 21-Gang Tourney-Schaltung<\/strong> k\u00f6nnen Sie m\u00fchelos schalten und verschiedene Terrains bew\u00e4ltigen - von steilen H\u00fcgeln bis zu flachen Stra\u00dfen.<\/p>\n<p>Sicherheit und Kontrolle werden verbessert durch <strong>mechanische Scheibenbremsen<\/strong> die unter allen Wetterbedingungen eine zuverl\u00e4ssige Bremsleistung bieten. Mit <strong>Kenda K1153-Reifen<\/strong> und doppelwandigen Leichtmetallfelgen garantiert dieses Fahrrad einen hervorragenden Grip und eine lang anhaltende St\u00e4rke. Das Galaxy A6 PRO ist sowohl f\u00fcr Anf\u00e4nger als auch f\u00fcr erfahrene Fahrer perfekt geeignet und ist Ihr ideales Fahrrad f\u00fcr Fitness, Spa\u00df und Abenteuer.<\/p>\n<h2>Wesentliche Merkmale:<\/h2>\n<ul>\n<li>Robuster Rahmen aus 6061er-Legierung f\u00fcr Stabilit\u00e4t und geringes Gewicht<\/li>\n<li>Federgabel mit MLO f\u00fcr sanftere Fahrten in unwegsamem Gel\u00e4nde<\/li>\n<li>Shimano 21-Gang Tourney Schaltung mit STEF500 Shiftern<\/li>\n<li>Zuverl\u00e4ssige mechanische Scheibenbremsen f\u00fcr Bremskraft bei jedem Wetter<\/li>\n<li>Kenda K1153-Reifen f\u00fcr hervorragende Traktion<\/li>\n<li>Alu-Kurbelgarnitur mit Kettenschutz f\u00fcr zus\u00e4tzlichen Schutz<\/li>\n<li>Doppelt gelagerte Leichtmetallnaben mit Schnellspanner (QR) f\u00fcr mehr Komfort<\/li>\n<li>Doppelwandige Leichtmetallfelgen mit CNC-Seitenw\u00e4nden f\u00fcr lange Haltbarkeit<\/li>\n<\/ul>\n<h2>Spezifikationen<\/h2>\n<table border=\"1\" cellspacing=\"0\" cellpadding=\"6\">\n<tbody>\n<tr>\n<th>Komponente<\/th>\n<th>Spezifikation<\/th>\n<\/tr>\n<tr>\n<td>Rahmen<\/td>\n<td>6061 Legierung Rahmen<\/td>\n<\/tr>\n<tr>\n<td>Gabel<\/td>\n<td>Federgabel mit MLO<\/td>\n<\/tr>\n<tr>\n<td>Schaltwerk<\/td>\n<td>Shimano Tourney FD \/ RD, 21-Gang<\/td>\n<\/tr>\n<tr>\n<td>Schieber<\/td>\n<td>Shimano STEF500 21-Gang<\/td>\n<\/tr>\n<tr>\n<td>Freilauf<\/td>\n<td>7-Gang, 14-28 Z\u00e4hne<\/td>\n<\/tr>\n<tr>\n<td>Bremse<\/td>\n<td>Mechanische Scheibenbremse<\/td>\n<\/tr>\n<tr>\n<td>Reifen<\/td>\n<td>Kenda K1153<\/td>\n<\/tr>\n<tr>\n<td>Kettenrad<\/td>\n<td>Prowheel 24\/34\/42T \u00d7 170L, Alu-Kurbel mit Kettenschutz<\/td>\n<\/tr>\n<tr>\n<td>Nabe<\/td>\n<td>Legierung, Doppellager mit Schnellspanner<\/td>\n<\/tr>\n<tr>\n<td>Felgen<\/td>\n<td>Legierung Doppelwandig, H=30mm mit CNC Seite<\/td>\n<\/tr>\n<\/tbody>\n<\/table>","protected":false},"excerpt":{"rendered":"<p>Das Galaxy A6 PRO ist ein vielseitiges Mountainbike f\u00fcr Erwachsene, das f\u00fcr Fahrer entwickelt wurde, die reibungslose Leistung, langlebige Qualit\u00e4t und das t\u00e4gliche Abenteuer lieben. Ausgestattet mit einem stabilen Aluminiumrahmen, einem Shimano 21-Gang-System, mechanischen Scheibenbremsen und Kenda-Reifen ist dieses Fahrrad so gebaut, dass es sowohl in der Stadt als auch im Gel\u00e4nde sicher f\u00e4hrt.<\/p>","protected":false},"featured_media":2376,"comment_status":"open","ping_status":"closed","template":"","meta":[],"product_brand":[34],"product_cat":[15],"product_tag":[],"class_list":{"0":"post-2374","1":"product","2":"type-product","3":"status-publish","4":"has-post-thumbnail","6":"product_brand-galaxy","7":"product_cat-galaxybicycle","9":"first","10":"instock","11":"shipping-taxable","12":"product-type-simple"},"_links":{"self":[{"href":"https:\/\/galaxybicycle.com\/de\/wp-json\/wp\/v2\/product\/2374","targetHints":{"allow":["GET"]}}],"collection":[{"href":"https:\/\/galaxybicycle.com\/de\/wp-json\/wp\/v2\/product"}],"about":[{"href":"https:\/\/galaxybicycle.com\/de\/wp-json\/wp\/v2\/types\/product"}],"replies":[{"embeddable":true,"href":"https:\/\/galaxybicycle.com\/de\/wp-json\/wp\/v2\/comments?post=2374"}],"wp:featuredmedia":[{"embeddable":true,"href":"https:\/\/galaxybicycle.com\/de\/wp-json\/wp\/v2\/media\/2376"}],"wp:attachment":[{"href":"https:\/\/galaxybicycle.com\/de\/wp-json\/wp\/v2\/media?parent=2374"}],"wp:term":[{"taxonomy":"product_brand","embeddable":true,"href":"https:\/\/galaxybicycle.com\/de\/wp-json\/wp\/v2\/product_brand?post=2374"},{"taxonomy":"product_cat","embeddable":true,"href":"https:\/\/galaxybicycle.com\/de\/wp-json\/wp\/v2\/product_cat?post=2374"},{"taxonomy":"product_tag","embeddable":true,"href":"https:\/\/galaxybicycle.com\/de\/wp-json\/wp\/v2\/product_tag?post=2374"}],"curies":[{"name":"wp","href":"https:\/\/api.w.org\/{rel}","templated":true}]}}