{"id":2372,"date":"2025-08-17T04:24:42","date_gmt":"2025-08-17T04:24:42","guid":{"rendered":"https:\/\/go.galaxybicycle.com\/?post_type=product&#038;p=2372"},"modified":"2025-09-02T10:20:05","modified_gmt":"2025-09-02T10:20:05","slug":"a7-promax","status":"publish","type":"product","link":"https:\/\/galaxybicycle.com\/de\/product\/a7-promax\/","title":{"rendered":"Galaxy A7 PROMAX Adult Bike | 24-Gang Shimano Mountainbike mit Federgabel"},"content":{"rendered":"<p><b>Galaxy A7 PROMAX Fahrrad f\u00fcr Erwachsene<\/b> wurde f\u00fcr Fahrer gebaut, die ein Mountainbike auf Profi-Niveau suchen, das dennoch einsteigerfreundlich ist und Spa\u00df macht. Egal, ob Sie durch die Stadt pendeln, Naturpfade erkunden oder Wochenendausfl\u00fcge genie\u00dfen, dieses Fahrrad kombiniert ein robustes <b>Rahmen aus 6061er Aluminiumlegierung<\/b> mit fortgeschrittenen <b>Shimano 24-Gang-Getriebe<\/b> f\u00fcr eine reibungslose und zuverl\u00e4ssige Leistung. Sein <b>Federgabel mit MLO<\/b> hilft, St\u00f6\u00dfe zu absorbieren, w\u00e4hrend <b>Kenda K1153-Reifen<\/b> halten Sie auf verschiedenen Untergr\u00fcnden fest.<\/p>\n<p>Der A7 PROMAX ist sowohl auf Komfort als auch auf Langlebigkeit ausgelegt und verf\u00fcgt \u00fcber folgende Merkmale <b>mechanische Scheibenbremsen<\/b> f\u00fcr konstante Bremskraft, <b>Doppelwandige Leichtmetallfelgen mit CNC-Seitenw\u00e4nden<\/b> f\u00fcr St\u00e4rke und eine <b>Prowheel Aluminium-Kurbelgarnitur<\/b> mit Kettenschutz f\u00fcr effizientes Pedalieren. Dieses Fahrrad f\u00fcr Erwachsene wurde f\u00fcr diejenigen entwickelt, die Pr\u00e4zision, Kontrolle und Stil bei jeder Fahrt sch\u00e4tzen.<\/p>\n<h3>Warum sollten Sie sich f\u00fcr das Galaxy A7 PROMAX entscheiden?<\/h3>\n<ul>\n<li><b>Shimano 24-Gang-System<\/b> f\u00fcr reibungslose und pr\u00e4zise Schaltvorg\u00e4nge.<\/li>\n<li><b>Leichter Rahmen aus 6061er-Legierung<\/b> gebaut f\u00fcr St\u00e4rke und Haltbarkeit.<\/li>\n<li><b>Federgabel mit MLO<\/b> um St\u00f6\u00dfe zu d\u00e4mpfen und den Komfort zu verbessern.<\/li>\n<li><b>Mechanische Scheibenbremsen<\/b> f\u00fcr zuverl\u00e4ssige Bremskraft bei jedem Wetter.<\/li>\n<li><b>Kenda K1153-Reifen<\/b> f\u00fcr hervorragende Traktion und Kontrolle.<\/li>\n<li><b>Leichtmetallnaben mit Doppellagern<\/b> f\u00fcr reibungsloses Rollen und lang anhaltende Leistung.<\/li>\n<\/ul>\n<h3>Spezifikationen<\/h3>\n<table border=\"1\" cellspacing=\"0\" cellpadding=\"6\">\n<tbody>\n<tr>\n<th>Merkmal<\/th>\n<th>Einzelheiten<\/th>\n<\/tr>\n<tr>\n<td>Rahmen<\/td>\n<td>AL, 6061# Legierung<\/td>\n<\/tr>\n<tr>\n<td>Gabel<\/td>\n<td>Federgabel mit MLO<\/td>\n<\/tr>\n<tr>\n<td>Schaltwerk<\/td>\n<td>Shimano 24SP FD-TZ500 \/ RD-TY300<\/td>\n<\/tr>\n<tr>\n<td>Schieber<\/td>\n<td>Shimano 24SP STEF500 \/ STEF500<\/td>\n<\/tr>\n<tr>\n<td>Freilauf<\/td>\n<td>Shimano 8SP ACSHG2008232, Ritzelkassette<\/td>\n<\/tr>\n<tr>\n<td>Bremse<\/td>\n<td>Mechanische Scheibenbremse<\/td>\n<\/tr>\n<tr>\n<td>Bereifung<\/td>\n<td>Kenda K1153<\/td>\n<\/tr>\n<tr>\n<td>Kettenrad<\/td>\n<td>Prowheel 24\/34\/42T*170L, Alu-Kurbel mit Kettenschutz<\/td>\n<\/tr>\n<tr>\n<td>Nabe<\/td>\n<td>Legierung, Doppellager mit QR, Kassette<\/td>\n<\/tr>\n<tr>\n<td>Felgen<\/td>\n<td>Legierung Doppel H=30mm mit CNC Seite<\/td>\n<\/tr>\n<\/tbody>\n<\/table>","protected":false},"excerpt":{"rendered":"<p>Fahren Sie mit Vertrauen auf der <b>Galaxy A7 PROMAX<\/b>, ist ein 24-Gang-Mountainbike f\u00fcr Erwachsene mit Shimano-Schaltung, das f\u00fcr sanfte Schaltvorg\u00e4nge, solide Kontrolle und Abenteuer im Gel\u00e4nde entwickelt wurde. Mit seinem leichten Aluminiumrahmen, der Federgabel und den zuverl\u00e4ssigen mechanischen Scheibenbremsen ist es die perfekte Mischung aus Leistung, Komfort und Haltbarkeit.<\/p>","protected":false},"featured_media":2373,"comment_status":"open","ping_status":"closed","template":"","meta":[],"product_brand":[34],"product_cat":[15],"product_tag":[],"class_list":{"0":"post-2372","1":"product","2":"type-product","3":"status-publish","4":"has-post-thumbnail","6":"product_brand-galaxy","7":"product_cat-galaxybicycle","9":"first","10":"instock","11":"shipping-taxable","12":"product-type-simple"},"_links":{"self":[{"href":"https:\/\/galaxybicycle.com\/de\/wp-json\/wp\/v2\/product\/2372","targetHints":{"allow":["GET"]}}],"collection":[{"href":"https:\/\/galaxybicycle.com\/de\/wp-json\/wp\/v2\/product"}],"about":[{"href":"https:\/\/galaxybicycle.com\/de\/wp-json\/wp\/v2\/types\/product"}],"replies":[{"embeddable":true,"href":"https:\/\/galaxybicycle.com\/de\/wp-json\/wp\/v2\/comments?post=2372"}],"wp:featuredmedia":[{"embeddable":true,"href":"https:\/\/galaxybicycle.com\/de\/wp-json\/wp\/v2\/media\/2373"}],"wp:attachment":[{"href":"https:\/\/galaxybicycle.com\/de\/wp-json\/wp\/v2\/media?parent=2372"}],"wp:term":[{"taxonomy":"product_brand","embeddable":true,"href":"https:\/\/galaxybicycle.com\/de\/wp-json\/wp\/v2\/product_brand?post=2372"},{"taxonomy":"product_cat","embeddable":true,"href":"https:\/\/galaxybicycle.com\/de\/wp-json\/wp\/v2\/product_cat?post=2372"},{"taxonomy":"product_tag","embeddable":true,"href":"https:\/\/galaxybicycle.com\/de\/wp-json\/wp\/v2\/product_tag?post=2372"}],"curies":[{"name":"wp","href":"https:\/\/api.w.org\/{rel}","templated":true}]}}