{"id":2366,"date":"2025-08-17T04:21:26","date_gmt":"2025-08-17T04:21:26","guid":{"rendered":"https:\/\/go.galaxybicycle.com\/?post_type=product&#038;p=2366"},"modified":"2025-11-20T03:01:22","modified_gmt":"2025-11-20T03:01:22","slug":"rl380r","status":"publish","type":"product","link":"https:\/\/galaxybicycle.com\/de\/product\/rl380r\/","title":{"rendered":"Galaxy RL380R Adult Bicycle | 21-Gang Shimano Rennrad mit Alurahmen"},"content":{"rendered":"<p><strong>Galaxy RL380R Erwachsenenfahrrad<\/strong> wurde entwickelt, um Ihnen Vertrauen, Geschwindigkeit und Komfort auf der Stra\u00dfe zu bieten. Mit seinem robusten AL6061-Aluminiumrahmen und der Pr\u00e4zisionsstahlgabel bietet dieses Rennrad die perfekte Balance zwischen St\u00e4rke und leichtem Handling.<\/p>\n<p>Ausgestattet mit einem <strong>Shimano 21-Gang Tourney-Antriebssystem<\/strong>, Das RL380R macht das Erklimmen von H\u00fcgeln, das Fahren in der Ebene und das Beherrschen von Abfahrten leicht und effizient. Die <strong>Felgenbremsen mit Sattel<\/strong> bieten zuverl\u00e4ssige Bremskraft, w\u00e4hrend die <strong>Kenda K176 700x28C-Reifen<\/strong> bieten hervorragende Traktion und Rollwiderstand f\u00fcr Pendler und Wochenendausfl\u00fcge.<\/p>\n<p>Die Fahrer werden auch die <strong>doppelt gelagerte Leichtmetallnaben mit Schnellspanner<\/strong> und <strong>doppelwandige CNC-Felgen<\/strong>, Das Galaxy RL380R garantiert Langlebigkeit und Stabilit\u00e4t auf jeder Fahrt. Ob Sie zur Arbeit pendeln, trainieren oder einfach nur eine gem\u00fctliche Fahrt genie\u00dfen, das Galaxy RL380R ist Ihr zuverl\u00e4ssiger Fahrradpartner.<\/p>\n<h3>Warum sollten Sie sich f\u00fcr das Galaxy RL380R entscheiden?<\/h3>\n<ul>\n<li><strong>Leicht und doch stark<\/strong> AL6061-Aluminiumrahmen f\u00fcr leichtere Handhabung.<\/li>\n<li><strong>Shimano 21-Gang-System<\/strong> f\u00fcr vielseitiges Fahren in unterschiedlichem Terrain.<\/li>\n<li><strong>Bequem und effizient<\/strong> Kenda-Reifen 700x28C f\u00fcr reibungsloses Fahren auf der Stra\u00dfe.<\/li>\n<li><strong>Zuverl\u00e4ssiges Bremsen<\/strong> mit Bremssattel-Felgenbremsanlage.<\/li>\n<li><strong>Langlebige doppelwandige Leichtmetallfelgen<\/strong> mit CNC-Seiten f\u00fcr St\u00e4rke und Leistung.<\/li>\n<\/ul>\n<h3>Spezifikationen<\/h3>\n<table border=\"1\" cellspacing=\"0\" cellpadding=\"8\">\n<tbody>\n<tr>\n<th>Merkmal<\/th>\n<th>Einzelheiten<\/th>\n<\/tr>\n<tr>\n<td>Rahmen<\/td>\n<td>AL6061 Aluminium<\/td>\n<\/tr>\n<tr>\n<td>Gabel<\/td>\n<td>Stahlgabel<\/td>\n<\/tr>\n<tr>\n<td>Schaltwerk<\/td>\n<td>Shimano 21SP FD-Turnier \/ RD-Turnier<\/td>\n<\/tr>\n<tr>\n<td>Schieber<\/td>\n<td>Shimano 21SP A050<\/td>\n<\/tr>\n<tr>\n<td>Freilauf<\/td>\n<td>7-Gang 14-28Z<\/td>\n<\/tr>\n<tr>\n<td>Bremse<\/td>\n<td>Bremssattel Felgenbremse<\/td>\n<\/tr>\n<tr>\n<td>Bereifung<\/td>\n<td>Kenda K176 700x28C<\/td>\n<\/tr>\n<tr>\n<td>Kettenrad<\/td>\n<td>Prowheel 24\/34\/42T*170L, Alu-Kurbel mit Kettenschutz<\/td>\n<\/tr>\n<tr>\n<td>Nabe<\/td>\n<td>Legierung, Doppellager mit Schnellspanner<\/td>\n<\/tr>\n<tr>\n<td>Felgen<\/td>\n<td>Legierung Doppelwandig H=30mm mit CNC Seite<\/td>\n<\/tr>\n<\/tbody>\n<\/table>","protected":false},"excerpt":{"rendered":"<p>Das Galaxy RL380R ist ein elegantes und zuverl\u00e4ssiges Rennrad f\u00fcr Erwachsene, das f\u00fcr ruhige Fahrten und den t\u00e4glichen Gebrauch gebaut wurde. Ausgestattet mit einem leichten 6061-Aluminiumrahmen, einer Shimano 21-Gang-Schaltung und eleganten doppelwandigen Leichtmetallfelgen bietet dieses Fahrrad sowohl Leistung als auch Komfort f\u00fcr Anf\u00e4nger und Gelegenheitsfahrer.<\/p>","protected":false},"featured_media":2367,"comment_status":"open","ping_status":"closed","template":"","meta":[],"product_brand":[34],"product_cat":[15],"product_tag":[],"class_list":{"0":"post-2366","1":"product","2":"type-product","3":"status-publish","4":"has-post-thumbnail","6":"product_brand-galaxy","7":"product_cat-galaxybicycle","9":"first","10":"instock","11":"shipping-taxable","12":"product-type-simple"},"_links":{"self":[{"href":"https:\/\/galaxybicycle.com\/de\/wp-json\/wp\/v2\/product\/2366","targetHints":{"allow":["GET"]}}],"collection":[{"href":"https:\/\/galaxybicycle.com\/de\/wp-json\/wp\/v2\/product"}],"about":[{"href":"https:\/\/galaxybicycle.com\/de\/wp-json\/wp\/v2\/types\/product"}],"replies":[{"embeddable":true,"href":"https:\/\/galaxybicycle.com\/de\/wp-json\/wp\/v2\/comments?post=2366"}],"wp:featuredmedia":[{"embeddable":true,"href":"https:\/\/galaxybicycle.com\/de\/wp-json\/wp\/v2\/media\/2367"}],"wp:attachment":[{"href":"https:\/\/galaxybicycle.com\/de\/wp-json\/wp\/v2\/media?parent=2366"}],"wp:term":[{"taxonomy":"product_brand","embeddable":true,"href":"https:\/\/galaxybicycle.com\/de\/wp-json\/wp\/v2\/product_brand?post=2366"},{"taxonomy":"product_cat","embeddable":true,"href":"https:\/\/galaxybicycle.com\/de\/wp-json\/wp\/v2\/product_cat?post=2366"},{"taxonomy":"product_tag","embeddable":true,"href":"https:\/\/galaxybicycle.com\/de\/wp-json\/wp\/v2\/product_tag?post=2366"}],"curies":[{"name":"wp","href":"https:\/\/api.w.org\/{rel}","templated":true}]}}