{"id":2377,"date":"2025-08-17T04:25:41","date_gmt":"2025-08-17T04:25:41","guid":{"rendered":"https:\/\/go.galaxybicycle.com\/?post_type=product&#038;p=2377"},"modified":"2025-11-12T03:14:19","modified_gmt":"2025-11-12T03:14:19","slug":"tr200","status":"publish","type":"product","link":"https:\/\/galaxybicycle.com\/ar\/product\/tr200\/","title":{"rendered":"Velopro TR200 TR200 \u062f\u0631\u0627\u062c\u0629 \u0634\u062d\u0646 \u062b\u0644\u0627\u062b\u064a\u0629 \u0627\u0644\u0639\u062c\u0644\u0627\u062a | \u062f\u0631\u0627\u062c\u0629 \u0634\u062d\u0646 \u0643\u0647\u0631\u0628\u0627\u0626\u064a\u0629 \u0625\u0644\u0643\u062a\u0631\u0648\u0646\u064a\u0629 \u0645\u062a\u0639\u062f\u062f\u0629 \u0627\u0644\u0648\u0638\u0627\u0626\u0641 \u0628\u0645\u062d\u0631\u0643 500 \u0648\u0627\u0637 \u0648\u0628\u0637\u0627\u0631\u064a\u0629 48 \u0641\u0648\u0644\u062a"},"content":{"rendered":"<p><strong>Velopro TR200 \u062f\u0631\u0627\u062c\u0629 \u062b\u0644\u0627\u062b\u064a\u0629 \u0627\u0644\u0639\u062c\u0644\u0627\u062a \u0645\u062a\u0639\u062f\u062f\u0629 \u0627\u0644\u0623\u0648\u062c\u0647 \u0644\u0644\u0634\u062d\u0646<\/strong> \u0645\u0635\u0645\u0645\u0629 \u0644\u062a\u0631\u062a\u0642\u064a \u0628\u062a\u062c\u0631\u0628\u0629 \u0631\u0643\u0648\u0628\u0643 \u0625\u0644\u0649 \u0627\u0644\u0645\u0633\u062a\u0648\u0649 \u0627\u0644\u062a\u0627\u0644\u064a. \u0633\u0648\u0627\u0621\u064b \u0643\u0646\u062a \u062a\u0646\u0642\u0644 \u0627\u0644\u0628\u0642\u0627\u0644\u0629 \u0623\u0648 \u0627\u0644\u0623\u0637\u0641\u0627\u0644 \u0623\u0648 \u0627\u0644\u062d\u064a\u0648\u0627\u0646\u0627\u062a \u0627\u0644\u0623\u0644\u064a\u0641\u0629 \u0623\u0648 \u0627\u0644\u0645\u0639\u062f\u0627\u062a\u060c \u0641\u0625\u0646 \u062f\u0631\u0627\u062c\u0629 \u0627\u0644\u0634\u062d\u0646 \u0627\u0644\u0643\u0647\u0631\u0628\u0627\u0626\u064a\u0629 \u062b\u0644\u0627\u062b\u064a\u0629 \u0627\u0644\u0639\u062c\u0644\u0627\u062a \u0647\u0630\u0647 \u062a\u0648\u0641\u0631 \u0644\u0643 \u062b\u0628\u0627\u062a\u0627\u064b \u0648\u0642\u0648\u0629 \u0644\u0627 \u0645\u062b\u064a\u0644 \u0644\u0647\u0645\u0627. \u0628\u0641\u0636\u0644 \u0645\u062a\u0627\u0646\u062a\u0647\u0627 <strong>\u0625\u0637\u0627\u0631 \u0645\u0646 \u0627\u0644\u0633\u0628\u0627\u0626\u0643 \u0645\u0642\u0627\u0633 20 \u0628\u0648\u0635\u0629<\/strong>\u0645\u062a\u062c\u0627\u0648\u0628 <strong>\u0645\u0643\u0627\u0628\u062d \u0642\u0631\u0635\u064a\u0629 \u0647\u064a\u062f\u0631\u0648\u0644\u064a\u0643\u064a\u0629<\/strong>\u0648\u0642\u0648\u064a\u0629 <strong>\u0645\u062d\u0631\u0643 \u062e\u0644\u0641\u064a 48 \u0641\u0648\u0644\u062a 500 \u0648\u0627\u0637 500 \u0648\u0627\u0637<\/strong>\u0633\u062a\u0633\u062a\u0645\u062a\u0639 \u0628\u0642\u064a\u0627\u062f\u0629 \u0633\u0644\u0633\u0629 \u0641\u064a \u0634\u0648\u0627\u0631\u0639 \u0627\u0644\u0645\u062f\u064a\u0646\u0629 \u0648\u0645\u0633\u0627\u0631\u0627\u062a \u0627\u0644\u062f\u0631\u0627\u062c\u0627\u062a \u0627\u0644\u0647\u0648\u0627\u0626\u064a\u0629 \u0648\u063a\u064a\u0631\u0647\u0627.<\/p>\n<p>\u0645\u0632\u0648\u062f\u0629 \u0628\u062c\u0647\u0627\u0632 \u064a\u062f\u0648\u0645 \u0637\u0648\u064a\u0644\u0627\u064b <strong>\u0628\u0637\u0627\u0631\u064a\u0629 48 \u0641\u0648\u0644\u062a 13 \u0623\u0645\u0628\u064a\u0631<\/strong>\u060c \u062a\u0645\u0646\u062d\u0643 TR200 \u062d\u0631\u064a\u0629 \u0627\u0644\u0642\u064a\u0627\u062f\u0629 \u0644\u0645\u0633\u0627\u0641\u0627\u062a \u0623\u0637\u0648\u0644 \u062f\u0648\u0646 \u0642\u0644\u0642. \u0625\u0646\u0647\u0627 <strong>\u0634\u0627\u0634\u0629 \u0645\u0644\u0648\u0646\u0629<\/strong> \u062a\u064f\u0628\u0642\u064a\u0643 \u0639\u0644\u0649 \u0627\u0637\u0644\u0627\u0639 \u0639\u0644\u0649 \u0633\u0631\u0639\u062a\u0643 \u0648\u0639\u0645\u0631 \u0627\u0644\u0628\u0637\u0627\u0631\u064a\u0629 \u0648\u0625\u062d\u0635\u0627\u0626\u064a\u0627\u062a \u0627\u0644\u0631\u0643\u0648\u0628\u060c \u0628\u064a\u0646\u0645\u0627 <strong>\u0634\u0648\u0643\u0629 \u062a\u0639\u0644\u064a\u0642 \u0645\u0642\u0627\u0633 20 \u0628\u0648\u0635\u0629<\/strong> \u062a\u0645\u062a\u0635 \u0627\u0644\u0635\u062f\u0645\u0627\u062a \u0644\u0645\u0632\u064a\u062f \u0645\u0646 \u0627\u0644\u0631\u0627\u062d\u0629. \u0627\u0644\u0639\u0631\u064a\u0636 <strong>\u0625\u0637\u0627\u0631\u0627\u062a \u062a\u0634\u0627\u0648\u064a\u0627\u0646\u063a 20 \u0628\u0648\u0635\u0629 \u00d7 2.6 \u0628\u0648\u0635\u0629<\/strong> \u0636\u0645\u0627\u0646 \u0627\u0644\u062b\u0628\u0627\u062a \u0648\u0627\u0644\u0633\u062d\u0628\u060c \u062d\u062a\u0649 \u0639\u0646\u062f \u062d\u0645\u0644 \u0623\u062d\u0645\u0627\u0644 \u062b\u0642\u064a\u0644\u0629.<\/p>\n<p>\u0628\u062f\u0621\u064b\u0627 \u0645\u0646 \u0627\u0644\u062a\u0646\u0642\u0644 \u0627\u0644\u064a\u0648\u0645\u064a \u0648\u062d\u062a\u0649 \u0627\u0644\u0645\u063a\u0627\u0645\u0631\u0627\u062a \u0627\u0644\u0639\u0627\u0626\u0644\u064a\u0629 \u0641\u064a \u0639\u0637\u0644\u0629 \u0646\u0647\u0627\u064a\u0629 \u0627\u0644\u0623\u0633\u0628\u0648\u0639\u060c \u062a\u0648\u0641\u0631 \u0644\u0643 Velopro TR200 <strong>\u0625\u0645\u0643\u0627\u0646\u064a\u0627\u062a \u0644\u0627 \u062d\u0635\u0631 \u0644\u0647\u0627<\/strong>. \u0625\u0646\u0647\u0627 \u0644\u064a\u0633\u062a \u0645\u062c\u0631\u062f \u062f\u0631\u0627\u062c\u0629 \u0634\u062d\u0646 \u062b\u0644\u0627\u062b\u064a\u0629 \u0627\u0644\u0639\u062c\u0644\u0627\u062a - \u0625\u0646\u0647\u0627 \u062a\u0631\u0642\u064a\u0629 \u0644\u0646\u0645\u0637 \u0627\u0644\u062d\u064a\u0627\u0629 \u0644\u0623\u064a \u0634\u062e\u0635 \u064a\u0642\u062f\u0651\u0631 \u0627\u0644\u0642\u0648\u0629\u060c \u0648\u0627\u0644\u0631\u0627\u062d\u0629\u060c \u0648\u062a\u0639\u062f\u062f \u0627\u0644\u0627\u0633\u062a\u062e\u062f\u0627\u0645\u0627\u062a \u0641\u064a \u0631\u062d\u0644\u0629 \u0648\u0627\u062d\u062f\u0629.<\/p>\n<h3>\u0644\u0645\u0627\u0630\u0627 \u062a\u062e\u062a\u0627\u0631 Velopro TR200\u061f<\/h3>\n<ul>\n<li><strong>\u0645\u062d\u0631\u0643 \u062e\u0644\u0641\u064a \u0642\u0648\u064a \u0628\u0642\u0648\u0629 500 \u0648\u0627\u0637:<\/strong> \u062a\u0633\u0627\u0631\u0639 \u0633\u0644\u0633 \u0648\u0623\u062f\u0627\u0621 \u062b\u0627\u0628\u062a \u0639\u0644\u0649 \u062c\u0645\u064a\u0639 \u0627\u0644\u062a\u0636\u0627\u0631\u064a\u0633.<\/li>\n<li><strong>\u0625\u0637\u0627\u0631 \u0645\u0646 \u0627\u0644\u0633\u0628\u0627\u0626\u0643 \u0627\u0644\u0645\u062a\u064a\u0646\u0629:<\/strong> \u0645\u0635\u0645\u0645\u0629 \u0628\u0642\u0648\u0629 \u0644\u062d\u0645\u0644 \u0627\u0644\u0623\u062d\u0645\u0627\u0644 \u0628\u0643\u0644 \u0633\u0647\u0648\u0644\u0629.<\/li>\n<li><strong>\u0645\u0643\u0627\u0628\u062d \u0642\u0631\u0635\u064a\u0629 \u0647\u064a\u062f\u0631\u0648\u0644\u064a\u0643\u064a\u0629:<\/strong> \u0642\u0648\u0629 \u062a\u0648\u0642\u0641 \u0641\u0627\u0626\u0642\u0629 \u0644\u0644\u0633\u0644\u0627\u0645\u0629 \u0648\u0627\u0644\u062a\u062d\u0643\u0645.<\/li>\n<li><strong>\u0628\u0637\u0627\u0631\u064a\u0629 \u0637\u0648\u064a\u0644\u0629 \u0627\u0644\u0645\u062f\u0649:<\/strong> \u0628\u0637\u0627\u0631\u064a\u0629 48 \u0641\u0648\u0644\u062a 13 \u0623\u0645\u0628\u064a\u0631 \u0644\u0631\u062d\u0644\u0627\u062a \u0637\u0648\u064a\u0644\u0629 \u0648\u0623\u062f\u0627\u0621 \u0645\u0648\u062b\u0648\u0642 \u0628\u0647.<\/li>\n<li><strong>\u0642\u064a\u0627\u062f\u0629 \u0645\u0631\u064a\u062d\u0629:<\/strong> \u062a\u0636\u0645\u0646 \u0644\u0643 \u0634\u0648\u0643\u0629 \u0627\u0644\u062a\u0639\u0644\u064a\u0642 \u0648\u0627\u0644\u0625\u0637\u0627\u0631\u0627\u062a \u0627\u0644\u0639\u0631\u064a\u0636\u0629 \u0631\u062d\u0644\u0629 \u0633\u0644\u0633\u0629.<\/li>\n<li><strong>\u0627\u0633\u062a\u062e\u062f\u0627\u0645 \u0645\u062a\u0639\u062f\u062f \u0627\u0644\u0648\u0638\u0627\u0626\u0641:<\/strong> \u0645\u062b\u0627\u0644\u064a\u0629 \u0644\u0644\u0631\u062d\u0644\u0627\u062a \u0627\u0644\u0639\u0627\u0626\u0644\u064a\u0629 \u0623\u0648 \u062a\u0648\u0635\u064a\u0644 \u0627\u0644\u0637\u0644\u0628\u0627\u062a \u0623\u0648 \u0627\u0644\u062a\u0646\u0642\u0644 \u0641\u064a \u0627\u0644\u0645\u062f\u0646.<\/li>\n<\/ul>\n<h3>\u0627\u0644\u0645\u0648\u0627\u0635\u0641\u0627\u062a<\/h3>\n<table border=\"1\" cellspacing=\"0\" cellpadding=\"8\">\n<tbody>\n<tr>\n<th>\u0627\u0644\u0645\u064a\u0632\u0629<\/th>\n<th>\u0627\u0644\u062a\u0641\u0627\u0635\u064a\u0644<\/th>\n<\/tr>\n<tr>\n<td>\u0627\u0644\u0625\u0637\u0627\u0631<\/td>\n<td>\u0633\u0628\u064a\u0643\u0629 20\u2033\u060c 6061#\u060c 6061#<\/td>\n<\/tr>\n<tr>\n<td>\u0634\u0648\u0643\u0629<\/td>\n<td>\u0634\u0648\u0643\u0629 \u062a\u0639\u0644\u064a\u0642 20 \u0628\u0648\u0635\u0629<\/td>\n<\/tr>\n<tr>\n<td>\u062f\u064a\u0631\u0627\u064a\u0644\u0631<\/td>\n<td>\u0633\u0631\u0639\u0629 \u0648\u0627\u062d\u062f\u0629<\/td>\n<\/tr>\n<tr>\n<td>\u0627\u0644\u0645\u0643\u0627\u0628\u062d<\/td>\n<td>\u0641\u0631\u0627\u0645\u0644 \u0642\u0631\u0635\u064a\u0629 \u0647\u064a\u062f\u0631\u0648\u0644\u064a\u0643\u064a\u0629<\/td>\n<\/tr>\n<tr>\n<td>\u0627\u0644\u0625\u0637\u0627\u0631\u0627\u062a<\/td>\n<td>\u062a\u0634\u0627\u0648\u064a\u0627\u0646\u063a 20 \u00d7 2.6 \u0628\u0648\u0635\u0629 \u00d7 2.6 \u0628\u0648\u0635\u0629<\/td>\n<\/tr>\n<tr>\n<td>\u0627\u0644\u0639\u0631\u0636<\/td>\n<td>\u0634\u0627\u0634\u0629 \u0645\u0644\u0648\u0646\u0629<\/td>\n<\/tr>\n<tr>\n<td>\u0627\u0644\u0645\u062d\u0631\u0643<\/td>\n<td>\u0645\u062d\u0631\u0643 \u062e\u0644\u0641\u064a 48 \u0641\u0648\u0644\u062a \u00d7 500 \u0648\u0627\u0637<\/td>\n<\/tr>\n<tr>\n<td>\u0627\u0644\u0628\u0637\u0627\u0631\u064a\u0629<\/td>\n<td>48 \u0641\u0648\u0644\u062a \u00d7 13 \u0623\u0645\u0628\u064a\u0631\/\u0633\u0627\u0639\u0629<\/td>\n<\/tr>\n<tr>\n<td>\u062d\u062c\u0645 \u0627\u0644\u0635\u0646\u062f\u0648\u0642<\/td>\n<td>110 \u00d7 80 \u00d7 80 \u00d7 80 \u0633\u0645<\/td>\n<\/tr>\n<tr>\n<td>\u0627\u0644\u0648\u0632\u0646 \u0627\u0644\u0635\u0627\u0641\u064a<\/td>\n<td>47 \u0643\u062c\u0645<\/td>\n<\/tr>\n<tr>\n<td>\u0627\u0644\u0648\u0632\u0646 \u0627\u0644\u0625\u062c\u0645\u0627\u0644\u064a<\/td>\n<td>55 \u0643\u062c\u0645<\/td>\n<\/tr>\n<tr>\n<td>\u0633\u0639\u0629 \u0627\u0644\u062d\u0627\u0648\u064a\u0629<\/td>\n<td>40HQ - 102 \u0645\u062c\u0645\u0648\u0639\u0629 - 102 \u0645\u062c\u0645\u0648\u0639\u0629<\/td>\n<\/tr>\n<\/tbody>\n<\/table>","protected":false},"excerpt":{"rendered":"<p>\u0627\u0643\u062a\u0634\u0641 \u0627\u0644\u062f\u0631\u0627\u062c\u0629 \u062b\u0644\u0627\u062b\u064a\u0629 \u0627\u0644\u0639\u062c\u0644\u0627\u062a Velopro TR200 \u0644\u0644\u0634\u062d\u0646\u060c \u0648\u0647\u064a \u0648\u0633\u064a\u0644\u0629 \u0645\u062a\u0639\u062f\u062f\u0629 \u0627\u0644\u0627\u0633\u062a\u062e\u062f\u0627\u0645\u0627\u062a \u0648\u0642\u0648\u064a\u0629 \u0648\u0645\u0645\u062a\u0639\u0629 \u0644\u062d\u0645\u0644 \u0627\u0644\u0645\u0632\u064a\u062f \u0648\u0627\u0644\u0633\u0641\u0631 \u0644\u0645\u0633\u0627\u0641\u0627\u062a \u0623\u0628\u0639\u062f \u0648\u0627\u0644\u0627\u0633\u062a\u0645\u062a\u0627\u0639 \u0628\u0625\u0645\u0643\u0627\u0646\u064a\u0627\u062a \u0631\u0643\u0648\u0628 \u0644\u0627 \u062d\u0635\u0631 \u0644\u0647\u0627. \u0635\u064f\u0645\u0645\u062a \u0644\u062a\u062d\u0642\u064a\u0642 \u0627\u0644\u062b\u0628\u0627\u062a \u0648\u0627\u0644\u0642\u0648\u0629 \u0648\u0627\u0644\u0631\u0627\u062d\u0629 \u0627\u0644\u064a\u0648\u0645\u064a\u0629.<\/p>","protected":false},"featured_media":4108,"comment_status":"open","ping_status":"closed","template":"","meta":[],"product_brand":[35],"product_cat":[29,38],"product_tag":[],"class_list":{"0":"post-2377","1":"product","2":"type-product","3":"status-publish","4":"has-post-thumbnail","6":"product_brand-velopro","7":"product_cat-electric-tribike","8":"product_cat-velopro-electric-bikes","10":"first","11":"instock","12":"shipping-taxable","13":"purchasable","14":"product-type-simple"},"_links":{"self":[{"href":"https:\/\/galaxybicycle.com\/ar\/wp-json\/wp\/v2\/product\/2377","targetHints":{"allow":["GET"]}}],"collection":[{"href":"https:\/\/galaxybicycle.com\/ar\/wp-json\/wp\/v2\/product"}],"about":[{"href":"https:\/\/galaxybicycle.com\/ar\/wp-json\/wp\/v2\/types\/product"}],"replies":[{"embeddable":true,"href":"https:\/\/galaxybicycle.com\/ar\/wp-json\/wp\/v2\/comments?post=2377"}],"wp:featuredmedia":[{"embeddable":true,"href":"https:\/\/galaxybicycle.com\/ar\/wp-json\/wp\/v2\/media\/4108"}],"wp:attachment":[{"href":"https:\/\/galaxybicycle.com\/ar\/wp-json\/wp\/v2\/media?parent=2377"}],"wp:term":[{"taxonomy":"product_brand","embeddable":true,"href":"https:\/\/galaxybicycle.com\/ar\/wp-json\/wp\/v2\/product_brand?post=2377"},{"taxonomy":"product_cat","embeddable":true,"href":"https:\/\/galaxybicycle.com\/ar\/wp-json\/wp\/v2\/product_cat?post=2377"},{"taxonomy":"product_tag","embeddable":true,"href":"https:\/\/galaxybicycle.com\/ar\/wp-json\/wp\/v2\/product_tag?post=2377"}],"curies":[{"name":"\u062f\u0628\u0644\u064a\u0648 \u0628\u064a","href":"https:\/\/api.w.org\/{rel}","templated":true}]}}